{"id":231388,"date":"2025-03-22T13:30:57","date_gmt":"2025-03-22T13:30:57","guid":{"rendered":"https:\/\/aromasentia.com\/product\/set-of-3-handmade-brass-singing-bowls\/"},"modified":"2025-06-23T18:50:32","modified_gmt":"2025-06-23T18:50:32","slug":"bol-chantant-en-laiton-fait-mains-set-de-3","status":"publish","type":"product","link":"https:\/\/aromasentia.com\/fr\/bol-chantant-en-laiton-fait-mains-set-de-3\/","title":{"rendered":"Bol Chantant en Laiton Fait Mains &#8211; Set de 3"},"content":{"rendered":"<p>Dans la pratique bouddhiste, les <strong><span style=\"color: rgb(75, 80, 88);\">Bols Chantants<\/span><\/strong> sont utilis\u00e9s comme support pour la m\u00e9ditation, l&rsquo;induction de transe et la pri\u00e8re.&nbsp;<\/p>\n<p>Faites entrer vos clients dans ce monde enchanteur&#8230; montrez leur comment fabriquer le dong divin (voir la vid\u00e9o ci-dessous) et ils seront captiv\u00e9s. Les bols chantants sont un type de cloche qui vibre et produit un son riche et profond lorsqu&rsquo;il est jou\u00e9.&nbsp;<\/p>\n<p>Plut\u00f4t que d&rsquo;\u00eatre suspendus \u00e0 l&rsquo;envers ou attach\u00e9s \u00e0 une poign\u00e9e, ils reposent avec la surface inf\u00e9rieure au repos. Les bols chantants tib\u00e9tains sont un cadeau id\u00e9al qui rendra quelqu&rsquo;un plus qu&rsquo;heureux, apportant un peu de calme int\u00e9rieur suppl\u00e9mentaire.&nbsp;<\/p>\n<p>On dit qu&rsquo;ils ont des propri\u00e9t\u00e9s cicatrisantes et favorisent la relaxation. Fabriqu\u00e9 par des moines tib\u00e9tains en exil en Inde.&nbsp;<\/p>\n<p><strong><span style=\"color: rgb(75, 80, 88);\">Tailles : 12&#215;5 cm (Grand), 10&#215;6 cm (Moyen), 9&#215;5 cm (Petit)&nbsp;<\/span><\/strong><\/p>\n<p><strong><span style=\"color: rgb(75, 80, 88);\">NB : En raison de la nature des produits, les tailles peuvent l\u00e9g\u00e8rement varier. <\/span><\/strong><\/p>\n<p><strong><span style=\"color: rgb(141, 186, 216);\">R\u00e9alisez des ventes enchanteresses avec cette ligne tr\u00e8s populaire.<\/span><\/strong><\/p>\n","protected":false},"excerpt":{"rendered":"<p>Dans la pratique bouddhiste, les Bols Chantants sont utilis\u00e9s comme support pour la m\u00e9ditation, l&rsquo;induction de transe et la pri\u00e8re.&nbsp; Faites entrer vos clients dans ce monde enchanteur&#8230; montrez leur comment fabriquer le dong divin (voir la vid\u00e9o ci-dessous) et ils seront captiv\u00e9s. Les bols chantants sont un type de cloche qui vibre et produit [&hellip;]<\/p>\n","protected":false},"featured_media":348585,"comment_status":"closed","ping_status":"open","template":"","meta":{"_angie_page":false},"product_brand":[],"product_cat":[18868,14446],"product_tag":[],"class_list":{"0":"post-231388","1":"product","2":"type-product","3":"status-publish","4":"has-post-thumbnail","6":"product_cat-bols-chantants-et-cloches","7":"product_cat-maison-et-jardin","8":"pa_collection-tibetan-singing-bowls-fr","9":"pa_made-in-inde","11":"first","12":"instock","13":"purchasable","14":"product-type-simple"},"supplier_id":null,"supplier_sku":"Tib-54","barcode":null,"atum_controlled":true,"out_stock_date":null,"out_stock_threshold":null,"inheritable":false,"inbound_stock":null,"stock_on_hold":0,"sold_today":0,"sales_last_days":0,"reserved_stock":null,"customer_returns":null,"warehouse_damage":null,"lost_in_post":null,"other_logs":null,"out_stock_days":0,"lost_sales":0,"has_location":null,"update_date":"2026-04-27T07:24:35","atum_locations":[],"atum_stock_status":"instock","restock_status":false,"low_stock_amount":"","sales_update_date":"2025-09-05T00:26:39","calc_backorders":null,"_links":{"self":[{"href":"https:\/\/aromasentia.com\/fr\/wp-json\/wp\/v2\/product\/231388","targetHints":{"allow":["GET"]}}],"collection":[{"href":"https:\/\/aromasentia.com\/fr\/wp-json\/wp\/v2\/product"}],"about":[{"href":"https:\/\/aromasentia.com\/fr\/wp-json\/wp\/v2\/types\/product"}],"replies":[{"embeddable":true,"href":"https:\/\/aromasentia.com\/fr\/wp-json\/wp\/v2\/comments?post=231388"}],"version-history":[{"count":0,"href":"https:\/\/aromasentia.com\/fr\/wp-json\/wp\/v2\/product\/231388\/revisions"}],"wp:featuredmedia":[{"embeddable":true,"href":"https:\/\/aromasentia.com\/fr\/wp-json\/wp\/v2\/media\/348585"}],"wp:attachment":[{"href":"https:\/\/aromasentia.com\/fr\/wp-json\/wp\/v2\/media?parent=231388"}],"wp:term":[{"taxonomy":"product_brand","embeddable":true,"href":"https:\/\/aromasentia.com\/fr\/wp-json\/wp\/v2\/product_brand?post=231388"},{"taxonomy":"product_cat","embeddable":true,"href":"https:\/\/aromasentia.com\/fr\/wp-json\/wp\/v2\/product_cat?post=231388"},{"taxonomy":"product_tag","embeddable":true,"href":"https:\/\/aromasentia.com\/fr\/wp-json\/wp\/v2\/product_tag?post=231388"}],"curies":[{"name":"wp","href":"https:\/\/api.w.org\/{rel}","templated":true}]}}