{"id":231384,"date":"2025-03-22T13:30:57","date_gmt":"2025-03-22T13:30:57","guid":{"rendered":"https:\/\/aromasentia.com\/product\/brass-singing-bowl-gift-set-9cm\/"},"modified":"2025-06-23T18:50:31","modified_gmt":"2025-06-23T18:50:31","slug":"coffret-cadeau-bol-chantant-laiton-9cm","status":"publish","type":"product","link":"https:\/\/aromasentia.com\/fr\/coffret-cadeau-bol-chantant-laiton-9cm\/","title":{"rendered":"Coffret cadeau bol chantant Laiton &#8211; 9cm"},"content":{"rendered":"<p>Dans la pratique bouddhiste, les <strong><span style=\"color: rgb(75, 80, 88);\">Bols Chantants&nbsp;<\/span><\/strong>sont utilis\u00e9s comme support pour la m\u00e9ditation, l&rsquo;induction de transe et la pri\u00e8re.&nbsp;<\/p>\n<p>Faites entrer vos clients dans ce monde enchanteur&#8230; montrez leur comment fabriquer le dong divin (voir la vid\u00e9o ci-dessous) et ils seront captiv\u00e9s.&nbsp;<\/p>\n<p>Les bols chantants sont un type de cloche qui vibre et produit un son riche et profond lorsqu&rsquo;il est jou\u00e9. Plut\u00f4t que d&rsquo;\u00eatre suspendus \u00e0 l&rsquo;envers ou attach\u00e9s \u00e0 une poign\u00e9e, ils reposent avec la surface inf\u00e9rieure au repos. Les bols chantants tib\u00e9tains et les artefacts sont un cadeau id\u00e9al qui rendra quelqu&rsquo;un plus qu&rsquo;heureux, apportant un peu de calme int\u00e9rieur suppl\u00e9mentaire.&nbsp;<\/p>\n<p>On dit qu&rsquo;ils ont des propri\u00e9t\u00e9s cicatrisantes et favorisent la relaxation. Joli coffret capitonn\u00e9 avec vasque en laiton, coussin et baguette recouverte de su\u00e9dine.&nbsp;<\/p>\n<p>Utilisez l&rsquo;extr\u00e9mit\u00e9 en bois du b\u00e2ton pour faire chanter le bol. L&rsquo;extr\u00e9mit\u00e9 rembourr\u00e9e fait un dong divin. Fabriqu\u00e9 par des moines tib\u00e9tains en exil en Inde.&nbsp;<\/p>\n<p><strong><span style=\"color: rgb(75, 80, 88);\">Dimensions : Bo\u00eete : 13,5 x 13,5 x 6,5 cm, Bol : D : 9 cm, H : 4 cm&nbsp;<\/span><\/strong><\/p>\n<p><span style=\"color: rgb(75, 80, 88);\"><strong>Coussin : 8x8cm&nbsp;<\/strong><\/span><\/p>\n<p><strong><span style=\"color: rgb(75, 80, 88);\">B\u00e2ton : L : 11.5cm <\/span><\/strong><\/p>\n<p><strong><span style=\"color: rgb(141, 186, 216);\">NB : En raison de la nature des produits, les tailles peuvent l\u00e9g\u00e8rement varier. R\u00e9alisez des ventes enchanteresses avec cette ligne tr\u00e8s populaire.<\/span><\/strong><\/p>\n","protected":false},"excerpt":{"rendered":"<p>Dans la pratique bouddhiste, les Bols Chantants&nbsp;sont utilis\u00e9s comme support pour la m\u00e9ditation, l&rsquo;induction de transe et la pri\u00e8re.&nbsp; Faites entrer vos clients dans ce monde enchanteur&#8230; montrez leur comment fabriquer le dong divin (voir la vid\u00e9o ci-dessous) et ils seront captiv\u00e9s.&nbsp; Les bols chantants sont un type de cloche qui vibre et produit un [&hellip;]<\/p>\n","protected":false},"featured_media":348536,"comment_status":"closed","ping_status":"open","template":"","meta":[],"product_brand":[],"product_cat":[18868,14446],"product_tag":[],"class_list":{"0":"post-231384","1":"product","2":"type-product","3":"status-publish","4":"has-post-thumbnail","6":"product_cat-bols-chantants-et-cloches","7":"product_cat-maison-et-jardin","8":"pa_collection-tibetan-singing-bowls-fr","9":"pa_made-in-inde","11":"first","12":"instock","13":"purchasable","14":"product-type-simple"},"supplier_id":null,"supplier_sku":"Tib-53","barcode":null,"atum_controlled":true,"out_stock_date":null,"out_stock_threshold":null,"inheritable":false,"inbound_stock":null,"stock_on_hold":0,"sold_today":0,"sales_last_days":0,"reserved_stock":null,"customer_returns":null,"warehouse_damage":null,"lost_in_post":null,"other_logs":null,"out_stock_days":0,"lost_sales":0,"has_location":null,"update_date":"2026-02-09T10:24:34","atum_locations":[],"atum_stock_status":"instock","restock_status":false,"low_stock_amount":"","sales_update_date":"2025-09-05T00:26:39","calc_backorders":null,"_links":{"self":[{"href":"https:\/\/aromasentia.com\/fr\/wp-json\/wp\/v2\/product\/231384","targetHints":{"allow":["GET"]}}],"collection":[{"href":"https:\/\/aromasentia.com\/fr\/wp-json\/wp\/v2\/product"}],"about":[{"href":"https:\/\/aromasentia.com\/fr\/wp-json\/wp\/v2\/types\/product"}],"replies":[{"embeddable":true,"href":"https:\/\/aromasentia.com\/fr\/wp-json\/wp\/v2\/comments?post=231384"}],"version-history":[{"count":0,"href":"https:\/\/aromasentia.com\/fr\/wp-json\/wp\/v2\/product\/231384\/revisions"}],"wp:featuredmedia":[{"embeddable":true,"href":"https:\/\/aromasentia.com\/fr\/wp-json\/wp\/v2\/media\/348536"}],"wp:attachment":[{"href":"https:\/\/aromasentia.com\/fr\/wp-json\/wp\/v2\/media?parent=231384"}],"wp:term":[{"taxonomy":"product_brand","embeddable":true,"href":"https:\/\/aromasentia.com\/fr\/wp-json\/wp\/v2\/product_brand?post=231384"},{"taxonomy":"product_cat","embeddable":true,"href":"https:\/\/aromasentia.com\/fr\/wp-json\/wp\/v2\/product_cat?post=231384"},{"taxonomy":"product_tag","embeddable":true,"href":"https:\/\/aromasentia.com\/fr\/wp-json\/wp\/v2\/product_tag?post=231384"}],"curies":[{"name":"wp","href":"https:\/\/api.w.org\/{rel}","templated":true}]}}