{"id":231160,"date":"2025-03-22T13:31:05","date_gmt":"2025-03-22T13:31:05","guid":{"rendered":"https:\/\/aromasentia.com\/product\/large-chakra-set-of-seven-singing-bowls-19-5-35cm\/"},"modified":"2025-06-23T18:49:58","modified_gmt":"2025-06-23T18:49:58","slug":"grand-set-de-sept-bols-chantants-chakras-19-5-35cm","status":"publish","type":"product","link":"https:\/\/aromasentia.com\/fr\/grand-set-de-sept-bols-chantants-chakras-19-5-35cm\/","title":{"rendered":"Grand Set de Sept Bols Chantants Chakras (19.5-35cm)"},"content":{"rendered":"<p>Cet ensemble se compose de<strong><span style=\"color: rgb(75, 80, 88);\">&nbsp;Sept Bols Chantants tib\u00e9tains<\/span><\/strong>, dont la taille varie <strong><span style=\"color: rgb(75, 80, 88);\">entre 19,5 et 35 cm.<\/span><\/strong>&nbsp;<\/p>\n<p>Chaque bol est con&ccedil;u de mani\u00e8re complexe pour correspondre \u00e0 l&rsquo;un des sept chakras, avec des couleurs et des symboles vibrants. Ces bols sont fabriqu\u00e9s \u00e0 la main et produisent des sons riches et r\u00e9sonnants lorsqu&rsquo;ils sont jou\u00e9s \u00e0 l&rsquo;aide du maillet fourni.&nbsp;<\/p>\n<p>Les bols chantants tib\u00e9tains sont utilis\u00e9s depuis longtemps pour favoriser la relaxation, la m\u00e9ditation et l&rsquo;alignement des chakras.&nbsp;<\/p>\n<p>Ce set est id\u00e9al pour l&rsquo;\u00e9quilibrage des chakras et la m\u00e9ditation profonde.&nbsp;<\/p>\n<p><strong><span style=\"color: rgb(141, 186, 216);\">Les bols aident \u00e0 aligner les centres \u00e9nerg\u00e9tiques du corps, favorisant le bien-\u00eatre et l&rsquo;harmonie int\u00e9rieure.<\/span><\/strong><\/p>\n","protected":false},"excerpt":{"rendered":"<p>Cet ensemble se compose de&nbsp;Sept Bols Chantants tib\u00e9tains, dont la taille varie entre 19,5 et 35 cm.&nbsp; Chaque bol est con&ccedil;u de mani\u00e8re complexe pour correspondre \u00e0 l&rsquo;un des sept chakras, avec des couleurs et des symboles vibrants. Ces bols sont fabriqu\u00e9s \u00e0 la main et produisent des sons riches et r\u00e9sonnants lorsqu&rsquo;ils sont jou\u00e9s [&hellip;]<\/p>\n","protected":false},"featured_media":350796,"comment_status":"closed","ping_status":"open","template":"","meta":{"_angie_page":false},"product_brand":[],"product_cat":[18868,14446],"product_tag":[],"class_list":{"0":"post-231160","1":"product","2":"type-product","3":"status-publish","4":"has-post-thumbnail","6":"product_cat-bols-chantants-et-cloches","7":"product_cat-maison-et-jardin","8":"pa_collection-tibetan-singing-bowls-fr","9":"pa_made-in-inde","11":"first","12":"instock","13":"purchasable","14":"product-type-simple"},"supplier_id":null,"supplier_sku":"TIB-116","barcode":null,"atum_controlled":true,"out_stock_date":null,"out_stock_threshold":null,"inheritable":false,"inbound_stock":null,"stock_on_hold":0,"sold_today":0,"sales_last_days":0,"reserved_stock":null,"customer_returns":null,"warehouse_damage":null,"lost_in_post":null,"other_logs":null,"out_stock_days":0,"lost_sales":0,"has_location":null,"update_date":"2026-04-27T07:24:47","atum_locations":[],"atum_stock_status":"instock","restock_status":false,"low_stock_amount":"","sales_update_date":"2025-09-05T00:26:51","calc_backorders":null,"_links":{"self":[{"href":"https:\/\/aromasentia.com\/fr\/wp-json\/wp\/v2\/product\/231160","targetHints":{"allow":["GET"]}}],"collection":[{"href":"https:\/\/aromasentia.com\/fr\/wp-json\/wp\/v2\/product"}],"about":[{"href":"https:\/\/aromasentia.com\/fr\/wp-json\/wp\/v2\/types\/product"}],"replies":[{"embeddable":true,"href":"https:\/\/aromasentia.com\/fr\/wp-json\/wp\/v2\/comments?post=231160"}],"version-history":[{"count":0,"href":"https:\/\/aromasentia.com\/fr\/wp-json\/wp\/v2\/product\/231160\/revisions"}],"wp:featuredmedia":[{"embeddable":true,"href":"https:\/\/aromasentia.com\/fr\/wp-json\/wp\/v2\/media\/350796"}],"wp:attachment":[{"href":"https:\/\/aromasentia.com\/fr\/wp-json\/wp\/v2\/media?parent=231160"}],"wp:term":[{"taxonomy":"product_brand","embeddable":true,"href":"https:\/\/aromasentia.com\/fr\/wp-json\/wp\/v2\/product_brand?post=231160"},{"taxonomy":"product_cat","embeddable":true,"href":"https:\/\/aromasentia.com\/fr\/wp-json\/wp\/v2\/product_cat?post=231160"},{"taxonomy":"product_tag","embeddable":true,"href":"https:\/\/aromasentia.com\/fr\/wp-json\/wp\/v2\/product_tag?post=231160"}],"curies":[{"name":"wp","href":"https:\/\/api.w.org\/{rel}","templated":true}]}}