{"id":231128,"date":"2025-03-22T13:31:05","date_gmt":"2025-03-22T13:31:05","guid":{"rendered":"https:\/\/aromasentia.com\/product\/tibetan-healing-engraved-bowl-21cm-7-chakra-flower-of-life\/"},"modified":"2025-06-23T18:49:55","modified_gmt":"2025-06-23T18:49:55","slug":"bol-grave-de-guerison-tibetain-21-cm-7-chakras-fleur-de-vie","status":"publish","type":"product","link":"https:\/\/aromasentia.com\/fr\/bol-grave-de-guerison-tibetain-21-cm-7-chakras-fleur-de-vie\/","title":{"rendered":"Bol Grav\u00e9 de Gu\u00e9rison Tib\u00e9tain &#8211; 21 cm &#8211; 7 Chakras &#038; Fleur de Vie"},"content":{"rendered":"<p><strong><span style=\"color: rgb(75, 80, 88);\">Au c\u0153ur du N\u00e9pal, o\u00f9convergent les traditions anciennes et la sagesse spirituelle, les moines tib\u00e9tains ont int\u00e9gr\u00e9 leur savoir-faire dans chaque d\u00e9tail de ces bols chantants exquis.<\/span><\/strong>&nbsp;<\/p>\n<p>Fabriqu\u00e9 avec respect et soin, chaque bol est un chef-d&rsquo;\u0153uvre en soi, en r\u00e9sonance avec l&rsquo;essence m\u00eame des montagnes himalayennes. La fusion de la Fleur de Vie et des 7 Chakras dans ce bol de 21 cm est un chef d&rsquo;\u0153uvre de gu\u00e9rison sonore.&nbsp;<\/p>\n<p>Fabriqu\u00e9 \u00e0 partir de laiton, de cuivre, de bronze, de fer et d&rsquo;argent au N\u00e9pal, vous pouvez offrir \u00e0 vos clients un outil d&rsquo;alignement \u00e9nerg\u00e9tique et de m\u00e9ditation en profondeur. Comme pour les 7 Chakras, les gravures de ce bol repr\u00e9sentent les centres \u00e9nerg\u00e9tiques de notre corps. Le symbole de la Fleur de Vie, compos\u00e9 de cercles interconnect\u00e9s, repr\u00e9sente la g\u00e9om\u00e9trie sacr\u00e9e qui sous-tend la cr\u00e9ation et l&rsquo;interconnexion de toute vie.&nbsp;<\/p>\n<p><strong><span style=\"color: rgb(141, 186, 216);\">Ensemble, ces symboles favorisent l&rsquo;alignement, l&rsquo;\u00e9quilibre et l&rsquo;interconnexion au niveau spirituel.<\/span><\/strong><\/p>\n","protected":false},"excerpt":{"rendered":"<p>Au c\u0153ur du N\u00e9pal, o\u00f9convergent les traditions anciennes et la sagesse spirituelle, les moines tib\u00e9tains ont int\u00e9gr\u00e9 leur savoir-faire dans chaque d\u00e9tail de ces bols chantants exquis.&nbsp; Fabriqu\u00e9 avec respect et soin, chaque bol est un chef-d&rsquo;\u0153uvre en soi, en r\u00e9sonance avec l&rsquo;essence m\u00eame des montagnes himalayennes. La fusion de la Fleur de Vie et [&hellip;]<\/p>\n","protected":false},"featured_media":350420,"comment_status":"closed","ping_status":"open","template":"","meta":{"_angie_page":false},"product_brand":[],"product_cat":[18868,14446],"product_tag":[],"class_list":{"0":"post-231128","1":"product","2":"type-product","3":"status-publish","4":"has-post-thumbnail","6":"product_cat-bols-chantants-et-cloches","7":"product_cat-maison-et-jardin","8":"pa_collection-tibetan-singing-bowls-fr","9":"pa_made-in-nepal","11":"first","12":"outofstock","13":"purchasable","14":"product-type-simple"},"supplier_id":null,"supplier_sku":"Tib-106","barcode":null,"atum_controlled":true,"out_stock_date":"2025-09-05 16:33:14","out_stock_threshold":null,"inheritable":false,"inbound_stock":null,"stock_on_hold":0,"sold_today":0,"sales_last_days":0,"reserved_stock":null,"customer_returns":null,"warehouse_damage":null,"lost_in_post":null,"other_logs":null,"out_stock_days":0,"lost_sales":0,"has_location":null,"update_date":"2026-04-27T07:24:41","atum_locations":[],"atum_stock_status":"outofstock","restock_status":false,"low_stock_amount":"","sales_update_date":"2025-09-05T00:26:50","calc_backorders":null,"_links":{"self":[{"href":"https:\/\/aromasentia.com\/fr\/wp-json\/wp\/v2\/product\/231128","targetHints":{"allow":["GET"]}}],"collection":[{"href":"https:\/\/aromasentia.com\/fr\/wp-json\/wp\/v2\/product"}],"about":[{"href":"https:\/\/aromasentia.com\/fr\/wp-json\/wp\/v2\/types\/product"}],"replies":[{"embeddable":true,"href":"https:\/\/aromasentia.com\/fr\/wp-json\/wp\/v2\/comments?post=231128"}],"version-history":[{"count":0,"href":"https:\/\/aromasentia.com\/fr\/wp-json\/wp\/v2\/product\/231128\/revisions"}],"wp:featuredmedia":[{"embeddable":true,"href":"https:\/\/aromasentia.com\/fr\/wp-json\/wp\/v2\/media\/350420"}],"wp:attachment":[{"href":"https:\/\/aromasentia.com\/fr\/wp-json\/wp\/v2\/media?parent=231128"}],"wp:term":[{"taxonomy":"product_brand","embeddable":true,"href":"https:\/\/aromasentia.com\/fr\/wp-json\/wp\/v2\/product_brand?post=231128"},{"taxonomy":"product_cat","embeddable":true,"href":"https:\/\/aromasentia.com\/fr\/wp-json\/wp\/v2\/product_cat?post=231128"},{"taxonomy":"product_tag","embeddable":true,"href":"https:\/\/aromasentia.com\/fr\/wp-json\/wp\/v2\/product_tag?post=231128"}],"curies":[{"name":"wp","href":"https:\/\/api.w.org\/{rel}","templated":true}]}}