{"id":231112,"date":"2025-03-22T13:31:05","date_gmt":"2025-03-22T13:31:05","guid":{"rendered":"https:\/\/aromasentia.com\/product\/tibetan-healing-engraved-bowl-16cm-7-chakra\/"},"modified":"2025-06-23T18:49:51","modified_gmt":"2025-06-23T18:49:51","slug":"bol-grave-de-guerison-tibetain-16cm-7-chakra","status":"publish","type":"product","link":"https:\/\/aromasentia.com\/fr\/bol-grave-de-guerison-tibetain-16cm-7-chakra\/","title":{"rendered":"Bol Grav\u00e9 de Gu\u00e9rison Tib\u00e9tain &#8211; 16cm &#8211; 7 Chakra"},"content":{"rendered":"<p><strong><span style=\"color: rgb(75, 80, 88);\">Au c\u0153ur du N\u00e9pal, o\u00f9convergent les traditions anciennes et la sagesse spirituelle, les moines tib\u00e9tains ont int\u00e9gr\u00e9 leur savoir-faire dans chaque d\u00e9tail de ces bols chantants exquis. <\/span><\/strong><\/p>\n<p>Fabriqu\u00e9 avec respect et soin, chaque bol est un chef-d&rsquo;\u0153uvre en soi, en r\u00e9sonance avec l&rsquo;essence m\u00eame des montagnes himalayennes.&nbsp;<\/p>\n<p>Fabriqu\u00e9 \u00e0 la main au N\u00e9pal et \u00e0 partir d&rsquo;un m\u00e9lange de laiton, de cuivre, de bronze, de fer et d&rsquo;argent, ce bol de 16 cm pr\u00e9sente des gravures complexes repr\u00e9sentant les 7 chakras.&nbsp;<\/p>\n<p>Vous pouvez d\u00e9sormais offrir \u00e0 vos clients une approche holistique du bien-\u00eatre et de la spiritualit\u00e9 avec cette pi\u00e8ce exquise. Les gravures sur ce bol repr\u00e9sentent les sept Chakras, qui sont des centres \u00e9nerg\u00e9tiques align\u00e9s le long de la colonne vert\u00e9brale. Chaque chakra correspond \u00e0 diff\u00e9rents aspects de notre bien-\u00eatre physique, \u00e9motionnel et spirituel.&nbsp;<\/p>\n<p><strong><span style=\"color: rgb(141, 186, 216);\">Ce bol sert d&rsquo;outil pour \u00e9quilibrer et harmoniser ces centres \u00e9nerg\u00e9tiques, favorisant ainsi la gu\u00e9rison holistique.<\/span><\/strong><\/p>\n","protected":false},"excerpt":{"rendered":"<p>Au c\u0153ur du N\u00e9pal, o\u00f9convergent les traditions anciennes et la sagesse spirituelle, les moines tib\u00e9tains ont int\u00e9gr\u00e9 leur savoir-faire dans chaque d\u00e9tail de ces bols chantants exquis. Fabriqu\u00e9 avec respect et soin, chaque bol est un chef-d&rsquo;\u0153uvre en soi, en r\u00e9sonance avec l&rsquo;essence m\u00eame des montagnes himalayennes.&nbsp; Fabriqu\u00e9 \u00e0 la main au N\u00e9pal et \u00e0 [&hellip;]<\/p>\n","protected":false},"featured_media":350176,"comment_status":"closed","ping_status":"open","template":"","meta":{"_angie_page":false},"product_brand":[],"product_cat":[18868,14446],"product_tag":[],"class_list":{"0":"post-231112","1":"product","2":"type-product","3":"status-publish","4":"has-post-thumbnail","6":"product_cat-bols-chantants-et-cloches","7":"product_cat-maison-et-jardin","8":"pa_collection-tibetan-singing-bowls-fr","9":"pa_made-in-nepal","11":"first","12":"outofstock","13":"purchasable","14":"product-type-simple"},"supplier_id":null,"supplier_sku":"Tib-102","barcode":null,"atum_controlled":true,"out_stock_date":"2025-09-05 16:32:59","out_stock_threshold":null,"inheritable":false,"inbound_stock":null,"stock_on_hold":0,"sold_today":0,"sales_last_days":0,"reserved_stock":null,"customer_returns":null,"warehouse_damage":null,"lost_in_post":null,"other_logs":null,"out_stock_days":0,"lost_sales":0,"has_location":null,"update_date":"2026-04-27T07:24:41","atum_locations":[],"atum_stock_status":"outofstock","restock_status":false,"low_stock_amount":"","sales_update_date":"2025-09-05T00:26:44","calc_backorders":null,"_links":{"self":[{"href":"https:\/\/aromasentia.com\/fr\/wp-json\/wp\/v2\/product\/231112","targetHints":{"allow":["GET"]}}],"collection":[{"href":"https:\/\/aromasentia.com\/fr\/wp-json\/wp\/v2\/product"}],"about":[{"href":"https:\/\/aromasentia.com\/fr\/wp-json\/wp\/v2\/types\/product"}],"replies":[{"embeddable":true,"href":"https:\/\/aromasentia.com\/fr\/wp-json\/wp\/v2\/comments?post=231112"}],"version-history":[{"count":0,"href":"https:\/\/aromasentia.com\/fr\/wp-json\/wp\/v2\/product\/231112\/revisions"}],"wp:featuredmedia":[{"embeddable":true,"href":"https:\/\/aromasentia.com\/fr\/wp-json\/wp\/v2\/media\/350176"}],"wp:attachment":[{"href":"https:\/\/aromasentia.com\/fr\/wp-json\/wp\/v2\/media?parent=231112"}],"wp:term":[{"taxonomy":"product_brand","embeddable":true,"href":"https:\/\/aromasentia.com\/fr\/wp-json\/wp\/v2\/product_brand?post=231112"},{"taxonomy":"product_cat","embeddable":true,"href":"https:\/\/aromasentia.com\/fr\/wp-json\/wp\/v2\/product_cat?post=231112"},{"taxonomy":"product_tag","embeddable":true,"href":"https:\/\/aromasentia.com\/fr\/wp-json\/wp\/v2\/product_tag?post=231112"}],"curies":[{"name":"wp","href":"https:\/\/api.w.org\/{rel}","templated":true}]}}