{"id":231092,"date":"2025-03-22T13:31:14","date_gmt":"2025-03-22T13:31:14","guid":{"rendered":"https:\/\/aromasentia.com\/product\/large-tibetan-tingsha-bell-8x15cm\/"},"modified":"2025-06-23T18:49:48","modified_gmt":"2025-06-23T18:49:48","slug":"grande-cloche-tibetaine-tingsha-8x15cm","status":"publish","type":"product","link":"https:\/\/aromasentia.com\/fr\/grande-cloche-tibetaine-tingsha-8x15cm\/","title":{"rendered":"Grande Cloche Tib\u00e9taine Tingsha &#8211; 8x15cm"},"content":{"rendered":"<p>Embarquez pour un profond voyage spirituel avec notre <strong>Grande cloche tib\u00e9taine Tingsha 8&#215;15 cm<\/strong>.&nbsp;<\/p>\n<p>Cette cloche incarne l&rsquo;essence de la tradition, de la pleine conscience et de l&rsquo;enrichissement spirituel, am\u00e9liorant votre m\u00e9ditation, vos rituels et vos pratiques sacr\u00e9es.&nbsp;<\/p>\n<p>Fabriqu\u00e9e \u00e0 la main par des artisans tib\u00e9tains qualifi\u00e9s, chaque grande cloche tingsha tib\u00e9taine rend hommage aux traditions sacr\u00e9es, garantissant une qualit\u00e9 authentique et une signification spirituelle. &nbsp; Lorsqu&rsquo;elle est jou\u00e9e avec gr\u00e2ce, cette cloche Tingsha produit un son captivant et r\u00e9sonnant qui invite \u00e0 la s\u00e9r\u00e9nit\u00e9, \u00e0 la pleine conscience et \u00e0 la concentration profonde pendant la m\u00e9ditation, les rituels et les c\u00e9r\u00e9monies sacr\u00e9es.&nbsp;<\/p>\n<p>Parfaite pour la m\u00e9ditation, le yoga, la gu\u00e9rison \u00e9nerg\u00e9tique ou comme pi\u00e8ce ma\u00eetresse d\u00e9corative, elle impr\u00e8gne votre espace sacr\u00e9 de l&rsquo;aura intemporelle de la culture tib\u00e9taine.&nbsp;<\/p>\n<p>Orn\u00e9e de symboles et de motifs tib\u00e9tains complexes, la cloche ne se contente pas de renforcer l&rsquo;exp\u00e9rience spirituelle, elle constitue \u00e9galement une magnifique \u0153uvre d&rsquo;art spirituelle.&nbsp;<\/p>\n<p><strong><span style=\"color: rgb(141, 186, 216);\">\u00e9levez votre gamme de produits spirituels gr\u00e2ce \u00e0 la r\u00e9sonance de notre grande cloche tib\u00e9taine Tingsha.<\/span><\/strong><\/p>\n","protected":false},"excerpt":{"rendered":"<p>Embarquez pour un profond voyage spirituel avec notre Grande cloche tib\u00e9taine Tingsha 8&#215;15 cm.&nbsp; Cette cloche incarne l&rsquo;essence de la tradition, de la pleine conscience et de l&rsquo;enrichissement spirituel, am\u00e9liorant votre m\u00e9ditation, vos rituels et vos pratiques sacr\u00e9es.&nbsp; Fabriqu\u00e9e \u00e0 la main par des artisans tib\u00e9tains qualifi\u00e9s, chaque grande cloche tingsha tib\u00e9taine rend hommage aux [&hellip;]<\/p>\n","protected":false},"featured_media":352626,"comment_status":"closed","ping_status":"open","template":"","meta":[],"product_brand":[],"product_cat":[18868,14054,14235,14446],"product_tag":[],"class_list":{"0":"post-231092","1":"product","2":"type-product","3":"status-publish","4":"has-post-thumbnail","6":"product_cat-bols-chantants-et-cloches","7":"product_cat-cadeaux-vintage-et-souvenirs","8":"product_cat-instruments-de-musique","9":"product_cat-maison-et-jardin","10":"pa_collection-tibetan-bells-and-tingsha-bells-fr","11":"pa_made-in-inde","13":"first","14":"outofstock","15":"purchasable","16":"product-type-simple"},"supplier_id":null,"supplier_sku":"TTB-08","barcode":null,"atum_controlled":true,"out_stock_date":"2025-11-18 13:31:31","out_stock_threshold":null,"inheritable":false,"inbound_stock":null,"stock_on_hold":0,"sold_today":0,"sales_last_days":0,"reserved_stock":null,"customer_returns":null,"warehouse_damage":null,"lost_in_post":null,"other_logs":null,"out_stock_days":79,"lost_sales":0,"has_location":null,"update_date":"2026-02-06T00:01:08","atum_locations":[],"atum_stock_status":"outofstock","restock_status":false,"low_stock_amount":"","sales_update_date":"2026-02-06T00:01:08","calc_backorders":null,"_links":{"self":[{"href":"https:\/\/aromasentia.com\/fr\/wp-json\/wp\/v2\/product\/231092","targetHints":{"allow":["GET"]}}],"collection":[{"href":"https:\/\/aromasentia.com\/fr\/wp-json\/wp\/v2\/product"}],"about":[{"href":"https:\/\/aromasentia.com\/fr\/wp-json\/wp\/v2\/types\/product"}],"replies":[{"embeddable":true,"href":"https:\/\/aromasentia.com\/fr\/wp-json\/wp\/v2\/comments?post=231092"}],"version-history":[{"count":0,"href":"https:\/\/aromasentia.com\/fr\/wp-json\/wp\/v2\/product\/231092\/revisions"}],"wp:featuredmedia":[{"embeddable":true,"href":"https:\/\/aromasentia.com\/fr\/wp-json\/wp\/v2\/media\/352626"}],"wp:attachment":[{"href":"https:\/\/aromasentia.com\/fr\/wp-json\/wp\/v2\/media?parent=231092"}],"wp:term":[{"taxonomy":"product_brand","embeddable":true,"href":"https:\/\/aromasentia.com\/fr\/wp-json\/wp\/v2\/product_brand?post=231092"},{"taxonomy":"product_cat","embeddable":true,"href":"https:\/\/aromasentia.com\/fr\/wp-json\/wp\/v2\/product_cat?post=231092"},{"taxonomy":"product_tag","embeddable":true,"href":"https:\/\/aromasentia.com\/fr\/wp-json\/wp\/v2\/product_tag?post=231092"}],"curies":[{"name":"wp","href":"https:\/\/api.w.org\/{rel}","templated":true}]}}