{"id":231048,"date":"2025-03-22T13:31:14","date_gmt":"2025-03-22T13:31:14","guid":{"rendered":"https:\/\/aromasentia.com\/product\/hand-beaten-engraved-singing-bowl-gift-set-14cm-lotus-flower\/"},"modified":"2025-06-23T18:49:43","modified_gmt":"2025-06-23T18:49:43","slug":"coffret-cadeau-bol-chantant-grave-a-la-main-14cm-fleur-de-lotus","status":"publish","type":"product","link":"https:\/\/aromasentia.com\/fr\/coffret-cadeau-bol-chantant-grave-a-la-main-14cm-fleur-de-lotus\/","title":{"rendered":"Coffret Cadeau Bol Chantant Grav\u00e9 \u00e0 la Main  &#8211; 14cm &#8211; Fleur de Lotus"},"content":{"rendered":"<p>Pr\u00e9sentant un m\u00e9lange harmonieux d&rsquo;art et de son, nos <strong><span style=\"color: rgb(75, 80, 88);\">Coffrets de Bols Chantants grav\u00e9s \u00e0 la main&nbsp;<\/span><\/strong>sont un ajout charmant \u00e0 votre collection. Fabriqu\u00e9 avec pr\u00e9cision et orn\u00e9 de motifs complexes, chaque ensemble comprend <strong><span style=\"color: rgb(75, 80, 88);\">un bol chantant de 14 cm, un maillet, un coussin et une pochette.<\/span><\/strong>&nbsp;<\/p>\n<p>Ces ensembles sont soigneusement con&ccedil;us pour offrir une exp\u00e9rience holistique \u00e0 vos clients, ce qui les rend id\u00e9aux si vous cherchez \u00e0 proposer des produits uniques et enrichissants sur le plan spirituel.&nbsp;<\/p>\n<p><strong><span style=\"color: rgb(75, 80, 88);\">La fleur de lotus symbolise la puret\u00e9 et l&rsquo;illumination dans de nombreuses traditions spirituelles, en particulier dans le bouddhisme. <\/span><\/strong><\/p>\n<p>Sa croissance de la boue \u00e0 la surface de l&rsquo;eau signifie le voyage de l&rsquo;ignorance \u00e0 l&rsquo;\u00e9veil spirituel. M\u00e9diter avec ce bol chantant peut \u00e9voquer un sentiment de puret\u00e9 et de croissance spirituelle.<\/p>\n","protected":false},"excerpt":{"rendered":"<p>Pr\u00e9sentant un m\u00e9lange harmonieux d&rsquo;art et de son, nos Coffrets de Bols Chantants grav\u00e9s \u00e0 la main&nbsp;sont un ajout charmant \u00e0 votre collection. Fabriqu\u00e9 avec pr\u00e9cision et orn\u00e9 de motifs complexes, chaque ensemble comprend un bol chantant de 14 cm, un maillet, un coussin et une pochette.&nbsp; Ces ensembles sont soigneusement con&ccedil;us pour offrir une [&hellip;]<\/p>\n","protected":false},"featured_media":352319,"comment_status":"closed","ping_status":"open","template":"","meta":{"_angie_page":false},"product_brand":[],"product_cat":[18868,14446],"product_tag":[],"class_list":{"0":"post-231048","1":"product","2":"type-product","3":"status-publish","4":"has-post-thumbnail","6":"product_cat-bols-chantants-et-cloches","7":"product_cat-maison-et-jardin","8":"pa_collection-tibetan-singing-bowl-sets-fr","9":"pa_made-in-nepal","11":"first","12":"instock","13":"purchasable","14":"product-type-simple"},"supplier_id":null,"supplier_sku":"TIbS-21","barcode":null,"atum_controlled":true,"out_stock_date":null,"out_stock_threshold":null,"inheritable":false,"inbound_stock":null,"stock_on_hold":0,"sold_today":0,"sales_last_days":0,"reserved_stock":null,"customer_returns":null,"warehouse_damage":null,"lost_in_post":null,"other_logs":null,"out_stock_days":0,"lost_sales":0,"has_location":null,"update_date":"2026-04-27T07:24:59","atum_locations":[],"atum_stock_status":"instock","restock_status":false,"low_stock_amount":"","sales_update_date":"2026-01-30T01:24:41","calc_backorders":null,"_links":{"self":[{"href":"https:\/\/aromasentia.com\/fr\/wp-json\/wp\/v2\/product\/231048","targetHints":{"allow":["GET"]}}],"collection":[{"href":"https:\/\/aromasentia.com\/fr\/wp-json\/wp\/v2\/product"}],"about":[{"href":"https:\/\/aromasentia.com\/fr\/wp-json\/wp\/v2\/types\/product"}],"replies":[{"embeddable":true,"href":"https:\/\/aromasentia.com\/fr\/wp-json\/wp\/v2\/comments?post=231048"}],"version-history":[{"count":0,"href":"https:\/\/aromasentia.com\/fr\/wp-json\/wp\/v2\/product\/231048\/revisions"}],"wp:featuredmedia":[{"embeddable":true,"href":"https:\/\/aromasentia.com\/fr\/wp-json\/wp\/v2\/media\/352319"}],"wp:attachment":[{"href":"https:\/\/aromasentia.com\/fr\/wp-json\/wp\/v2\/media?parent=231048"}],"wp:term":[{"taxonomy":"product_brand","embeddable":true,"href":"https:\/\/aromasentia.com\/fr\/wp-json\/wp\/v2\/product_brand?post=231048"},{"taxonomy":"product_cat","embeddable":true,"href":"https:\/\/aromasentia.com\/fr\/wp-json\/wp\/v2\/product_cat?post=231048"},{"taxonomy":"product_tag","embeddable":true,"href":"https:\/\/aromasentia.com\/fr\/wp-json\/wp\/v2\/product_tag?post=231048"}],"curies":[{"name":"wp","href":"https:\/\/api.w.org\/{rel}","templated":true}]}}