{"id":230972,"date":"2025-03-22T14:18:20","date_gmt":"2025-03-22T14:18:20","guid":{"rendered":"https:\/\/aromasentia.com\/product\/bali-magic-box-yoga-cat\/"},"modified":"2025-06-23T18:49:32","modified_gmt":"2025-06-23T18:49:32","slug":"boites-magiques-de-bali-chat-yoga","status":"publish","type":"product","link":"https:\/\/aromasentia.com\/fr\/boites-magiques-de-bali-chat-yoga\/","title":{"rendered":"Bo\u00eetes magiques de Bali &#8211; Chat Yoga"},"content":{"rendered":"<p>Cette gamme grossiste de<strong>bo\u00eetes Shesham<\/strong>sont faites sur le m\u00eame principe que nos puzzles en bois indiens. Il vous faut trouver l\u2019ordre auquel vous devez retirer les diverses pi\u00e8ces. Au centre se trouve un petit compartiment id\u00e9al pour cacher un petit cadeau sp\u00e9cial.<\/p>\n<p>Agr\u00e9ables \u00e0 la vue et jeux sympas.<\/p>\n<p>Article de nouveaut\u00e9 qui rendra la vente facile. Elles sont \u00e9galement id\u00e9ales en pr\u00e9sentation de magasin.<\/p>\n<p>Faites main \u00e0 Bali, elles sont emball\u00e9es individuellement et fournies avec code-barres.<\/p>\n<p><strong>Veuillez noter que les tailles sont approximatives dues \u00e0 leurs formes irr\u00e9guli\u00e8res qui peuvent varier.<\/strong><\/p>\n","protected":false},"excerpt":{"rendered":"<p>Cette gamme grossiste debo\u00eetes Sheshamsont faites sur le m\u00eame principe que nos puzzles en bois indiens. Il vous faut trouver l\u2019ordre auquel vous devez retirer les diverses pi\u00e8ces. Au centre se trouve un petit compartiment id\u00e9al pour cacher un petit cadeau sp\u00e9cial. Agr\u00e9ables \u00e0 la vue et jeux sympas. Article de nouveaut\u00e9 qui rendra la [&hellip;]<\/p>\n","protected":false},"featured_media":353690,"comment_status":"closed","ping_status":"open","template":"","meta":{"_angie_page":false},"product_brand":[],"product_cat":[14137,14138],"product_tag":[],"class_list":{"0":"post-230972","1":"product","2":"type-product","3":"status-publish","4":"has-post-thumbnail","6":"product_cat-emballages-boites-et-sacs-cadeau","7":"product_cat-rangement-coffrets-et-boites-cadeaux","8":"pa_collection-bali-magic-boxes-fr","9":"pa_made-in-indonesie","11":"first","12":"instock","13":"purchasable","14":"product-type-simple"},"supplier_id":null,"supplier_sku":"BMB-29","barcode":null,"atum_controlled":true,"out_stock_date":null,"out_stock_threshold":null,"inheritable":false,"inbound_stock":null,"stock_on_hold":0,"sold_today":0,"sales_last_days":0,"reserved_stock":null,"customer_returns":null,"warehouse_damage":null,"lost_in_post":null,"other_logs":null,"out_stock_days":0,"lost_sales":0,"has_location":null,"update_date":"2026-04-27T06:55:09","atum_locations":[],"atum_stock_status":"instock","restock_status":false,"low_stock_amount":"","sales_update_date":"2026-01-20T05:14:29","calc_backorders":null,"_links":{"self":[{"href":"https:\/\/aromasentia.com\/fr\/wp-json\/wp\/v2\/product\/230972","targetHints":{"allow":["GET"]}}],"collection":[{"href":"https:\/\/aromasentia.com\/fr\/wp-json\/wp\/v2\/product"}],"about":[{"href":"https:\/\/aromasentia.com\/fr\/wp-json\/wp\/v2\/types\/product"}],"replies":[{"embeddable":true,"href":"https:\/\/aromasentia.com\/fr\/wp-json\/wp\/v2\/comments?post=230972"}],"version-history":[{"count":0,"href":"https:\/\/aromasentia.com\/fr\/wp-json\/wp\/v2\/product\/230972\/revisions"}],"wp:featuredmedia":[{"embeddable":true,"href":"https:\/\/aromasentia.com\/fr\/wp-json\/wp\/v2\/media\/353690"}],"wp:attachment":[{"href":"https:\/\/aromasentia.com\/fr\/wp-json\/wp\/v2\/media?parent=230972"}],"wp:term":[{"taxonomy":"product_brand","embeddable":true,"href":"https:\/\/aromasentia.com\/fr\/wp-json\/wp\/v2\/product_brand?post=230972"},{"taxonomy":"product_cat","embeddable":true,"href":"https:\/\/aromasentia.com\/fr\/wp-json\/wp\/v2\/product_cat?post=230972"},{"taxonomy":"product_tag","embeddable":true,"href":"https:\/\/aromasentia.com\/fr\/wp-json\/wp\/v2\/product_tag?post=230972"}],"curies":[{"name":"wp","href":"https:\/\/api.w.org\/{rel}","templated":true}]}}