{"id":230900,"date":"2025-03-22T14:18:20","date_gmt":"2025-03-22T14:18:20","guid":{"rendered":"https:\/\/aromasentia.com\/product\/bali-magic-box-happy-shark\/"},"modified":"2025-06-23T18:49:21","modified_gmt":"2025-06-23T18:49:21","slug":"boites-magiques-du-bali-requin-heureux","status":"publish","type":"product","link":"https:\/\/aromasentia.com\/fr\/boites-magiques-du-bali-requin-heureux\/","title":{"rendered":"Bo\u00eetes magiques du Bali Requin heureux"},"content":{"rendered":"<p>Bo\u00eetes magiques du Bali &#8211; Requin heureux._x000D_<br \/>\n<br \/>_x000D_<br \/>\nCette gamme grossiste de bo\u00eetes Shesham sont faites sur le m\u00eame principe que nos puzzles en bois indiens. Il vous faut trouver l\u2019ordre auquel vous devez retirer les diverses pi\u00e8ces. Au centre se trouve un petit compartiment id\u00e9al pour cacher un petit cadeau sp\u00e9cial. _x000D_<br \/>\n<br \/>_x000D_<br \/>\nAgr\u00e9ables \u00e0 la vue et jeux sympas. <br \/>_x000D_<br \/>\nArticle de nouveaut\u00e9 qui rendra la vente facile. Elles sont \u00e9galement id\u00e9ales en pr\u00e9sentation de magasin. <br \/>_x000D_<br \/>\nFaites main \u00e0 Bali, elles sont emball\u00e9es individuellement et fournies avec code-barres._x000D_<br \/>\n<br \/>_x000D_<br \/>\nVeuillez noter que les tailles sont approximatives dues \u00e0 leurs formes irr\u00e9guli\u00e8res qui peuvent varier._x000D_<br \/>\n<br \/>_x000D_<br \/>\nDimensions externes: L: 200 mm, H: 65 mm<br \/>_x000D_<br \/>\nDimensions internes: L: 95 mm, H: 20 mm<\/p>\n","protected":false},"excerpt":{"rendered":"<p>Bo\u00eetes magiques du Bali &#8211; Requin heureux._x000D_ _x000D_ Cette gamme grossiste de bo\u00eetes Shesham sont faites sur le m\u00eame principe que nos puzzles en bois indiens. Il vous faut trouver l\u2019ordre auquel vous devez retirer les diverses pi\u00e8ces. Au centre se trouve un petit compartiment id\u00e9al pour cacher un petit cadeau sp\u00e9cial. _x000D_ _x000D_ Agr\u00e9ables [&hellip;]<\/p>\n","protected":false},"featured_media":353368,"comment_status":"closed","ping_status":"open","template":"","meta":[],"product_brand":[],"product_cat":[14137,14138],"product_tag":[],"class_list":{"0":"post-230900","1":"product","2":"type-product","3":"status-publish","4":"has-post-thumbnail","6":"product_cat-emballages-boites-et-sacs-cadeau","7":"product_cat-rangement-coffrets-et-boites-cadeaux","8":"pa_collection-bali-magic-boxes-fr","9":"pa_made-in-indonesie","11":"first","12":"instock","13":"purchasable","14":"product-type-simple"},"supplier_id":null,"supplier_sku":"BMB-08","barcode":null,"atum_controlled":true,"out_stock_date":null,"out_stock_threshold":null,"inheritable":false,"inbound_stock":null,"stock_on_hold":0,"sold_today":0,"sales_last_days":0,"reserved_stock":null,"customer_returns":null,"warehouse_damage":null,"lost_in_post":null,"other_logs":null,"out_stock_days":0,"lost_sales":0,"has_location":null,"update_date":"2026-01-30T01:24:23","atum_locations":[],"atum_stock_status":"instock","restock_status":false,"low_stock_amount":"","sales_update_date":"2026-01-30T01:24:23","calc_backorders":null,"_links":{"self":[{"href":"https:\/\/aromasentia.com\/fr\/wp-json\/wp\/v2\/product\/230900","targetHints":{"allow":["GET"]}}],"collection":[{"href":"https:\/\/aromasentia.com\/fr\/wp-json\/wp\/v2\/product"}],"about":[{"href":"https:\/\/aromasentia.com\/fr\/wp-json\/wp\/v2\/types\/product"}],"replies":[{"embeddable":true,"href":"https:\/\/aromasentia.com\/fr\/wp-json\/wp\/v2\/comments?post=230900"}],"version-history":[{"count":0,"href":"https:\/\/aromasentia.com\/fr\/wp-json\/wp\/v2\/product\/230900\/revisions"}],"wp:featuredmedia":[{"embeddable":true,"href":"https:\/\/aromasentia.com\/fr\/wp-json\/wp\/v2\/media\/353368"}],"wp:attachment":[{"href":"https:\/\/aromasentia.com\/fr\/wp-json\/wp\/v2\/media?parent=230900"}],"wp:term":[{"taxonomy":"product_brand","embeddable":true,"href":"https:\/\/aromasentia.com\/fr\/wp-json\/wp\/v2\/product_brand?post=230900"},{"taxonomy":"product_cat","embeddable":true,"href":"https:\/\/aromasentia.com\/fr\/wp-json\/wp\/v2\/product_cat?post=230900"},{"taxonomy":"product_tag","embeddable":true,"href":"https:\/\/aromasentia.com\/fr\/wp-json\/wp\/v2\/product_tag?post=230900"}],"curies":[{"name":"wp","href":"https:\/\/api.w.org\/{rel}","templated":true}]}}