{"id":230880,"date":"2025-03-22T14:18:20","date_gmt":"2025-03-22T14:18:20","guid":{"rendered":"https:\/\/aromasentia.com\/product\/double-box-slatted-bamboo\/"},"modified":"2025-06-23T18:49:17","modified_gmt":"2025-06-23T18:49:17","slug":"boite-en-bambou-double-lamelle","status":"publish","type":"product","link":"https:\/\/aromasentia.com\/fr\/boite-en-bambou-double-lamelle\/","title":{"rendered":"Bo\u00eete en Bambou Double &#8211; lamelle"},"content":{"rendered":"<p>Bo\u00eete en bambou double \u00e0 lamelles._x000D_<br \/>\n<br \/>_x000D_<br \/>\nTaille: H: 80mm L: 165mm l: 75mm_x000D_<br \/>\n<br \/>_x000D_<br \/>\nCes bo\u00eetes ont \u00e9t\u00e9 con\u00e7ues pour s&rsquo;adapter notamment aux produits de salle de bains d&rsquo;AW-Cadeaux, mais nous avons trouv\u00e9 de nombreux autres produits qui peuvent \u00eatre \u201cmis en bo\u00eete\u201d et nous sommes s\u00fbrs que vous trouverez aussi d\u2019autres produits \u00e0 y mettre!<\/p>\n","protected":false},"excerpt":{"rendered":"<p>Bo\u00eete en bambou double \u00e0 lamelles._x000D_ _x000D_ Taille: H: 80mm L: 165mm l: 75mm_x000D_ _x000D_ Ces bo\u00eetes ont \u00e9t\u00e9 con\u00e7ues pour s&rsquo;adapter notamment aux produits de salle de bains d&rsquo;AW-Cadeaux, mais nous avons trouv\u00e9 de nombreux autres produits qui peuvent \u00eatre \u201cmis en bo\u00eete\u201d et nous sommes s\u00fbrs que vous trouverez aussi d\u2019autres produits \u00e0 [&hellip;]<\/p>\n","protected":false},"featured_media":353235,"comment_status":"closed","ping_status":"open","template":"","meta":{"_angie_page":false},"product_brand":[],"product_cat":[14137,14138],"product_tag":[],"class_list":{"0":"post-230880","1":"product","2":"type-product","3":"status-publish","4":"has-post-thumbnail","6":"product_cat-emballages-boites-et-sacs-cadeau","7":"product_cat-rangement-coffrets-et-boites-cadeaux","8":"pa_made-in-chine","10":"first","11":"instock","12":"purchasable","13":"product-type-simple"},"supplier_id":null,"supplier_sku":"BamBox-02","barcode":null,"atum_controlled":true,"out_stock_date":null,"out_stock_threshold":null,"inheritable":false,"inbound_stock":null,"stock_on_hold":0,"sold_today":0,"sales_last_days":0,"reserved_stock":null,"customer_returns":null,"warehouse_damage":null,"lost_in_post":null,"other_logs":null,"out_stock_days":0,"lost_sales":0,"has_location":null,"update_date":"2026-04-27T06:53:08","atum_locations":[],"atum_stock_status":"instock","restock_status":false,"low_stock_amount":"","sales_update_date":"2025-10-09T03:25:02","calc_backorders":null,"_links":{"self":[{"href":"https:\/\/aromasentia.com\/fr\/wp-json\/wp\/v2\/product\/230880","targetHints":{"allow":["GET"]}}],"collection":[{"href":"https:\/\/aromasentia.com\/fr\/wp-json\/wp\/v2\/product"}],"about":[{"href":"https:\/\/aromasentia.com\/fr\/wp-json\/wp\/v2\/types\/product"}],"replies":[{"embeddable":true,"href":"https:\/\/aromasentia.com\/fr\/wp-json\/wp\/v2\/comments?post=230880"}],"version-history":[{"count":0,"href":"https:\/\/aromasentia.com\/fr\/wp-json\/wp\/v2\/product\/230880\/revisions"}],"wp:featuredmedia":[{"embeddable":true,"href":"https:\/\/aromasentia.com\/fr\/wp-json\/wp\/v2\/media\/353235"}],"wp:attachment":[{"href":"https:\/\/aromasentia.com\/fr\/wp-json\/wp\/v2\/media?parent=230880"}],"wp:term":[{"taxonomy":"product_brand","embeddable":true,"href":"https:\/\/aromasentia.com\/fr\/wp-json\/wp\/v2\/product_brand?post=230880"},{"taxonomy":"product_cat","embeddable":true,"href":"https:\/\/aromasentia.com\/fr\/wp-json\/wp\/v2\/product_cat?post=230880"},{"taxonomy":"product_tag","embeddable":true,"href":"https:\/\/aromasentia.com\/fr\/wp-json\/wp\/v2\/product_tag?post=230880"}],"curies":[{"name":"wp","href":"https:\/\/api.w.org\/{rel}","templated":true}]}}