{"id":230820,"date":"2025-03-22T14:18:20","date_gmt":"2025-03-22T14:18:20","guid":{"rendered":"https:\/\/aromasentia.com\/product\/aluminium-bottle-625ml\/"},"modified":"2025-06-23T18:49:11","modified_gmt":"2025-06-23T18:49:11","slug":"bouteilles-aluminium-625ml","status":"publish","type":"product","link":"https:\/\/aromasentia.com\/fr\/bouteilles-aluminium-625ml\/","title":{"rendered":"Bouteilles Aluminium 625ml"},"content":{"rendered":"<p><strong><span style=\"color: rgb(75, 80, 88);\">Flacons Aluminium en gros<\/span><\/strong>, ce sont des flacons tr\u00e8s styl\u00e9s adapt\u00e9s aux cosm\u00e9tiques, solvants, eaux florales et huiles essentielles. Si vous pr\u00e9f\u00e9rez stocker des huiles essentielles, les bouteilles en aluminium sont le meilleur moyen car elles sont imperm\u00e9ables \u00e0 la lumi\u00e8re et offrent aux huiles la protection n\u00e9cessaire contre les fluctuations de temp\u00e9rature temporaires ainsi qu&rsquo;une excellente protection contre les dommages, la l\u00e9g\u00e8ret\u00e9 et une pr\u00e9sentation saisissante.&nbsp;<\/p>\n<p>Ces bouteilles en aluminium sont livr\u00e9es avec un anneau de retrait et des bouchons \u00e0 vis de couleur blanche. Pour donner \u00e0 votre produit ce facteur extra wow, vous pourriez \u00e9galement \u00eatre int\u00e9ress\u00e9 par les <a href=\"https:\/\/aromasentia.com\/awlabel\">\u00e9tiquettes Ancient Wisdom<\/a> pour ajouter cette touche finale. Les bouteilles en aluminium sont disponibles en trois tailles.&nbsp;<\/p>\n<p><strong><span style=\"color: rgb(141, 186, 216);\">Commandez aujourd&rsquo;hui et embouteillez un profit suppl\u00e9mentaire<\/span><\/strong><\/p>\n","protected":false},"excerpt":{"rendered":"<p>Flacons Aluminium en gros, ce sont des flacons tr\u00e8s styl\u00e9s adapt\u00e9s aux cosm\u00e9tiques, solvants, eaux florales et huiles essentielles. Si vous pr\u00e9f\u00e9rez stocker des huiles essentielles, les bouteilles en aluminium sont le meilleur moyen car elles sont imperm\u00e9ables \u00e0 la lumi\u00e8re et offrent aux huiles la protection n\u00e9cessaire contre les fluctuations de temp\u00e9rature temporaires ainsi [&hellip;]<\/p>\n","protected":false},"featured_media":352676,"comment_status":"closed","ping_status":"open","template":"","meta":[],"product_brand":[],"product_cat":[16450,16540,14137,18570],"product_tag":[],"class_list":{"0":"post-230820","1":"product","2":"type-product","3":"status-publish","4":"has-post-thumbnail","6":"product_cat-aromatherapie-et-parfums-d-ambiance","7":"product_cat-bouteilles-en-verre-et-accessoires","8":"product_cat-emballages-boites-et-sacs-cadeau","9":"product_cat-marque-blanche","10":"pa_collection-aluminum-bottles-fr","11":"pa_made-in-chine","13":"first","14":"instock","15":"purchasable","16":"product-type-simple"},"supplier_id":null,"supplier_sku":"ABot-02","barcode":null,"atum_controlled":true,"out_stock_date":null,"out_stock_threshold":null,"inheritable":false,"inbound_stock":null,"stock_on_hold":0,"sold_today":0,"sales_last_days":0,"reserved_stock":null,"customer_returns":null,"warehouse_damage":null,"lost_in_post":null,"other_logs":null,"out_stock_days":0,"lost_sales":0,"has_location":null,"update_date":"2026-02-10T08:34:04","atum_locations":[],"atum_stock_status":"instock","restock_status":false,"low_stock_amount":"","sales_update_date":"2025-10-09T03:22:21","calc_backorders":null,"_links":{"self":[{"href":"https:\/\/aromasentia.com\/fr\/wp-json\/wp\/v2\/product\/230820","targetHints":{"allow":["GET"]}}],"collection":[{"href":"https:\/\/aromasentia.com\/fr\/wp-json\/wp\/v2\/product"}],"about":[{"href":"https:\/\/aromasentia.com\/fr\/wp-json\/wp\/v2\/types\/product"}],"replies":[{"embeddable":true,"href":"https:\/\/aromasentia.com\/fr\/wp-json\/wp\/v2\/comments?post=230820"}],"version-history":[{"count":0,"href":"https:\/\/aromasentia.com\/fr\/wp-json\/wp\/v2\/product\/230820\/revisions"}],"wp:featuredmedia":[{"embeddable":true,"href":"https:\/\/aromasentia.com\/fr\/wp-json\/wp\/v2\/media\/352676"}],"wp:attachment":[{"href":"https:\/\/aromasentia.com\/fr\/wp-json\/wp\/v2\/media?parent=230820"}],"wp:term":[{"taxonomy":"product_brand","embeddable":true,"href":"https:\/\/aromasentia.com\/fr\/wp-json\/wp\/v2\/product_brand?post=230820"},{"taxonomy":"product_cat","embeddable":true,"href":"https:\/\/aromasentia.com\/fr\/wp-json\/wp\/v2\/product_cat?post=230820"},{"taxonomy":"product_tag","embeddable":true,"href":"https:\/\/aromasentia.com\/fr\/wp-json\/wp\/v2\/product_tag?post=230820"}],"curies":[{"name":"wp","href":"https:\/\/api.w.org\/{rel}","templated":true}]}}