{"id":230812,"date":"2025-03-22T14:18:27","date_gmt":"2025-03-22T14:18:27","guid":{"rendered":"https:\/\/aromasentia.com\/product\/100-natural-gift-bag-three-jars\/"},"modified":"2025-06-23T18:49:10","modified_gmt":"2025-06-23T18:49:10","slug":"sac-cadeau-100-naturel-trois-pots","status":"publish","type":"product","link":"https:\/\/aromasentia.com\/fr\/sac-cadeau-100-naturel-trois-pots\/","title":{"rendered":"Sac cadeau 100% naturel &#8211; Trois pots"},"content":{"rendered":"<p>Am\u00e9liorez l&rsquo;apparence de vos cadeaux avec ces <strong><span style=\"color: rgb(75, 80, 88);\">Sacs-cadeaux en jute naturel <\/span><\/strong>en gros. Avec des poign\u00e9es rondes en rotin, une garniture naturelle et 3 fen\u00eatres transparentes, ces sacs donnent une agr\u00e9able sensation de convivialit\u00e9 et mettent en valeur vos cadeaux.&nbsp;<\/p>\n<p>Ces sacs cadeaux en jute simples et \u00e9l\u00e9gants sont \u00e9cologiques car ils sont r\u00e9utilisables et recyclables, ils sont donc parfaits si vous essayez de garder votre emballage aussi respectueux de l&rsquo;environnement que possible tout en offrant un sac cadeau magnifique et robuste \u00e0 vos clients.&nbsp;<\/p>\n<p>Ils sont parfaits pour emballer de petits objets, tels que des bombes de bain, des bougies, des pots de confiture, etc. et peuvent \u00eatre utilis\u00e9s pour presque toutes les occasions.&nbsp;<\/p>\n<p>Que ce soit pour un anniversaire, un mariage ou No&euml;l, ces sacs en jute feront l&rsquo;affaire. Les sacs en jute sont non seulement naturels et \u00e9l\u00e9gants, mais ils sont extr\u00eamement pratiques pour vos clients. C&rsquo;est un mat\u00e9riau l\u00e9ger mais solide, parfait pour le transport.&nbsp;<\/p>\n<p>Apr\u00e8s tout, personne n&rsquo;aime se faire d\u00e9chirer un sac en plastique au milieu des courses De plus, il est \u00e9galement excellent pour l&rsquo;environnement.&nbsp;<\/p>\n<p><strong><span style=\"color: rgb(141, 186, 216);\">Commandez d\u00e8s aujourd&rsquo;hui pour obtenir ces superbes sacs cadeaux dans votre magasin.<\/span><\/strong><\/p>\n","protected":false},"excerpt":{"rendered":"<p>Am\u00e9liorez l&rsquo;apparence de vos cadeaux avec ces Sacs-cadeaux en jute naturel en gros. Avec des poign\u00e9es rondes en rotin, une garniture naturelle et 3 fen\u00eatres transparentes, ces sacs donnent une agr\u00e9able sensation de convivialit\u00e9 et mettent en valeur vos cadeaux.&nbsp; Ces sacs cadeaux en jute simples et \u00e9l\u00e9gants sont \u00e9cologiques car ils sont r\u00e9utilisables et [&hellip;]<\/p>\n","protected":false},"featured_media":354885,"comment_status":"closed","ping_status":"open","template":"","meta":{"_angie_page":false},"product_brand":[],"product_cat":[14137,18514],"product_tag":[],"class_list":{"0":"post-230812","1":"product","2":"type-product","3":"status-publish","4":"has-post-thumbnail","6":"product_cat-emballages-boites-et-sacs-cadeau","7":"product_cat-paniers-et-sacs-en-jute-coton-et-papier","8":"pa_made-in-inde","10":"first","11":"instock","12":"purchasable","13":"product-type-simple"},"supplier_id":null,"supplier_sku":"JGBag-15","barcode":null,"atum_controlled":true,"out_stock_date":null,"out_stock_threshold":null,"inheritable":false,"inbound_stock":null,"stock_on_hold":0,"sold_today":0,"sales_last_days":0,"reserved_stock":null,"customer_returns":null,"warehouse_damage":null,"lost_in_post":null,"other_logs":null,"out_stock_days":0,"lost_sales":0,"has_location":null,"update_date":"2026-04-27T07:10:05","atum_locations":[],"atum_stock_status":"instock","restock_status":false,"low_stock_amount":"","sales_update_date":"2025-09-05T00:27:28","calc_backorders":null,"_links":{"self":[{"href":"https:\/\/aromasentia.com\/fr\/wp-json\/wp\/v2\/product\/230812","targetHints":{"allow":["GET"]}}],"collection":[{"href":"https:\/\/aromasentia.com\/fr\/wp-json\/wp\/v2\/product"}],"about":[{"href":"https:\/\/aromasentia.com\/fr\/wp-json\/wp\/v2\/types\/product"}],"replies":[{"embeddable":true,"href":"https:\/\/aromasentia.com\/fr\/wp-json\/wp\/v2\/comments?post=230812"}],"version-history":[{"count":0,"href":"https:\/\/aromasentia.com\/fr\/wp-json\/wp\/v2\/product\/230812\/revisions"}],"wp:featuredmedia":[{"embeddable":true,"href":"https:\/\/aromasentia.com\/fr\/wp-json\/wp\/v2\/media\/354885"}],"wp:attachment":[{"href":"https:\/\/aromasentia.com\/fr\/wp-json\/wp\/v2\/media?parent=230812"}],"wp:term":[{"taxonomy":"product_brand","embeddable":true,"href":"https:\/\/aromasentia.com\/fr\/wp-json\/wp\/v2\/product_brand?post=230812"},{"taxonomy":"product_cat","embeddable":true,"href":"https:\/\/aromasentia.com\/fr\/wp-json\/wp\/v2\/product_cat?post=230812"},{"taxonomy":"product_tag","embeddable":true,"href":"https:\/\/aromasentia.com\/fr\/wp-json\/wp\/v2\/product_tag?post=230812"}],"curies":[{"name":"wp","href":"https:\/\/api.w.org\/{rel}","templated":true}]}}