{"id":230800,"date":"2025-03-22T14:18:27","date_gmt":"2025-03-22T14:18:27","guid":{"rendered":"https:\/\/aromasentia.com\/product\/jam-jar-six-sides-lid\/"},"modified":"2025-06-23T18:49:06","modified_gmt":"2025-06-23T18:49:06","slug":"pot-a-confiture-six-cotes-couvercle","status":"publish","type":"product","link":"https:\/\/aromasentia.com\/fr\/pot-a-confiture-six-cotes-couvercle\/","title":{"rendered":"Pot \u00e0 Confiture &#8211; Six C\u00f4t\u00e9s &#038; Couvercle"},"content":{"rendered":"<p>Ces pots en verre en gros sont un produit essentiel pour les caf\u00e9s, les restaurants, les magasins d&rsquo;articles m\u00e9nagers, la fabrication de bougies ou la mise en conserve.&nbsp;<\/p>\n<p>Ces pots peuvent \u00eatre utilis\u00e9s de diverses mani\u00e8res, par exemple comme gobelet pour bougies, confitures et gel\u00e9es maison. Chaque tasse contient un couvercle pivotant. Vous pouvez les d\u00e9corer avec vos propres \u00e9tiquettes d\u00e9crivant le Produit\/Contenu.&nbsp;<\/p>\n<p>Dans ce cas, visitez notre d\u00e9partement Cr\u00e9er et D\u00e9corer et laissez-vous inspirer. -Id\u00e9al pour remplir les confitures, gel\u00e9es, marmelades, chutneys et sauces maison&nbsp;<\/p>\n<p>&#8211; Contenance 170 ml et 150 ml&nbsp;<\/p>\n<p>&#8211; Fourni avec des capuchons en or ou en argent&nbsp;<\/p>\n<p>&#8211; Ils ne conviennent pas aux fours \u00e0 micro-ondes<\/p>\n","protected":false},"excerpt":{"rendered":"<p>Ces pots en verre en gros sont un produit essentiel pour les caf\u00e9s, les restaurants, les magasins d&rsquo;articles m\u00e9nagers, la fabrication de bougies ou la mise en conserve.&nbsp; Ces pots peuvent \u00eatre utilis\u00e9s de diverses mani\u00e8res, par exemple comme gobelet pour bougies, confitures et gel\u00e9es maison. Chaque tasse contient un couvercle pivotant. Vous pouvez les [&hellip;]<\/p>\n","protected":false},"featured_media":354842,"comment_status":"closed","ping_status":"open","template":"","meta":{"_angie_page":false},"product_brand":[],"product_cat":[14137,18570],"product_tag":[],"class_list":{"0":"post-230800","1":"product","2":"type-product","3":"status-publish","4":"has-post-thumbnail","6":"product_cat-emballages-boites-et-sacs-cadeau","7":"product_cat-marque-blanche","8":"pa_collection-glass-jars-fr","9":"pa_made-in-chine","11":"first","12":"instock","13":"purchasable","14":"product-type-simple"},"supplier_id":null,"supplier_sku":"Gjar-04","barcode":null,"atum_controlled":true,"out_stock_date":null,"out_stock_threshold":null,"inheritable":false,"inbound_stock":null,"stock_on_hold":0,"sold_today":0,"sales_last_days":0,"reserved_stock":null,"customer_returns":null,"warehouse_damage":null,"lost_in_post":null,"other_logs":null,"out_stock_days":0,"lost_sales":0,"has_location":null,"update_date":"2026-04-27T07:05:41","atum_locations":[],"atum_stock_status":"instock","restock_status":false,"low_stock_amount":"","sales_update_date":"2026-02-06T00:01:24","calc_backorders":null,"_links":{"self":[{"href":"https:\/\/aromasentia.com\/fr\/wp-json\/wp\/v2\/product\/230800","targetHints":{"allow":["GET"]}}],"collection":[{"href":"https:\/\/aromasentia.com\/fr\/wp-json\/wp\/v2\/product"}],"about":[{"href":"https:\/\/aromasentia.com\/fr\/wp-json\/wp\/v2\/types\/product"}],"replies":[{"embeddable":true,"href":"https:\/\/aromasentia.com\/fr\/wp-json\/wp\/v2\/comments?post=230800"}],"version-history":[{"count":0,"href":"https:\/\/aromasentia.com\/fr\/wp-json\/wp\/v2\/product\/230800\/revisions"}],"wp:featuredmedia":[{"embeddable":true,"href":"https:\/\/aromasentia.com\/fr\/wp-json\/wp\/v2\/media\/354842"}],"wp:attachment":[{"href":"https:\/\/aromasentia.com\/fr\/wp-json\/wp\/v2\/media?parent=230800"}],"wp:term":[{"taxonomy":"product_brand","embeddable":true,"href":"https:\/\/aromasentia.com\/fr\/wp-json\/wp\/v2\/product_brand?post=230800"},{"taxonomy":"product_cat","embeddable":true,"href":"https:\/\/aromasentia.com\/fr\/wp-json\/wp\/v2\/product_cat?post=230800"},{"taxonomy":"product_tag","embeddable":true,"href":"https:\/\/aromasentia.com\/fr\/wp-json\/wp\/v2\/product_tag?post=230800"}],"curies":[{"name":"wp","href":"https:\/\/api.w.org\/{rel}","templated":true}]}}