{"id":230784,"date":"2025-03-22T14:18:27","date_gmt":"2025-03-22T14:18:27","guid":{"rendered":"https:\/\/aromasentia.com\/product\/pipette-dropper-cap-for-10ml-bottle\/"},"modified":"2025-06-23T18:49:04","modified_gmt":"2025-06-23T18:49:04","slug":"bouchon-compte-gouttes-pour-flacon-de-10ml","status":"publish","type":"product","link":"https:\/\/aromasentia.com\/fr\/bouchon-compte-gouttes-pour-flacon-de-10ml\/","title":{"rendered":"Bouchon compte-gouttes pour flacon de 10ml"},"content":{"rendered":"<p>Ces pipettes compte-gouttes \u00e0 bout droit en verre et \u00e0 bouchon noir sont compatibles avec les flacons en verre de 10 ml.&nbsp;<\/p>\n<p>Id\u00e9al pour une distribution facile et pr\u00e9cise.&nbsp;<\/p>\n<p><strong>Vendu par paquet de 12<\/strong><\/p>\n","protected":false},"excerpt":{"rendered":"<p>Ces pipettes compte-gouttes \u00e0 bout droit en verre et \u00e0 bouchon noir sont compatibles avec les flacons en verre de 10 ml.&nbsp; Id\u00e9al pour une distribution facile et pr\u00e9cise.&nbsp; Vendu par paquet de 12<\/p>\n","protected":false},"featured_media":354798,"comment_status":"closed","ping_status":"open","template":"","meta":{"_angie_page":false},"product_brand":[],"product_cat":[16450,16540,14137,18570],"product_tag":[],"class_list":{"0":"post-230784","1":"product","2":"type-product","3":"status-publish","4":"has-post-thumbnail","6":"product_cat-aromatherapie-et-parfums-d-ambiance","7":"product_cat-bouteilles-en-verre-et-accessoires","8":"product_cat-emballages-boites-et-sacs-cadeau","9":"product_cat-marque-blanche","10":"pa_collection-glass-bottles-accessories-fr","11":"pa_made-in-chine","12":"pa_size-10ml","14":"first","15":"instock","16":"purchasable","17":"product-type-simple"},"supplier_id":null,"supplier_sku":"GBotD-01","barcode":null,"atum_controlled":true,"out_stock_date":null,"out_stock_threshold":null,"inheritable":false,"inbound_stock":null,"stock_on_hold":0,"sold_today":0,"sales_last_days":0,"reserved_stock":null,"customer_returns":null,"warehouse_damage":null,"lost_in_post":null,"other_logs":null,"out_stock_days":0,"lost_sales":0,"has_location":null,"update_date":"2026-05-04T00:03:55","atum_locations":[],"atum_stock_status":"instock","restock_status":false,"low_stock_amount":"","sales_update_date":"2025-09-04T00:25:30","calc_backorders":null,"_links":{"self":[{"href":"https:\/\/aromasentia.com\/fr\/wp-json\/wp\/v2\/product\/230784","targetHints":{"allow":["GET"]}}],"collection":[{"href":"https:\/\/aromasentia.com\/fr\/wp-json\/wp\/v2\/product"}],"about":[{"href":"https:\/\/aromasentia.com\/fr\/wp-json\/wp\/v2\/types\/product"}],"replies":[{"embeddable":true,"href":"https:\/\/aromasentia.com\/fr\/wp-json\/wp\/v2\/comments?post=230784"}],"version-history":[{"count":0,"href":"https:\/\/aromasentia.com\/fr\/wp-json\/wp\/v2\/product\/230784\/revisions"}],"wp:featuredmedia":[{"embeddable":true,"href":"https:\/\/aromasentia.com\/fr\/wp-json\/wp\/v2\/media\/354798"}],"wp:attachment":[{"href":"https:\/\/aromasentia.com\/fr\/wp-json\/wp\/v2\/media?parent=230784"}],"wp:term":[{"taxonomy":"product_brand","embeddable":true,"href":"https:\/\/aromasentia.com\/fr\/wp-json\/wp\/v2\/product_brand?post=230784"},{"taxonomy":"product_cat","embeddable":true,"href":"https:\/\/aromasentia.com\/fr\/wp-json\/wp\/v2\/product_cat?post=230784"},{"taxonomy":"product_tag","embeddable":true,"href":"https:\/\/aromasentia.com\/fr\/wp-json\/wp\/v2\/product_tag?post=230784"}],"curies":[{"name":"wp","href":"https:\/\/api.w.org\/{rel}","templated":true}]}}