{"id":230780,"date":"2025-03-22T14:18:27","date_gmt":"2025-03-22T14:18:27","guid":{"rendered":"https:\/\/aromasentia.com\/product\/pipette-dropper-cap-for-30ml-bottle\/"},"modified":"2025-06-23T18:49:04","modified_gmt":"2025-06-23T18:49:04","slug":"bouchons-pipette-compte-gouttes-pour-flacon-de-30ml-inviolable","status":"publish","type":"product","link":"https:\/\/aromasentia.com\/fr\/bouchons-pipette-compte-gouttes-pour-flacon-de-30ml-inviolable\/","title":{"rendered":"Bouchons Pipette compte-gouttes pour Flacon de 30ml Inviolable"},"content":{"rendered":"<p><strong><span style=\"color: rgb(75, 80, 88);\">Pipette compte-gouttes<\/span><\/strong> \u00e0 bout droit en verre et noir inviolable Ancient Wisdom. Compatible avec notre flacon en verre ambr\u00e9 de 30ml ( GBot-34)-&nbsp;<\/p>\n<p>Un excellent moyen de distribuer vos liquides de mani\u00e8re propre et pr\u00e9cise.<\/p>\n","protected":false},"excerpt":{"rendered":"<p>Pipette compte-gouttes \u00e0 bout droit en verre et noir inviolable Ancient Wisdom. Compatible avec notre flacon en verre ambr\u00e9 de 30ml ( GBot-34)-&nbsp; Un excellent moyen de distribuer vos liquides de mani\u00e8re propre et pr\u00e9cise.<\/p>\n","protected":false},"featured_media":354789,"comment_status":"closed","ping_status":"open","template":"","meta":{"_angie_page":false},"product_brand":[],"product_cat":[16450,16540,14137,18570],"product_tag":[],"class_list":{"0":"post-230780","1":"product","2":"type-product","3":"status-publish","4":"has-post-thumbnail","6":"product_cat-aromatherapie-et-parfums-d-ambiance","7":"product_cat-bouteilles-en-verre-et-accessoires","8":"product_cat-emballages-boites-et-sacs-cadeau","9":"product_cat-marque-blanche","10":"pa_collection-glass-bottles-accessories-fr","11":"pa_made-in-chine","12":"pa_size-30ml","14":"first","15":"instock","16":"purchasable","17":"product-type-simple"},"supplier_id":null,"supplier_sku":"GBotD-04","barcode":null,"atum_controlled":true,"out_stock_date":null,"out_stock_threshold":null,"inheritable":false,"inbound_stock":null,"stock_on_hold":0,"sold_today":0,"sales_last_days":0,"reserved_stock":null,"customer_returns":null,"warehouse_damage":null,"lost_in_post":null,"other_logs":null,"out_stock_days":0,"lost_sales":0,"has_location":null,"update_date":"2026-04-27T07:05:00","atum_locations":[],"atum_stock_status":"instock","restock_status":false,"low_stock_amount":"","sales_update_date":"2025-09-05T00:27:22","calc_backorders":null,"_links":{"self":[{"href":"https:\/\/aromasentia.com\/fr\/wp-json\/wp\/v2\/product\/230780","targetHints":{"allow":["GET"]}}],"collection":[{"href":"https:\/\/aromasentia.com\/fr\/wp-json\/wp\/v2\/product"}],"about":[{"href":"https:\/\/aromasentia.com\/fr\/wp-json\/wp\/v2\/types\/product"}],"replies":[{"embeddable":true,"href":"https:\/\/aromasentia.com\/fr\/wp-json\/wp\/v2\/comments?post=230780"}],"version-history":[{"count":0,"href":"https:\/\/aromasentia.com\/fr\/wp-json\/wp\/v2\/product\/230780\/revisions"}],"wp:featuredmedia":[{"embeddable":true,"href":"https:\/\/aromasentia.com\/fr\/wp-json\/wp\/v2\/media\/354789"}],"wp:attachment":[{"href":"https:\/\/aromasentia.com\/fr\/wp-json\/wp\/v2\/media?parent=230780"}],"wp:term":[{"taxonomy":"product_brand","embeddable":true,"href":"https:\/\/aromasentia.com\/fr\/wp-json\/wp\/v2\/product_brand?post=230780"},{"taxonomy":"product_cat","embeddable":true,"href":"https:\/\/aromasentia.com\/fr\/wp-json\/wp\/v2\/product_cat?post=230780"},{"taxonomy":"product_tag","embeddable":true,"href":"https:\/\/aromasentia.com\/fr\/wp-json\/wp\/v2\/product_tag?post=230780"}],"curies":[{"name":"wp","href":"https:\/\/api.w.org\/{rel}","templated":true}]}}