{"id":230776,"date":"2025-03-22T14:18:27","date_gmt":"2025-03-22T14:18:27","guid":{"rendered":"https:\/\/aromasentia.com\/product\/30ml-amber-bottle\/"},"modified":"2025-06-23T18:49:03","modified_gmt":"2025-06-23T18:49:03","slug":"bouteille-ambre-30ml","status":"publish","type":"product","link":"https:\/\/aromasentia.com\/fr\/bouteille-ambre-30ml\/","title":{"rendered":"Bouteille Ambre 30ml"},"content":{"rendered":"<p><strong><span style=\"color: rgb(75, 80, 88);\">Ces Bouteilles en verre ambr\u00e9<\/span><\/strong> de 30 ml sont id\u00e9ales pour une large gamme d&rsquo;exigences d&#8217;embouteillage, y compris les huiles essentielles et les huiles parfum\u00e9es, vous permettant de mettre en bouteille les v\u00f4tres ou peut-\u00eatre m\u00eame de faire votre propre m\u00e9lange d&rsquo;huiles de massage.&nbsp;<\/p>\n<p>La bouteille en verre ambr\u00e9 de 30 ml est \u00e9galement un excellent choix pour stocker des liquides sur un vari\u00e9t\u00e9 d&rsquo;industries ou m\u00eame \u00e0 la maison. Le prix comprend uniquement la bouteille.&nbsp;<\/p>\n<p><strong><span style=\"color: rgb(75, 80, 88);\">Couvercles compatibles avec cette bouteille : GBot-19, GBot-09N et GBot-09 <\/span><\/strong><\/p>\n<p>N&rsquo;oubliez pas de commander \u00e9galement votre choix de couvercle.&nbsp;<\/p>\n<p>Contenance :30ml&nbsp;<\/p>\n<p>Hauteur :7.5cm&nbsp;<\/p>\n<p>Diam\u00e8tre :3cm&nbsp;<\/p>\n<p>Poids :0.45g&nbsp;<\/p>\n<p><strong><span style=\"color: rgb(141, 186, 216);\">Mettez en bouteille une commande de profit suppl\u00e9mentaire aujourd&rsquo;hui.<\/span><\/strong><\/p>\n","protected":false},"excerpt":{"rendered":"<p>Ces Bouteilles en verre ambr\u00e9 de 30 ml sont id\u00e9ales pour une large gamme d&rsquo;exigences d&#8217;embouteillage, y compris les huiles essentielles et les huiles parfum\u00e9es, vous permettant de mettre en bouteille les v\u00f4tres ou peut-\u00eatre m\u00eame de faire votre propre m\u00e9lange d&rsquo;huiles de massage.&nbsp; La bouteille en verre ambr\u00e9 de 30 ml est \u00e9galement un [&hellip;]<\/p>\n","protected":false},"featured_media":354780,"comment_status":"closed","ping_status":"open","template":"","meta":{"_angie_page":false},"product_brand":[],"product_cat":[16450,16540,14137,18570],"product_tag":[],"class_list":{"0":"post-230776","1":"product","2":"type-product","3":"status-publish","4":"has-post-thumbnail","6":"product_cat-aromatherapie-et-parfums-d-ambiance","7":"product_cat-bouteilles-en-verre-et-accessoires","8":"product_cat-emballages-boites-et-sacs-cadeau","9":"product_cat-marque-blanche","10":"pa_collection-glass-bottles-accessories-fr","11":"pa_made-in-chine","12":"pa_size-30ml","14":"first","15":"instock","16":"purchasable","17":"product-type-simple"},"supplier_id":null,"supplier_sku":"GBot-34","barcode":null,"atum_controlled":true,"out_stock_date":null,"out_stock_threshold":null,"inheritable":false,"inbound_stock":null,"stock_on_hold":0,"sold_today":0,"sales_last_days":0,"reserved_stock":null,"customer_returns":null,"warehouse_damage":null,"lost_in_post":null,"other_logs":null,"out_stock_days":0,"lost_sales":0,"has_location":null,"update_date":"2026-04-27T07:05:00","atum_locations":[],"atum_stock_status":"instock","restock_status":false,"low_stock_amount":"","sales_update_date":"2025-09-05T00:27:21","calc_backorders":null,"_links":{"self":[{"href":"https:\/\/aromasentia.com\/fr\/wp-json\/wp\/v2\/product\/230776","targetHints":{"allow":["GET"]}}],"collection":[{"href":"https:\/\/aromasentia.com\/fr\/wp-json\/wp\/v2\/product"}],"about":[{"href":"https:\/\/aromasentia.com\/fr\/wp-json\/wp\/v2\/types\/product"}],"replies":[{"embeddable":true,"href":"https:\/\/aromasentia.com\/fr\/wp-json\/wp\/v2\/comments?post=230776"}],"version-history":[{"count":0,"href":"https:\/\/aromasentia.com\/fr\/wp-json\/wp\/v2\/product\/230776\/revisions"}],"wp:featuredmedia":[{"embeddable":true,"href":"https:\/\/aromasentia.com\/fr\/wp-json\/wp\/v2\/media\/354780"}],"wp:attachment":[{"href":"https:\/\/aromasentia.com\/fr\/wp-json\/wp\/v2\/media?parent=230776"}],"wp:term":[{"taxonomy":"product_brand","embeddable":true,"href":"https:\/\/aromasentia.com\/fr\/wp-json\/wp\/v2\/product_brand?post=230776"},{"taxonomy":"product_cat","embeddable":true,"href":"https:\/\/aromasentia.com\/fr\/wp-json\/wp\/v2\/product_cat?post=230776"},{"taxonomy":"product_tag","embeddable":true,"href":"https:\/\/aromasentia.com\/fr\/wp-json\/wp\/v2\/product_tag?post=230776"}],"curies":[{"name":"wp","href":"https:\/\/api.w.org\/{rel}","templated":true}]}}