{"id":230772,"date":"2025-03-22T14:18:27","date_gmt":"2025-03-22T14:18:27","guid":{"rendered":"https:\/\/aromasentia.com\/product\/300ml-amber-bottle\/"},"modified":"2025-06-23T18:49:03","modified_gmt":"2025-06-23T18:49:03","slug":"bouteille-ambre-300ml","status":"publish","type":"product","link":"https:\/\/aromasentia.com\/fr\/bouteille-ambre-300ml\/","title":{"rendered":"Bouteille Ambre 300ml"},"content":{"rendered":"<p><strong><span style=\"color: rgb(75, 80, 88);\">Ces bouteilles en verre ambr\u00e9 de 300 ml&nbsp;<\/span><\/strong>sont id\u00e9ales pour une large gamme d&rsquo;exigences d&#8217;embouteillage, y compris les huiles essentielles et les huiles parfum\u00e9es, vous permettant de mettre en bouteille les v\u00f4tres ou peut-\u00eatre m\u00eame de faire votre propre m\u00e9lange d&rsquo;huiles de massage.&nbsp;<\/p>\n<p>La bouteille en verre ambr\u00e9 de 300 ml est \u00e9galement un excellent choix pour stocker des liquides \u00e0 travers une vari\u00e9t\u00e9 d&rsquo;industries ou m\u00eame \u00e0 la maison.&nbsp;<\/p>\n<p><strong>Pack de 36 Bouteilles vendues avec la pompe. <\/strong><\/p>\n","protected":false},"excerpt":{"rendered":"<p>Ces bouteilles en verre ambr\u00e9 de 300 ml&nbsp;sont id\u00e9ales pour une large gamme d&rsquo;exigences d&#8217;embouteillage, y compris les huiles essentielles et les huiles parfum\u00e9es, vous permettant de mettre en bouteille les v\u00f4tres ou peut-\u00eatre m\u00eame de faire votre propre m\u00e9lange d&rsquo;huiles de massage.&nbsp; La bouteille en verre ambr\u00e9 de 300 ml est \u00e9galement un excellent [&hellip;]<\/p>\n","protected":false},"featured_media":354755,"comment_status":"closed","ping_status":"open","template":"","meta":{"_angie_page":false},"product_brand":[],"product_cat":[16450,16540,14137,18570],"product_tag":[],"class_list":{"0":"post-230772","1":"product","2":"type-product","3":"status-publish","4":"has-post-thumbnail","6":"product_cat-aromatherapie-et-parfums-d-ambiance","7":"product_cat-bouteilles-en-verre-et-accessoires","8":"product_cat-emballages-boites-et-sacs-cadeau","9":"product_cat-marque-blanche","10":"pa_collection-glass-bottles-accessories-fr","11":"pa_made-in-chine","12":"pa_size-300ml","14":"first","15":"instock","16":"purchasable","17":"product-type-simple"},"supplier_id":null,"supplier_sku":"GBot-33","barcode":null,"atum_controlled":true,"out_stock_date":null,"out_stock_threshold":null,"inheritable":false,"inbound_stock":null,"stock_on_hold":0,"sold_today":0,"sales_last_days":0,"reserved_stock":null,"customer_returns":null,"warehouse_damage":null,"lost_in_post":null,"other_logs":null,"out_stock_days":0,"lost_sales":0,"has_location":null,"update_date":"2026-04-27T07:05:00","atum_locations":[],"atum_stock_status":"instock","restock_status":false,"low_stock_amount":"","sales_update_date":"2026-01-30T01:24:56","calc_backorders":null,"_links":{"self":[{"href":"https:\/\/aromasentia.com\/fr\/wp-json\/wp\/v2\/product\/230772","targetHints":{"allow":["GET"]}}],"collection":[{"href":"https:\/\/aromasentia.com\/fr\/wp-json\/wp\/v2\/product"}],"about":[{"href":"https:\/\/aromasentia.com\/fr\/wp-json\/wp\/v2\/types\/product"}],"replies":[{"embeddable":true,"href":"https:\/\/aromasentia.com\/fr\/wp-json\/wp\/v2\/comments?post=230772"}],"version-history":[{"count":0,"href":"https:\/\/aromasentia.com\/fr\/wp-json\/wp\/v2\/product\/230772\/revisions"}],"wp:featuredmedia":[{"embeddable":true,"href":"https:\/\/aromasentia.com\/fr\/wp-json\/wp\/v2\/media\/354755"}],"wp:attachment":[{"href":"https:\/\/aromasentia.com\/fr\/wp-json\/wp\/v2\/media?parent=230772"}],"wp:term":[{"taxonomy":"product_brand","embeddable":true,"href":"https:\/\/aromasentia.com\/fr\/wp-json\/wp\/v2\/product_brand?post=230772"},{"taxonomy":"product_cat","embeddable":true,"href":"https:\/\/aromasentia.com\/fr\/wp-json\/wp\/v2\/product_cat?post=230772"},{"taxonomy":"product_tag","embeddable":true,"href":"https:\/\/aromasentia.com\/fr\/wp-json\/wp\/v2\/product_tag?post=230772"}],"curies":[{"name":"wp","href":"https:\/\/api.w.org\/{rel}","templated":true}]}}