{"id":230764,"date":"2025-03-22T14:18:27","date_gmt":"2025-03-22T14:18:27","guid":{"rendered":"https:\/\/aromasentia.com\/product\/amber-roller-bottle\/"},"modified":"2025-06-23T18:49:01","modified_gmt":"2025-06-23T18:49:01","slug":"bouteilles-roll-on-ambre-150x","status":"publish","type":"product","link":"https:\/\/aromasentia.com\/fr\/bouteilles-roll-on-ambre-150x\/","title":{"rendered":"Bouteilles Roll-on Ambre (150x)"},"content":{"rendered":"<p><strong><span style=\"color: rgb(75, 80, 88);\">Les flacons roll-ons ambr\u00e9s de 10 ml&nbsp;<\/span><\/strong>en gros sont parfaits pour appliquer des huiles essentielles dilu\u00e9es directement sur la peau.&nbsp;<\/p>\n<p>Le roll-on est con&ccedil;u pour disperser les m\u00e9langes en douceur sur la peau.&nbsp;<\/p>\n<p>La taille pratique (hauteur 83 mm, diam\u00e8tre 18 mm) de la bouteille permet de l&#8217;emporter facilement partout avec vous.&nbsp;<\/p>\n<p>Le poids de 1 bouteille est de 32g&nbsp;<\/p>\n<p><strong>Vendu par pack de 150 pi\u00e8ces (bouteilles avec roulettes et bouchons).<\/strong><\/p>\n","protected":false},"excerpt":{"rendered":"<p>Les flacons roll-ons ambr\u00e9s de 10 ml&nbsp;en gros sont parfaits pour appliquer des huiles essentielles dilu\u00e9es directement sur la peau.&nbsp; Le roll-on est con&ccedil;u pour disperser les m\u00e9langes en douceur sur la peau.&nbsp; La taille pratique (hauteur 83 mm, diam\u00e8tre 18 mm) de la bouteille permet de l&#8217;emporter facilement partout avec vous.&nbsp; Le poids de [&hellip;]<\/p>\n","protected":false},"featured_media":354721,"comment_status":"closed","ping_status":"open","template":"","meta":{"_angie_page":false},"product_brand":[],"product_cat":[16450,16540,14137,18570],"product_tag":[],"class_list":{"0":"post-230764","1":"product","2":"type-product","3":"status-publish","4":"has-post-thumbnail","6":"product_cat-aromatherapie-et-parfums-d-ambiance","7":"product_cat-bouteilles-en-verre-et-accessoires","8":"product_cat-emballages-boites-et-sacs-cadeau","9":"product_cat-marque-blanche","10":"pa_collection-glass-bottles-accessories-fr","11":"pa_made-in-chine","13":"first","14":"instock","15":"purchasable","16":"product-type-simple"},"supplier_id":null,"supplier_sku":"Gbot-21","barcode":null,"atum_controlled":true,"out_stock_date":null,"out_stock_threshold":null,"inheritable":false,"inbound_stock":null,"stock_on_hold":0,"sold_today":0,"sales_last_days":0,"reserved_stock":null,"customer_returns":null,"warehouse_damage":null,"lost_in_post":null,"other_logs":null,"out_stock_days":0,"lost_sales":0,"has_location":null,"update_date":"2026-04-27T07:05:00","atum_locations":[],"atum_stock_status":"instock","restock_status":false,"low_stock_amount":"","sales_update_date":"2026-02-06T00:01:12","calc_backorders":null,"_links":{"self":[{"href":"https:\/\/aromasentia.com\/fr\/wp-json\/wp\/v2\/product\/230764","targetHints":{"allow":["GET"]}}],"collection":[{"href":"https:\/\/aromasentia.com\/fr\/wp-json\/wp\/v2\/product"}],"about":[{"href":"https:\/\/aromasentia.com\/fr\/wp-json\/wp\/v2\/types\/product"}],"replies":[{"embeddable":true,"href":"https:\/\/aromasentia.com\/fr\/wp-json\/wp\/v2\/comments?post=230764"}],"version-history":[{"count":0,"href":"https:\/\/aromasentia.com\/fr\/wp-json\/wp\/v2\/product\/230764\/revisions"}],"wp:featuredmedia":[{"embeddable":true,"href":"https:\/\/aromasentia.com\/fr\/wp-json\/wp\/v2\/media\/354721"}],"wp:attachment":[{"href":"https:\/\/aromasentia.com\/fr\/wp-json\/wp\/v2\/media?parent=230764"}],"wp:term":[{"taxonomy":"product_brand","embeddable":true,"href":"https:\/\/aromasentia.com\/fr\/wp-json\/wp\/v2\/product_brand?post=230764"},{"taxonomy":"product_cat","embeddable":true,"href":"https:\/\/aromasentia.com\/fr\/wp-json\/wp\/v2\/product_cat?post=230764"},{"taxonomy":"product_tag","embeddable":true,"href":"https:\/\/aromasentia.com\/fr\/wp-json\/wp\/v2\/product_tag?post=230764"}],"curies":[{"name":"wp","href":"https:\/\/api.w.org\/{rel}","templated":true}]}}