{"id":230748,"date":"2025-03-22T14:18:27","date_gmt":"2025-03-22T14:18:27","guid":{"rendered":"https:\/\/aromasentia.com\/product\/tamper-evident-and-child-resistant-closure\/"},"modified":"2025-06-23T18:48:59","modified_gmt":"2025-06-23T18:48:59","slug":"bouchons-compte-gouttes-inviolables-bouteilles-10ml","status":"publish","type":"product","link":"https:\/\/aromasentia.com\/fr\/bouchons-compte-gouttes-inviolables-bouteilles-10ml\/","title":{"rendered":"Bouchons Compte-gouttes Inviolables Bouteilles 10ml"},"content":{"rendered":"<p>Bouchon avec s\u00e9curit\u00e9 enfant avec distribution de gouttes pour flacons de 10 ml, 50 ml et 100 ml.&nbsp;<\/p>\n<p>Nous avons une large gamme de bouteilles et d&rsquo;accessoires disponibles \u00e0 des prix de gros. Id\u00e9al pour un large \u00e9ventail d&rsquo;exigences de mise en bouteille, y compris les huiles essentielles et les huiles parfum\u00e9es, vous permettant de mettre en bouteille la v\u00f4tre ou peut-\u00eatre m\u00eame de cr\u00e9er votre propre m\u00e9lange d&rsquo;huiles de massage.<\/p>\n","protected":false},"excerpt":{"rendered":"<p>Bouchon avec s\u00e9curit\u00e9 enfant avec distribution de gouttes pour flacons de 10 ml, 50 ml et 100 ml.&nbsp; Nous avons une large gamme de bouteilles et d&rsquo;accessoires disponibles \u00e0 des prix de gros. Id\u00e9al pour un large \u00e9ventail d&rsquo;exigences de mise en bouteille, y compris les huiles essentielles et les huiles parfum\u00e9es, vous permettant de [&hellip;]<\/p>\n","protected":false},"featured_media":354645,"comment_status":"closed","ping_status":"open","template":"","meta":{"_angie_page":false},"product_brand":[],"product_cat":[16450,16540,14137,18570],"product_tag":[],"class_list":{"0":"post-230748","1":"product","2":"type-product","3":"status-publish","4":"has-post-thumbnail","6":"product_cat-aromatherapie-et-parfums-d-ambiance","7":"product_cat-bouteilles-en-verre-et-accessoires","8":"product_cat-emballages-boites-et-sacs-cadeau","9":"product_cat-marque-blanche","10":"pa_collection-glass-bottles-accessories-fr","11":"pa_made-in-royaume-uni","13":"first","14":"instock","15":"purchasable","16":"product-type-simple"},"supplier_id":null,"supplier_sku":"GBot-24","barcode":null,"atum_controlled":true,"out_stock_date":null,"out_stock_threshold":null,"inheritable":false,"inbound_stock":null,"stock_on_hold":0,"sold_today":0,"sales_last_days":0,"reserved_stock":null,"customer_returns":null,"warehouse_damage":null,"lost_in_post":null,"other_logs":null,"out_stock_days":0,"lost_sales":0,"has_location":null,"update_date":"2026-05-04T00:03:55","atum_locations":[],"atum_stock_status":"instock","restock_status":false,"low_stock_amount":"","sales_update_date":"2025-09-05T00:27:20","calc_backorders":null,"_links":{"self":[{"href":"https:\/\/aromasentia.com\/fr\/wp-json\/wp\/v2\/product\/230748","targetHints":{"allow":["GET"]}}],"collection":[{"href":"https:\/\/aromasentia.com\/fr\/wp-json\/wp\/v2\/product"}],"about":[{"href":"https:\/\/aromasentia.com\/fr\/wp-json\/wp\/v2\/types\/product"}],"replies":[{"embeddable":true,"href":"https:\/\/aromasentia.com\/fr\/wp-json\/wp\/v2\/comments?post=230748"}],"version-history":[{"count":0,"href":"https:\/\/aromasentia.com\/fr\/wp-json\/wp\/v2\/product\/230748\/revisions"}],"wp:featuredmedia":[{"embeddable":true,"href":"https:\/\/aromasentia.com\/fr\/wp-json\/wp\/v2\/media\/354645"}],"wp:attachment":[{"href":"https:\/\/aromasentia.com\/fr\/wp-json\/wp\/v2\/media?parent=230748"}],"wp:term":[{"taxonomy":"product_brand","embeddable":true,"href":"https:\/\/aromasentia.com\/fr\/wp-json\/wp\/v2\/product_brand?post=230748"},{"taxonomy":"product_cat","embeddable":true,"href":"https:\/\/aromasentia.com\/fr\/wp-json\/wp\/v2\/product_cat?post=230748"},{"taxonomy":"product_tag","embeddable":true,"href":"https:\/\/aromasentia.com\/fr\/wp-json\/wp\/v2\/product_tag?post=230748"}],"curies":[{"name":"wp","href":"https:\/\/api.w.org\/{rel}","templated":true}]}}