{"id":230676,"date":"2025-03-22T14:18:27","date_gmt":"2025-03-22T14:18:27","guid":{"rendered":"https:\/\/aromasentia.com\/product\/long-tea-chest-grey\/"},"modified":"2025-06-23T18:48:49","modified_gmt":"2025-06-23T18:48:49","slug":"coffre-a-the-long-gris","status":"publish","type":"product","link":"https:\/\/aromasentia.com\/fr\/coffre-a-the-long-gris\/","title":{"rendered":"Coffre \u00e0 Th\u00e9 Long  &#8211; Gris"},"content":{"rendered":"<p>Ces bo\u00eetes ont un charme colonial distinct mais ne vous attendez pas \u00e0 la perfection, les designs, les tailles et les finitions peuvent varier.&nbsp;<\/p>\n<p>Fabriqu\u00e9 \u00e0 partir de contreplaqu\u00e9 et divers mat\u00e9riaux.<\/p>\n<p>Pour ceux qui poss\u00e8dent une vaste collection de th\u00e9, le Coffre \u00e0 Th\u00e9 Long &#8211; Gris offre une solution \u00e9l\u00e9gante.&nbsp;<\/p>\n<p>Sa conception allong\u00e9e offre suffisamment d&rsquo;espace pour vos vari\u00e9t\u00e9s de th\u00e9.&nbsp;<\/p>\n<p><strong><span style=\"color: rgb(141, 186, 216);\">Id\u00e9al pour reconditionner des cadeaux, comme bo\u00eetes \u00e0 bibelots ou comme bo\u00eetes \u00e0 bijoux.<\/span><\/strong><\/p>\n","protected":false},"excerpt":{"rendered":"<p>Ces bo\u00eetes ont un charme colonial distinct mais ne vous attendez pas \u00e0 la perfection, les designs, les tailles et les finitions peuvent varier.&nbsp; Fabriqu\u00e9 \u00e0 partir de contreplaqu\u00e9 et divers mat\u00e9riaux. Pour ceux qui poss\u00e8dent une vaste collection de th\u00e9, le Coffre \u00e0 Th\u00e9 Long &#8211; Gris offre une solution \u00e9l\u00e9gante.&nbsp; Sa conception allong\u00e9e [&hellip;]<\/p>\n","protected":false},"featured_media":354267,"comment_status":"closed","ping_status":"open","template":"","meta":{"_angie_page":false},"product_brand":[],"product_cat":[14137,14138,25039],"product_tag":[],"class_list":{"0":"post-230676","1":"product","2":"type-product","3":"status-publish","4":"has-post-thumbnail","6":"product_cat-emballages-boites-et-sacs-cadeau","7":"product_cat-rangement-coffrets-et-boites-cadeaux","8":"product_cat-the-et-accessoires","9":"pa_collection-vintage-style-boxes-fr","10":"pa_made-in-chine","12":"first","13":"instock","14":"purchasable","15":"product-type-simple"},"supplier_id":null,"supplier_sku":"ColB-36","barcode":null,"atum_controlled":true,"out_stock_date":null,"out_stock_threshold":null,"inheritable":false,"inbound_stock":null,"stock_on_hold":0,"sold_today":0,"sales_last_days":0,"reserved_stock":null,"customer_returns":null,"warehouse_damage":null,"lost_in_post":null,"other_logs":null,"out_stock_days":0,"lost_sales":0,"has_location":null,"update_date":"2026-04-30T01:02:51","atum_locations":[],"atum_stock_status":"instock","restock_status":false,"low_stock_amount":"","sales_update_date":"2026-02-06T00:02:40","calc_backorders":null,"_links":{"self":[{"href":"https:\/\/aromasentia.com\/fr\/wp-json\/wp\/v2\/product\/230676","targetHints":{"allow":["GET"]}}],"collection":[{"href":"https:\/\/aromasentia.com\/fr\/wp-json\/wp\/v2\/product"}],"about":[{"href":"https:\/\/aromasentia.com\/fr\/wp-json\/wp\/v2\/types\/product"}],"replies":[{"embeddable":true,"href":"https:\/\/aromasentia.com\/fr\/wp-json\/wp\/v2\/comments?post=230676"}],"version-history":[{"count":0,"href":"https:\/\/aromasentia.com\/fr\/wp-json\/wp\/v2\/product\/230676\/revisions"}],"wp:featuredmedia":[{"embeddable":true,"href":"https:\/\/aromasentia.com\/fr\/wp-json\/wp\/v2\/media\/354267"}],"wp:attachment":[{"href":"https:\/\/aromasentia.com\/fr\/wp-json\/wp\/v2\/media?parent=230676"}],"wp:term":[{"taxonomy":"product_brand","embeddable":true,"href":"https:\/\/aromasentia.com\/fr\/wp-json\/wp\/v2\/product_brand?post=230676"},{"taxonomy":"product_cat","embeddable":true,"href":"https:\/\/aromasentia.com\/fr\/wp-json\/wp\/v2\/product_cat?post=230676"},{"taxonomy":"product_tag","embeddable":true,"href":"https:\/\/aromasentia.com\/fr\/wp-json\/wp\/v2\/product_tag?post=230676"}],"curies":[{"name":"wp","href":"https:\/\/api.w.org\/{rel}","templated":true}]}}