{"id":230672,"date":"2025-03-22T14:18:27","date_gmt":"2025-03-22T14:18:27","guid":{"rendered":"https:\/\/aromasentia.com\/product\/long-tea-chest-teal\/"},"modified":"2025-06-23T18:48:49","modified_gmt":"2025-06-23T18:48:49","slug":"coffre-a-the-long-sarcelle","status":"publish","type":"product","link":"https:\/\/aromasentia.com\/fr\/coffre-a-the-long-sarcelle\/","title":{"rendered":"Coffre \u00e0 Th\u00e9 Long  &#8211; Sarcelle"},"content":{"rendered":"<p>Ces bo\u00eetes ont un charme colonial distinct mais ne vous attendez pas \u00e0 la perfection, les designs, les tailles et les finitions peuvent varier. Fabriqu\u00e9 \u00e0 partir de contreplaqu\u00e9 et divers mat\u00e9riaux.<\/p>\n<p>Le coffre \u00e0 th\u00e9 bleu sarcelle est un ajout frappant \u00e0 la collection de tout amateur de th\u00e9.&nbsp;<\/p>\n<p>Son design d\u00e9gage un charme vintage, ce qui en fait une pi\u00e8ce ma\u00eetresse dans votre cuisine.&nbsp;<\/p>\n<p>Id\u00e9al pour reconditionner des cadeaux, comme bo\u00eetes \u00e0 bibelots ou comme bo\u00eetes \u00e0 bijoux.<\/p>\n","protected":false},"excerpt":{"rendered":"<p>Ces bo\u00eetes ont un charme colonial distinct mais ne vous attendez pas \u00e0 la perfection, les designs, les tailles et les finitions peuvent varier. Fabriqu\u00e9 \u00e0 partir de contreplaqu\u00e9 et divers mat\u00e9riaux. Le coffre \u00e0 th\u00e9 bleu sarcelle est un ajout frappant \u00e0 la collection de tout amateur de th\u00e9.&nbsp; Son design d\u00e9gage un charme [&hellip;]<\/p>\n","protected":false},"featured_media":354250,"comment_status":"closed","ping_status":"open","template":"","meta":{"_angie_page":false},"product_brand":[],"product_cat":[14137,14138,25039],"product_tag":[],"class_list":{"0":"post-230672","1":"product","2":"type-product","3":"status-publish","4":"has-post-thumbnail","6":"product_cat-emballages-boites-et-sacs-cadeau","7":"product_cat-rangement-coffrets-et-boites-cadeaux","8":"product_cat-the-et-accessoires","9":"pa_collection-vintage-style-boxes-fr","10":"pa_made-in-chine","12":"first","13":"instock","14":"purchasable","15":"product-type-simple"},"supplier_id":null,"supplier_sku":"ColB-35","barcode":null,"atum_controlled":true,"out_stock_date":null,"out_stock_threshold":null,"inheritable":false,"inbound_stock":null,"stock_on_hold":0,"sold_today":0,"sales_last_days":0,"reserved_stock":null,"customer_returns":null,"warehouse_damage":null,"lost_in_post":null,"other_logs":null,"out_stock_days":0,"lost_sales":0,"has_location":null,"update_date":"2026-04-27T06:58:06","atum_locations":[],"atum_stock_status":"instock","restock_status":false,"low_stock_amount":"","sales_update_date":"2026-01-30T01:26:12","calc_backorders":null,"_links":{"self":[{"href":"https:\/\/aromasentia.com\/fr\/wp-json\/wp\/v2\/product\/230672","targetHints":{"allow":["GET"]}}],"collection":[{"href":"https:\/\/aromasentia.com\/fr\/wp-json\/wp\/v2\/product"}],"about":[{"href":"https:\/\/aromasentia.com\/fr\/wp-json\/wp\/v2\/types\/product"}],"replies":[{"embeddable":true,"href":"https:\/\/aromasentia.com\/fr\/wp-json\/wp\/v2\/comments?post=230672"}],"version-history":[{"count":0,"href":"https:\/\/aromasentia.com\/fr\/wp-json\/wp\/v2\/product\/230672\/revisions"}],"wp:featuredmedia":[{"embeddable":true,"href":"https:\/\/aromasentia.com\/fr\/wp-json\/wp\/v2\/media\/354250"}],"wp:attachment":[{"href":"https:\/\/aromasentia.com\/fr\/wp-json\/wp\/v2\/media?parent=230672"}],"wp:term":[{"taxonomy":"product_brand","embeddable":true,"href":"https:\/\/aromasentia.com\/fr\/wp-json\/wp\/v2\/product_brand?post=230672"},{"taxonomy":"product_cat","embeddable":true,"href":"https:\/\/aromasentia.com\/fr\/wp-json\/wp\/v2\/product_cat?post=230672"},{"taxonomy":"product_tag","embeddable":true,"href":"https:\/\/aromasentia.com\/fr\/wp-json\/wp\/v2\/product_tag?post=230672"}],"curies":[{"name":"wp","href":"https:\/\/api.w.org\/{rel}","templated":true}]}}