{"id":230600,"date":"2025-03-22T14:18:33","date_gmt":"2025-03-22T14:18:33","guid":{"rendered":"https:\/\/aromasentia.com\/product\/medium-jute-sack-240x300mm\/"},"modified":"2025-06-23T18:48:39","modified_gmt":"2025-06-23T18:48:39","slug":"sacs-en-jute-avec-cordons-moyens-240x300mm","status":"publish","type":"product","link":"https:\/\/aromasentia.com\/fr\/sacs-en-jute-avec-cordons-moyens-240x300mm\/","title":{"rendered":"Sacs en jute avec cordons Moyens &#8211; 240x300mm"},"content":{"rendered":"<p><strong><span style=\"color: rgb(75, 80, 88);\">Ces grands sacs \u00e0 cordon en jute <\/span><\/strong>respectueux de l&rsquo;environnement seront le compl\u00e9ment parfait \u00e0 votre magasin.<\/p>\n<p>Incroyablement utiles, nos sacs en jute sont si faciles \u00e0 attacher des breloques, des \u00e9tiquettes, des rubans et d&rsquo;autres d\u00e9corations, de sorte que vous pouvez transformer quelque chose de simple en quelque chose de plut\u00f4t sp\u00e9cial.&nbsp;<\/p>\n<p>Il est m\u00eame livr\u00e9 avec un cordon pr\u00eat \u00e0 nouer. Ils sont particuli\u00e8rement id\u00e9aux pour nos potions de bain d&rsquo;aromath\u00e9rapie, les granul\u00e9s mijot\u00e9s, les bougies chauffe-plat parfum\u00e9es, les savons, les cadeaux et autres cadeaux surprises. Les possibilit\u00e9s sont infinies.&nbsp;<\/p>\n<p><strong><span style=\"color: rgb(141, 186, 216);\">Commandez d\u00e8s aujourd&rsquo;hui pour obtenir ces sacs de jute utiles en magasin.<\/span><\/strong><\/p>\n<p>Sacs en toile de jute naturelle avec cordon. Taille moyenne: 240x300mm<\/p>\n","protected":false},"excerpt":{"rendered":"<p>Ces grands sacs \u00e0 cordon en jute respectueux de l&rsquo;environnement seront le compl\u00e9ment parfait \u00e0 votre magasin. Incroyablement utiles, nos sacs en jute sont si faciles \u00e0 attacher des breloques, des \u00e9tiquettes, des rubans et d&rsquo;autres d\u00e9corations, de sorte que vous pouvez transformer quelque chose de simple en quelque chose de plut\u00f4t sp\u00e9cial.&nbsp; Il est [&hellip;]<\/p>\n","protected":false},"featured_media":355067,"comment_status":"closed","ping_status":"open","template":"","meta":{"_angie_page":false},"product_brand":[],"product_cat":[14137,18514],"product_tag":[],"class_list":{"0":"post-230600","1":"product","2":"type-product","3":"status-publish","4":"has-post-thumbnail","6":"product_cat-emballages-boites-et-sacs-cadeau","7":"product_cat-paniers-et-sacs-en-jute-coton-et-papier","8":"pa_collection-jute-drawstring-sacks-fr","9":"pa_made-in-inde","11":"first","12":"instock","13":"purchasable","14":"product-type-simple"},"supplier_id":null,"supplier_sku":"JSack-02","barcode":null,"atum_controlled":true,"out_stock_date":null,"out_stock_threshold":null,"inheritable":false,"inbound_stock":null,"stock_on_hold":0,"sold_today":0,"sales_last_days":0,"reserved_stock":null,"customer_returns":null,"warehouse_damage":null,"lost_in_post":null,"other_logs":null,"out_stock_days":73,"lost_sales":0,"has_location":null,"update_date":"2026-04-30T13:08:10","atum_locations":[],"atum_stock_status":"instock","restock_status":false,"low_stock_amount":"","sales_update_date":"2026-02-06T00:00:52","calc_backorders":null,"_links":{"self":[{"href":"https:\/\/aromasentia.com\/fr\/wp-json\/wp\/v2\/product\/230600","targetHints":{"allow":["GET"]}}],"collection":[{"href":"https:\/\/aromasentia.com\/fr\/wp-json\/wp\/v2\/product"}],"about":[{"href":"https:\/\/aromasentia.com\/fr\/wp-json\/wp\/v2\/types\/product"}],"replies":[{"embeddable":true,"href":"https:\/\/aromasentia.com\/fr\/wp-json\/wp\/v2\/comments?post=230600"}],"version-history":[{"count":0,"href":"https:\/\/aromasentia.com\/fr\/wp-json\/wp\/v2\/product\/230600\/revisions"}],"wp:featuredmedia":[{"embeddable":true,"href":"https:\/\/aromasentia.com\/fr\/wp-json\/wp\/v2\/media\/355067"}],"wp:attachment":[{"href":"https:\/\/aromasentia.com\/fr\/wp-json\/wp\/v2\/media?parent=230600"}],"wp:term":[{"taxonomy":"product_brand","embeddable":true,"href":"https:\/\/aromasentia.com\/fr\/wp-json\/wp\/v2\/product_brand?post=230600"},{"taxonomy":"product_cat","embeddable":true,"href":"https:\/\/aromasentia.com\/fr\/wp-json\/wp\/v2\/product_cat?post=230600"},{"taxonomy":"product_tag","embeddable":true,"href":"https:\/\/aromasentia.com\/fr\/wp-json\/wp\/v2\/product_tag?post=230600"}],"curies":[{"name":"wp","href":"https:\/\/api.w.org\/{rel}","templated":true}]}}