{"id":230572,"date":"2025-03-22T14:18:33","date_gmt":"2025-03-22T14:18:33","guid":{"rendered":"https:\/\/aromasentia.com\/product\/poly-prop-bag-160x250mm-reseal\/"},"modified":"2025-06-23T18:48:36","modified_gmt":"2025-06-23T18:48:36","slug":"sachets-polypropylene-160x250mm-500","status":"publish","type":"product","link":"https:\/\/aromasentia.com\/fr\/sachets-polypropylene-160x250mm-500\/","title":{"rendered":"Sachets Polypropyl\u00e8ne 160x250mm (500)"},"content":{"rendered":"<p>Jetez un coup d&rsquo;\u0153il \u00e0 nos <strong><span style=\"color: rgb(75, 80, 88);\">sacs refermables Poly-Prop<\/span><\/strong>. Ils ajoutent du glamour \u00e0 tout produit.&nbsp;<\/p>\n<p>Le polypropyl\u00e8ne est ce plastique transparent croustillant qui refl\u00e8te la lumi\u00e8re de mani\u00e8re festive. Ils ont tendance \u00e0 \u00eatre proportionnellement plus chers que les sacs en poly\u00e9thyl\u00e8ne mais quand on consid\u00e8re la valeur ajout\u00e9e que ce type d&#8217;emballage apporte, ils en valent la peine !<\/p>\n","protected":false},"excerpt":{"rendered":"<p>Jetez un coup d&rsquo;\u0153il \u00e0 nos sacs refermables Poly-Prop. Ils ajoutent du glamour \u00e0 tout produit.&nbsp; Le polypropyl\u00e8ne est ce plastique transparent croustillant qui refl\u00e8te la lumi\u00e8re de mani\u00e8re festive. Ils ont tendance \u00e0 \u00eatre proportionnellement plus chers que les sacs en poly\u00e9thyl\u00e8ne mais quand on consid\u00e8re la valeur ajout\u00e9e que ce type d&#8217;emballage apporte, [&hellip;]<\/p>\n","protected":false},"featured_media":356078,"comment_status":"closed","ping_status":"open","template":"","meta":{"_angie_page":false},"product_brand":[],"product_cat":[14137,18514],"product_tag":[],"class_list":{"0":"post-230572","1":"product","2":"type-product","3":"status-publish","4":"has-post-thumbnail","6":"product_cat-emballages-boites-et-sacs-cadeau","7":"product_cat-paniers-et-sacs-en-jute-coton-et-papier","8":"pa_collection-poly-prop-bags-fr","9":"pa_made-in-chine","11":"first","12":"instock","13":"purchasable","14":"product-type-simple"},"supplier_id":null,"supplier_sku":"Prop-02","barcode":null,"atum_controlled":true,"out_stock_date":null,"out_stock_threshold":null,"inheritable":false,"inbound_stock":null,"stock_on_hold":0,"sold_today":0,"sales_last_days":0,"reserved_stock":null,"customer_returns":null,"warehouse_damage":null,"lost_in_post":null,"other_logs":null,"out_stock_days":0,"lost_sales":0,"has_location":null,"update_date":"2026-04-27T07:18:41","atum_locations":[],"atum_stock_status":"instock","restock_status":false,"low_stock_amount":"","sales_update_date":"2026-01-30T01:24:56","calc_backorders":null,"_links":{"self":[{"href":"https:\/\/aromasentia.com\/fr\/wp-json\/wp\/v2\/product\/230572","targetHints":{"allow":["GET"]}}],"collection":[{"href":"https:\/\/aromasentia.com\/fr\/wp-json\/wp\/v2\/product"}],"about":[{"href":"https:\/\/aromasentia.com\/fr\/wp-json\/wp\/v2\/types\/product"}],"replies":[{"embeddable":true,"href":"https:\/\/aromasentia.com\/fr\/wp-json\/wp\/v2\/comments?post=230572"}],"version-history":[{"count":0,"href":"https:\/\/aromasentia.com\/fr\/wp-json\/wp\/v2\/product\/230572\/revisions"}],"wp:featuredmedia":[{"embeddable":true,"href":"https:\/\/aromasentia.com\/fr\/wp-json\/wp\/v2\/media\/356078"}],"wp:attachment":[{"href":"https:\/\/aromasentia.com\/fr\/wp-json\/wp\/v2\/media?parent=230572"}],"wp:term":[{"taxonomy":"product_brand","embeddable":true,"href":"https:\/\/aromasentia.com\/fr\/wp-json\/wp\/v2\/product_brand?post=230572"},{"taxonomy":"product_cat","embeddable":true,"href":"https:\/\/aromasentia.com\/fr\/wp-json\/wp\/v2\/product_cat?post=230572"},{"taxonomy":"product_tag","embeddable":true,"href":"https:\/\/aromasentia.com\/fr\/wp-json\/wp\/v2\/product_tag?post=230572"}],"curies":[{"name":"wp","href":"https:\/\/api.w.org\/{rel}","templated":true}]}}