{"id":230436,"date":"2025-03-22T14:18:33","date_gmt":"2025-03-22T14:18:33","guid":{"rendered":"https:\/\/aromasentia.com\/product\/10x-squat-kraft-window-bags-10x20cm\/"},"modified":"2025-06-23T18:48:17","modified_gmt":"2025-06-23T18:48:17","slug":"sachets-kraft-avec-fenetre-10x20cm","status":"publish","type":"product","link":"https:\/\/aromasentia.com\/fr\/sachets-kraft-avec-fenetre-10x20cm\/","title":{"rendered":"Sachets Kraft avec Fen\u00eatre 10x20cm"},"content":{"rendered":"<p>Ces <strong>Sacs \u00e0 fen\u00eatre Kraft<\/strong> en gros conviennent aux produits \u00e0 la fois humides et secs, qui exigent un emballage de bonne qualit\u00e9.&nbsp;<\/p>\n<p>Con&ccedil;u pour un usage alimentaire mais id\u00e9al pour de nombreux articles cadeaux. Ils sont parfaits pour emballer des savons <a href=\"https:\/\/aromasentia.com\/awgsoap\">AWGsoaps<\/a>, des <a href=\"https:\/\/aromasentia.com\/awchill\">mini bombes de bain<\/a> et bien d&rsquo;autres articles cadeaux. Ils sont dot\u00e9s d&rsquo;une fermeture zip qui peut \u00eatre ouverte et ferm\u00e9e plusieurs fois.&nbsp;<\/p>\n<p>Le soufflet inf\u00e9rieur rond autoportant garantit que les sacs peuvent reposer librement sur les \u00e9tag\u00e8res du magasin ou \u00e0 c\u00f4t\u00e9 de votre caisse.&nbsp;<\/p>\n<p><strong>Dimensions :<\/strong> 10&#215;20 cm<\/p>\n<p><strong><span style=\"color: rgb(141, 186, 216);\">Fabriquez vos propres produits et personnalisez les paquets en imprimant vos propres \u00e9tiquettes.<\/span><\/strong><\/p>\n","protected":false},"excerpt":{"rendered":"<p>Ces Sacs \u00e0 fen\u00eatre Kraft en gros conviennent aux produits \u00e0 la fois humides et secs, qui exigent un emballage de bonne qualit\u00e9.&nbsp; Con&ccedil;u pour un usage alimentaire mais id\u00e9al pour de nombreux articles cadeaux. Ils sont parfaits pour emballer des savons AWGsoaps, des mini bombes de bain et bien d&rsquo;autres articles cadeaux. Ils sont [&hellip;]<\/p>\n","protected":false},"featured_media":355356,"comment_status":"closed","ping_status":"open","template":"","meta":{"_angie_page":false},"product_brand":[],"product_cat":[14137,18514],"product_tag":[],"class_list":{"0":"post-230436","1":"product","2":"type-product","3":"status-publish","4":"has-post-thumbnail","6":"product_cat-emballages-boites-et-sacs-cadeau","7":"product_cat-paniers-et-sacs-en-jute-coton-et-papier","8":"pa_collection-kraft-window-bags-fr","9":"pa_made-in-chine","11":"first","12":"instock","13":"purchasable","14":"product-type-simple"},"supplier_id":null,"supplier_sku":"KWB-07","barcode":null,"atum_controlled":true,"out_stock_date":null,"out_stock_threshold":null,"inheritable":false,"inbound_stock":null,"stock_on_hold":0,"sold_today":0,"sales_last_days":0,"reserved_stock":null,"customer_returns":null,"warehouse_damage":null,"lost_in_post":null,"other_logs":null,"out_stock_days":0,"lost_sales":0,"has_location":null,"update_date":"2026-04-27T19:09:48","atum_locations":[],"atum_stock_status":"instock","restock_status":false,"low_stock_amount":"","sales_update_date":"2026-01-30T01:24:38","calc_backorders":null,"_links":{"self":[{"href":"https:\/\/aromasentia.com\/fr\/wp-json\/wp\/v2\/product\/230436","targetHints":{"allow":["GET"]}}],"collection":[{"href":"https:\/\/aromasentia.com\/fr\/wp-json\/wp\/v2\/product"}],"about":[{"href":"https:\/\/aromasentia.com\/fr\/wp-json\/wp\/v2\/types\/product"}],"replies":[{"embeddable":true,"href":"https:\/\/aromasentia.com\/fr\/wp-json\/wp\/v2\/comments?post=230436"}],"version-history":[{"count":0,"href":"https:\/\/aromasentia.com\/fr\/wp-json\/wp\/v2\/product\/230436\/revisions"}],"wp:featuredmedia":[{"embeddable":true,"href":"https:\/\/aromasentia.com\/fr\/wp-json\/wp\/v2\/media\/355356"}],"wp:attachment":[{"href":"https:\/\/aromasentia.com\/fr\/wp-json\/wp\/v2\/media?parent=230436"}],"wp:term":[{"taxonomy":"product_brand","embeddable":true,"href":"https:\/\/aromasentia.com\/fr\/wp-json\/wp\/v2\/product_brand?post=230436"},{"taxonomy":"product_cat","embeddable":true,"href":"https:\/\/aromasentia.com\/fr\/wp-json\/wp\/v2\/product_cat?post=230436"},{"taxonomy":"product_tag","embeddable":true,"href":"https:\/\/aromasentia.com\/fr\/wp-json\/wp\/v2\/product_tag?post=230436"}],"curies":[{"name":"wp","href":"https:\/\/api.w.org\/{rel}","templated":true}]}}