{"id":230392,"date":"2025-03-22T14:18:40","date_gmt":"2025-03-22T14:18:40","guid":{"rendered":"https:\/\/aromasentia.com\/product\/reusable-foam-dispenser-bottle-450ml\/"},"modified":"2025-06-23T18:48:10","modified_gmt":"2025-06-23T18:48:10","slug":"flacon-distributeur-de-mousse-reutilisable-450ml","status":"publish","type":"product","link":"https:\/\/aromasentia.com\/fr\/flacon-distributeur-de-mousse-reutilisable-450ml\/","title":{"rendered":"Flacon Distributeur de Mousse R\u00e9utilisable &#8211; 450ml"},"content":{"rendered":"<p>Am\u00e9liorez votre offre de produits avec nos toutes nouvelles <strong><span style=\"color: rgb(75, 80, 88);\">Bouteilles Distributrices R\u00e9utilisables<\/span><\/strong> en gros, con&ccedil;ues pour r\u00e9pondre aux besoins changeants des entreprises et des consommateurs soucieux de l&rsquo;environnement.<\/p>\n<p>Ces bouteilles \u00e9l\u00e9gantes de couleur verte sont fabriqu\u00e9es \u00e0 partir d&rsquo;un plastique durable et r\u00e9sistant, ce qui leur permet de r\u00e9sister \u00e0 l&rsquo;\u00e9preuve du temps tout en ayant un impact positif sur l&rsquo;environnement.&nbsp;<\/p>\n<p>Voici notre <strong><span style=\"color: rgb(75, 80, 88);\">bouteille distributrice de mousse r\u00e9utilisable d&rsquo;une capacit\u00e9 de 450 ml.<\/span><\/strong> Fabriqu\u00e9e en plastique durable, cette bouteille est sp\u00e9cialement con&ccedil;ue pour les produits moussants.&nbsp;<\/p>\n<p>Son m\u00e9canisme de pompe cr\u00e9e une mousse riche pour les savons pour les mains, les nettoyants moussants ou d&rsquo;autres produits moussants. La boucle en plastique innovante ajoute une s\u00e9curit\u00e9 suppl\u00e9mentaire pendant le transport ou le stockage.&nbsp;<\/p>\n<p>Si vous vendez des produits moussants, ce flacon constitue une solution d&#8217;emballage de qualit\u00e9 sup\u00e9rieure et durable.&nbsp;<\/p>\n<p><strong><span style=\"color: rgb(75, 80, 88);\">Dimensions de la bouteille :<\/span><\/strong> 6,5 x 18,5 x 6,5 cm&nbsp;<\/p>\n<p><strong><span style=\"color: rgb(75, 80, 88);\">Dimensions du conteneur : <\/span><\/strong>6,5 x 11,5 x 6,5 cm<\/p>\n","protected":false},"excerpt":{"rendered":"<p>Am\u00e9liorez votre offre de produits avec nos toutes nouvelles Bouteilles Distributrices R\u00e9utilisables en gros, con&ccedil;ues pour r\u00e9pondre aux besoins changeants des entreprises et des consommateurs soucieux de l&rsquo;environnement. Ces bouteilles \u00e9l\u00e9gantes de couleur verte sont fabriqu\u00e9es \u00e0 partir d&rsquo;un plastique durable et r\u00e9sistant, ce qui leur permet de r\u00e9sister \u00e0 l&rsquo;\u00e9preuve du temps tout en [&hellip;]<\/p>\n","protected":false},"featured_media":356807,"comment_status":"closed","ping_status":"open","template":"","meta":{"_angie_page":false},"product_brand":[],"product_cat":[14137,18570],"product_tag":[],"class_list":{"0":"post-230392","1":"product","2":"type-product","3":"status-publish","4":"has-post-thumbnail","6":"product_cat-emballages-boites-et-sacs-cadeau","7":"product_cat-marque-blanche","8":"pa_collection-reusable-dispenser-bottles-fr","9":"pa_made-in-chine","10":"pa_size-450ml","12":"first","13":"instock","14":"purchasable","15":"product-type-simple"},"supplier_id":null,"supplier_sku":"RPD-04","barcode":null,"atum_controlled":true,"out_stock_date":null,"out_stock_threshold":null,"inheritable":false,"inbound_stock":null,"stock_on_hold":0,"sold_today":0,"sales_last_days":0,"reserved_stock":null,"customer_returns":null,"warehouse_damage":null,"lost_in_post":null,"other_logs":null,"out_stock_days":0,"lost_sales":0,"has_location":null,"update_date":"2026-04-27T07:19:52","atum_locations":[],"atum_stock_status":"instock","restock_status":false,"low_stock_amount":"","sales_update_date":"2026-01-30T01:25:33","calc_backorders":null,"_links":{"self":[{"href":"https:\/\/aromasentia.com\/fr\/wp-json\/wp\/v2\/product\/230392","targetHints":{"allow":["GET"]}}],"collection":[{"href":"https:\/\/aromasentia.com\/fr\/wp-json\/wp\/v2\/product"}],"about":[{"href":"https:\/\/aromasentia.com\/fr\/wp-json\/wp\/v2\/types\/product"}],"replies":[{"embeddable":true,"href":"https:\/\/aromasentia.com\/fr\/wp-json\/wp\/v2\/comments?post=230392"}],"version-history":[{"count":0,"href":"https:\/\/aromasentia.com\/fr\/wp-json\/wp\/v2\/product\/230392\/revisions"}],"wp:featuredmedia":[{"embeddable":true,"href":"https:\/\/aromasentia.com\/fr\/wp-json\/wp\/v2\/media\/356807"}],"wp:attachment":[{"href":"https:\/\/aromasentia.com\/fr\/wp-json\/wp\/v2\/media?parent=230392"}],"wp:term":[{"taxonomy":"product_brand","embeddable":true,"href":"https:\/\/aromasentia.com\/fr\/wp-json\/wp\/v2\/product_brand?post=230392"},{"taxonomy":"product_cat","embeddable":true,"href":"https:\/\/aromasentia.com\/fr\/wp-json\/wp\/v2\/product_cat?post=230392"},{"taxonomy":"product_tag","embeddable":true,"href":"https:\/\/aromasentia.com\/fr\/wp-json\/wp\/v2\/product_tag?post=230392"}],"curies":[{"name":"wp","href":"https:\/\/api.w.org\/{rel}","templated":true}]}}