{"id":230348,"date":"2025-03-22T14:18:40","date_gmt":"2025-03-22T14:18:40","guid":{"rendered":"https:\/\/aromasentia.com\/product\/set-of-3-storage-display-boxes-brown\/"},"modified":"2025-06-23T18:48:05","modified_gmt":"2025-06-23T18:48:05","slug":"lot-de-3-caisses-en-bois-marron","status":"publish","type":"product","link":"https:\/\/aromasentia.com\/fr\/lot-de-3-caisses-en-bois-marron\/","title":{"rendered":"Lot de 3 Caisses en Bois &#8211; Marron"},"content":{"rendered":"<p>Ensemble de trois caisses en bois d&rsquo;alb\u00e9sia d&rsquo;origine \u00e9thique en Indon\u00e9sie.&nbsp;<\/p>\n<p>Ces fabuleuses bo\u00eetes en bois bruni sont parfaites pour tous les types de stockage, du recyclage aux fruits et l\u00e9gumes en passant par le bois d&rsquo;allumage et les magazines.&nbsp;<\/p>\n<p>Quoi qu&rsquo;il en soit, il existe de nombreuses fa&ccedil;ons pour vos clients de transformer ces caisses au-del\u00e0 de leur utilisation pr\u00e9vue. Les caisses en bois peuvent m\u00eame prendre une allure tr\u00e8s industrielle. Peu importe votre go\u00fbt de conception.&nbsp;<\/p>\n<p><strong><span style=\"color: rgb(141, 186, 216);\">Commandez maintenant et encaissez des b\u00e9n\u00e9fices.&nbsp;<\/span><\/strong><\/p>\n<p>Dimensions de la bo\u00eete :&nbsp;<\/p>\n<p>Grand : H : 25 cm L : 45 cm P : 30 Poids : 1,926 g&nbsp;<\/p>\n<p>Moyen : H : 24 cm L : 35 cm P : 25 Poids : 1,540 g&nbsp;<\/p>\n<p>Petit : H : 20 cm L : 25 cm P : 20 Poids : 140 g&nbsp;<\/p>\n<p>Propri\u00e9t\u00e9s Origine IDN Indon\u00e9sie Poids unitaire 3.500Kg Mat\u00e9riaux\/Ingr\u00e9dients Bois d&rsquo;alb\u00e9sia<\/p>\n","protected":false},"excerpt":{"rendered":"<p>Ensemble de trois caisses en bois d&rsquo;alb\u00e9sia d&rsquo;origine \u00e9thique en Indon\u00e9sie.&nbsp; Ces fabuleuses bo\u00eetes en bois bruni sont parfaites pour tous les types de stockage, du recyclage aux fruits et l\u00e9gumes en passant par le bois d&rsquo;allumage et les magazines.&nbsp; Quoi qu&rsquo;il en soit, il existe de nombreuses fa&ccedil;ons pour vos clients de transformer ces [&hellip;]<\/p>\n","protected":false},"featured_media":356412,"comment_status":"closed","ping_status":"open","template":"","meta":{"_angie_page":false},"product_brand":[],"product_cat":[14137,18529],"product_tag":[],"class_list":{"0":"post-230348","1":"product","2":"type-product","3":"status-publish","4":"has-post-thumbnail","6":"product_cat-emballages-boites-et-sacs-cadeau","7":"product_cat-mobilier-et-presentoirs-boutique","8":"pa_collection-retail-display-stands-fr","9":"pa_made-in-indonesie","11":"first","12":"instock","13":"purchasable","14":"product-type-simple"},"supplier_id":null,"supplier_sku":"RDS-151","barcode":null,"atum_controlled":true,"out_stock_date":null,"out_stock_threshold":null,"inheritable":false,"inbound_stock":null,"stock_on_hold":0,"sold_today":0,"sales_last_days":0,"reserved_stock":null,"customer_returns":null,"warehouse_damage":null,"lost_in_post":null,"other_logs":null,"out_stock_days":146,"lost_sales":0,"has_location":null,"update_date":"2026-04-27T07:27:41","atum_locations":[],"atum_stock_status":"instock","restock_status":false,"low_stock_amount":"","sales_update_date":"2026-01-30T01:24:21","calc_backorders":null,"_links":{"self":[{"href":"https:\/\/aromasentia.com\/fr\/wp-json\/wp\/v2\/product\/230348","targetHints":{"allow":["GET"]}}],"collection":[{"href":"https:\/\/aromasentia.com\/fr\/wp-json\/wp\/v2\/product"}],"about":[{"href":"https:\/\/aromasentia.com\/fr\/wp-json\/wp\/v2\/types\/product"}],"replies":[{"embeddable":true,"href":"https:\/\/aromasentia.com\/fr\/wp-json\/wp\/v2\/comments?post=230348"}],"version-history":[{"count":0,"href":"https:\/\/aromasentia.com\/fr\/wp-json\/wp\/v2\/product\/230348\/revisions"}],"wp:featuredmedia":[{"embeddable":true,"href":"https:\/\/aromasentia.com\/fr\/wp-json\/wp\/v2\/media\/356412"}],"wp:attachment":[{"href":"https:\/\/aromasentia.com\/fr\/wp-json\/wp\/v2\/media?parent=230348"}],"wp:term":[{"taxonomy":"product_brand","embeddable":true,"href":"https:\/\/aromasentia.com\/fr\/wp-json\/wp\/v2\/product_brand?post=230348"},{"taxonomy":"product_cat","embeddable":true,"href":"https:\/\/aromasentia.com\/fr\/wp-json\/wp\/v2\/product_cat?post=230348"},{"taxonomy":"product_tag","embeddable":true,"href":"https:\/\/aromasentia.com\/fr\/wp-json\/wp\/v2\/product_tag?post=230348"}],"curies":[{"name":"wp","href":"https:\/\/api.w.org\/{rel}","templated":true}]}}