{"id":230336,"date":"2025-03-22T14:18:40","date_gmt":"2025-03-22T14:18:40","guid":{"rendered":"https:\/\/aromasentia.com\/product\/room-perfume-display-stand-mango-wood\/"},"modified":"2025-06-23T18:48:03","modified_gmt":"2025-06-23T18:48:03","slug":"presentoir-en-bois-de-manguier-pour-parfums-dambiance","status":"publish","type":"product","link":"https:\/\/aromasentia.com\/fr\/presentoir-en-bois-de-manguier-pour-parfums-dambiance\/","title":{"rendered":"Pr\u00e9sentoir en bois de manguier pour Parfums d&rsquo;Ambiance"},"content":{"rendered":"<p>Nous avons un choix de pr\u00e9sentoirs pour divers produits allant des bijoux aux huiles essentielles. Ces pr\u00e9sentoirs faits \u00e0 la main auront fi\u00e8re allure dans n&rsquo;importe quel magasin et donneront \u00e0 vos produits la bonne touche. Ils sont vendus vides, les produits sont \u00e0 titre indicatif. <\/p>\n","protected":false},"excerpt":{"rendered":"<p>Nous avons un choix de pr\u00e9sentoirs pour divers produits allant des bijoux aux huiles essentielles. Ces pr\u00e9sentoirs faits \u00e0 la main auront fi\u00e8re allure dans n&rsquo;importe quel magasin et donneront \u00e0 vos produits la bonne touche. Ils sont vendus vides, les produits sont \u00e0 titre indicatif.<\/p>\n","protected":false},"featured_media":356305,"comment_status":"closed","ping_status":"open","template":"","meta":{"_angie_page":false},"product_brand":[],"product_cat":[14137,18529],"product_tag":[],"class_list":{"0":"post-230336","1":"product","2":"type-product","3":"status-publish","4":"has-post-thumbnail","6":"product_cat-emballages-boites-et-sacs-cadeau","7":"product_cat-mobilier-et-presentoirs-boutique","8":"pa_collection-retail-display-stands-fr","9":"pa_made-in-inde","11":"first","12":"outofstock","13":"purchasable","14":"product-type-simple"},"supplier_id":null,"supplier_sku":"RDS-122M","barcode":null,"atum_controlled":true,"out_stock_date":"2026-01-26 06:54:45","out_stock_threshold":null,"inheritable":false,"inbound_stock":null,"stock_on_hold":0,"sold_today":0,"sales_last_days":0,"reserved_stock":null,"customer_returns":null,"warehouse_damage":null,"lost_in_post":null,"other_logs":null,"out_stock_days":0,"lost_sales":0,"has_location":null,"update_date":"2026-04-27T07:19:28","atum_locations":[],"atum_stock_status":"outofstock","restock_status":false,"low_stock_amount":"","sales_update_date":"2025-09-05T00:27:53","calc_backorders":null,"_links":{"self":[{"href":"https:\/\/aromasentia.com\/fr\/wp-json\/wp\/v2\/product\/230336","targetHints":{"allow":["GET"]}}],"collection":[{"href":"https:\/\/aromasentia.com\/fr\/wp-json\/wp\/v2\/product"}],"about":[{"href":"https:\/\/aromasentia.com\/fr\/wp-json\/wp\/v2\/types\/product"}],"replies":[{"embeddable":true,"href":"https:\/\/aromasentia.com\/fr\/wp-json\/wp\/v2\/comments?post=230336"}],"version-history":[{"count":0,"href":"https:\/\/aromasentia.com\/fr\/wp-json\/wp\/v2\/product\/230336\/revisions"}],"wp:featuredmedia":[{"embeddable":true,"href":"https:\/\/aromasentia.com\/fr\/wp-json\/wp\/v2\/media\/356305"}],"wp:attachment":[{"href":"https:\/\/aromasentia.com\/fr\/wp-json\/wp\/v2\/media?parent=230336"}],"wp:term":[{"taxonomy":"product_brand","embeddable":true,"href":"https:\/\/aromasentia.com\/fr\/wp-json\/wp\/v2\/product_brand?post=230336"},{"taxonomy":"product_cat","embeddable":true,"href":"https:\/\/aromasentia.com\/fr\/wp-json\/wp\/v2\/product_cat?post=230336"},{"taxonomy":"product_tag","embeddable":true,"href":"https:\/\/aromasentia.com\/fr\/wp-json\/wp\/v2\/product_tag?post=230336"}],"curies":[{"name":"wp","href":"https:\/\/api.w.org\/{rel}","templated":true}]}}