{"id":230328,"date":"2025-03-22T14:18:40","date_gmt":"2025-03-22T14:18:40","guid":{"rendered":"https:\/\/aromasentia.com\/product\/bath-bomb-5-shelf-display-brownwash\/"},"modified":"2025-06-23T18:48:02","modified_gmt":"2025-06-23T18:48:02","slug":"presentoir-bois-5-etageres-tiroir-marron","status":"publish","type":"product","link":"https:\/\/aromasentia.com\/fr\/presentoir-bois-5-etageres-tiroir-marron\/","title":{"rendered":"Pr\u00e9sentoir Bois 5 \u00c9tag\u00e8res + Tiroir Marron"},"content":{"rendered":"<p><strong><span style=\"color: rgb(75, 80, 88);\">Pr\u00e9sentoir de bombes de bain \u00e0 cinq \u00e9tag\u00e8res<\/span><\/strong> avec tableau noir, cette \u00e9tag\u00e8re est un gain de place instantan\u00e9 qui est aussi pratique pour afficher vos bombes de bain.&nbsp;<\/p>\n<p>Fait \u00e0 la main avec amour \u00e0 partir de bois d&rsquo;Albesia durable au c\u0153ur des villages de Bali.&nbsp;<\/p>\n<p>Convient \u00e9galement aux livres, aux pots de fleurs ainsi qu&rsquo;aux pr\u00e9sentoirs de serviettes. Les pr\u00e9sentoirs de bombes de bain en gros sont con&ccedil;us pour \u00eatre au c\u0153ur d&rsquo;une boutique de cadeaux contemporaine : bien pens\u00e9s, bien faits et \u00e9tonnamment abordables. Le look est moderne et \u00e9pur\u00e9.&nbsp;<\/p>\n<p>Livr\u00e9 dans la bo\u00eete en deux parties, fourni avec des vis pour fixer l&rsquo;\u00e9tag\u00e8re inf\u00e9rieure et sup\u00e9rieure, tr\u00e8s facile \u00e0 assembler. Le pr\u00e9sentoir a \u00e9galement un crochet \u00e0 l&rsquo;arri\u00e8re pour s&rsquo;adapter au mur.&nbsp;<\/p>\n<p><strong><span style=\"color: rgb(75, 80, 88);\">NB : Le pr\u00e9sentoir est vendu vide. 24Kg &#8211; 40&#215;56.0x180 (cm)<\/span><\/strong><\/p>\n<p><strong><span style=\"color: rgb(75, 80, 88);\">\u00e0 NOTER : En raison du volume de ce pr\u00e9sentoir, il pourrait y avoir un suppl\u00e9ment pour les frais de transport, merci de nous contacter pour plus d&rsquo;information.<\/span><\/strong><\/p>\n","protected":false},"excerpt":{"rendered":"<p>Pr\u00e9sentoir de bombes de bain \u00e0 cinq \u00e9tag\u00e8res avec tableau noir, cette \u00e9tag\u00e8re est un gain de place instantan\u00e9 qui est aussi pratique pour afficher vos bombes de bain.&nbsp; Fait \u00e0 la main avec amour \u00e0 partir de bois d&rsquo;Albesia durable au c\u0153ur des villages de Bali.&nbsp; Convient \u00e9galement aux livres, aux pots de fleurs [&hellip;]<\/p>\n","protected":false},"featured_media":356231,"comment_status":"closed","ping_status":"open","template":"","meta":{"_angie_page":false},"product_brand":[],"product_cat":[14137,18529],"product_tag":[],"class_list":{"0":"post-230328","1":"product","2":"type-product","3":"status-publish","4":"has-post-thumbnail","6":"product_cat-emballages-boites-et-sacs-cadeau","7":"product_cat-mobilier-et-presentoirs-boutique","8":"pa_collection-retail-display-stands-fr","9":"pa_made-in-indonesie","11":"first","12":"outofstock","13":"purchasable","14":"product-type-simple"},"supplier_id":null,"supplier_sku":"RDS-127","barcode":null,"atum_controlled":true,"out_stock_date":"2026-01-23 13:06:33","out_stock_threshold":null,"inheritable":false,"inbound_stock":null,"stock_on_hold":0,"sold_today":0,"sales_last_days":0,"reserved_stock":null,"customer_returns":null,"warehouse_damage":null,"lost_in_post":null,"other_logs":null,"out_stock_days":0,"lost_sales":0,"has_location":null,"update_date":"2026-04-27T07:19:28","atum_locations":[],"atum_stock_status":"outofstock","restock_status":false,"low_stock_amount":"","sales_update_date":"2025-09-05T00:27:52","calc_backorders":null,"_links":{"self":[{"href":"https:\/\/aromasentia.com\/fr\/wp-json\/wp\/v2\/product\/230328","targetHints":{"allow":["GET"]}}],"collection":[{"href":"https:\/\/aromasentia.com\/fr\/wp-json\/wp\/v2\/product"}],"about":[{"href":"https:\/\/aromasentia.com\/fr\/wp-json\/wp\/v2\/types\/product"}],"replies":[{"embeddable":true,"href":"https:\/\/aromasentia.com\/fr\/wp-json\/wp\/v2\/comments?post=230328"}],"version-history":[{"count":0,"href":"https:\/\/aromasentia.com\/fr\/wp-json\/wp\/v2\/product\/230328\/revisions"}],"wp:featuredmedia":[{"embeddable":true,"href":"https:\/\/aromasentia.com\/fr\/wp-json\/wp\/v2\/media\/356231"}],"wp:attachment":[{"href":"https:\/\/aromasentia.com\/fr\/wp-json\/wp\/v2\/media?parent=230328"}],"wp:term":[{"taxonomy":"product_brand","embeddable":true,"href":"https:\/\/aromasentia.com\/fr\/wp-json\/wp\/v2\/product_brand?post=230328"},{"taxonomy":"product_cat","embeddable":true,"href":"https:\/\/aromasentia.com\/fr\/wp-json\/wp\/v2\/product_cat?post=230328"},{"taxonomy":"product_tag","embeddable":true,"href":"https:\/\/aromasentia.com\/fr\/wp-json\/wp\/v2\/product_tag?post=230328"}],"curies":[{"name":"wp","href":"https:\/\/api.w.org\/{rel}","templated":true}]}}