{"id":230320,"date":"2025-03-22T14:18:40","date_gmt":"2025-03-22T14:18:40","guid":{"rendered":"https:\/\/aromasentia.com\/product\/twentyfive-box-tray-display\/"},"modified":"2025-06-23T18:47:59","modified_gmt":"2025-06-23T18:47:59","slug":"plateau-de-presentation-en-bois-25-compartiments","status":"publish","type":"product","link":"https:\/\/aromasentia.com\/fr\/plateau-de-presentation-en-bois-25-compartiments\/","title":{"rendered":"Plateau de pr\u00e9sentation en bois &#8211; 25 compartiments"},"content":{"rendered":"<\/p>\n<p><strong><span style=\"color : rgb(184, 49, 47) ;\">Votre pr\u00e9sentoir en bois de vingt-cinq bo\u00eetes<\/span><\/strong> est con\u00e7u pour \u00eatre au c\u0153ur de votre boutique de cadeaux contemporaine, bien pens\u00e9, bien fabriqu\u00e9 et \u00e9tonnamment abordable. L&rsquo;ambiance est moderne et \u00e9pur\u00e9e.<\/p>\n<p><strong><span style=\"color : rgb(184, 49, 47) ;\">Stands d&rsquo;exposition en bois en gros<\/span>,&nbsp;<\/strong>les 25 plateaux sont enti\u00e8rement construits en bois d&rsquo;Albesia blanchi \u00e0 la chaux, un bois l\u00e9ger et durable. Parfait pour transporter des produits pr\u00eats \u00e0 l&#8217;emploi, charger votre voiture et aller directement sur le march\u00e9. Ce plateau de pr\u00e9sentation pratique est \u00e9galement dot\u00e9 d&rsquo;un tableau noir pliable. Imaginez la bo\u00eete pleine de savons en forme de fleurs, vous attirerez l&#39;attention de vos clients.<strong><\/strong><\/p>\n<p>Chaque bo\u00eete mesure : Profondeur : 7cm, Longueur : 6cm, Largeur : 9cm<\/p>\n<p>Tableau mesure : Longueur:52cm, profondeur:38cm, Hauteur:9.5cm Poids:1.930g<\/p>\n<p><strong><span style=\"color : rgb(184, 49, 47) ;\">Commandez d\u00e8s aujourd&rsquo;hui pour obtenir ce pr\u00e9sentoir dans votre magasin. &nbsp;&nbsp;<\/span><\/strong><\/p>\n","protected":false},"excerpt":{"rendered":"<p>Votre pr\u00e9sentoir en bois de vingt-cinq bo\u00eetes est con\u00e7u pour \u00eatre au c\u0153ur de votre boutique de cadeaux contemporaine, bien pens\u00e9, bien fabriqu\u00e9 et \u00e9tonnamment abordable. L&rsquo;ambiance est moderne et \u00e9pur\u00e9e. Stands d&rsquo;exposition en bois en gros,&nbsp;les 25 plateaux sont enti\u00e8rement construits en bois d&rsquo;Albesia blanchi \u00e0 la chaux, un bois l\u00e9ger et durable. Parfait [&hellip;]<\/p>\n","protected":false},"featured_media":356141,"comment_status":"closed","ping_status":"open","template":"","meta":{"_angie_page":false},"product_brand":[],"product_cat":[14137,18529],"product_tag":[],"class_list":{"0":"post-230320","1":"product","2":"type-product","3":"status-publish","4":"has-post-thumbnail","6":"product_cat-emballages-boites-et-sacs-cadeau","7":"product_cat-mobilier-et-presentoirs-boutique","8":"pa_collection-retail-display-stands-fr","9":"pa_made-in-indonesie","11":"first","12":"instock","13":"purchasable","14":"product-type-simple"},"supplier_id":null,"supplier_sku":"RDS-57","barcode":null,"atum_controlled":true,"out_stock_date":null,"out_stock_threshold":null,"inheritable":false,"inbound_stock":null,"stock_on_hold":0,"sold_today":0,"sales_last_days":0,"reserved_stock":null,"customer_returns":null,"warehouse_damage":null,"lost_in_post":null,"other_logs":null,"out_stock_days":0,"lost_sales":0,"has_location":null,"update_date":"2026-05-08T05:17:59","atum_locations":[],"atum_stock_status":"instock","restock_status":false,"low_stock_amount":"","sales_update_date":"2026-01-30T01:24:30","calc_backorders":null,"_links":{"self":[{"href":"https:\/\/aromasentia.com\/fr\/wp-json\/wp\/v2\/product\/230320","targetHints":{"allow":["GET"]}}],"collection":[{"href":"https:\/\/aromasentia.com\/fr\/wp-json\/wp\/v2\/product"}],"about":[{"href":"https:\/\/aromasentia.com\/fr\/wp-json\/wp\/v2\/types\/product"}],"replies":[{"embeddable":true,"href":"https:\/\/aromasentia.com\/fr\/wp-json\/wp\/v2\/comments?post=230320"}],"version-history":[{"count":0,"href":"https:\/\/aromasentia.com\/fr\/wp-json\/wp\/v2\/product\/230320\/revisions"}],"wp:featuredmedia":[{"embeddable":true,"href":"https:\/\/aromasentia.com\/fr\/wp-json\/wp\/v2\/media\/356141"}],"wp:attachment":[{"href":"https:\/\/aromasentia.com\/fr\/wp-json\/wp\/v2\/media?parent=230320"}],"wp:term":[{"taxonomy":"product_brand","embeddable":true,"href":"https:\/\/aromasentia.com\/fr\/wp-json\/wp\/v2\/product_brand?post=230320"},{"taxonomy":"product_cat","embeddable":true,"href":"https:\/\/aromasentia.com\/fr\/wp-json\/wp\/v2\/product_cat?post=230320"},{"taxonomy":"product_tag","embeddable":true,"href":"https:\/\/aromasentia.com\/fr\/wp-json\/wp\/v2\/product_tag?post=230320"}],"curies":[{"name":"wp","href":"https:\/\/api.w.org\/{rel}","templated":true}]}}