{"id":230296,"date":"2025-03-22T16:04:38","date_gmt":"2025-03-22T16:04:38","guid":{"rendered":"https:\/\/aromasentia.com\/product\/bamboo-windchime-natural-finish-4-big-tubes\/"},"modified":"2025-06-23T18:47:56","modified_gmt":"2025-06-23T18:47:56","slug":"carillon-bambou-finition-naturelle-4-gros-tubes","status":"publish","type":"product","link":"https:\/\/aromasentia.com\/fr\/carillon-bambou-finition-naturelle-4-gros-tubes\/","title":{"rendered":"Carillon Bambou &#8211; Finition Naturelle &#8211; 4 Gros Tubes"},"content":{"rendered":"<p>Appr\u00e9ciez des sons profonds et r\u00e9sonnants avec ce carillon \u00e9olien en bambou &#8211; finition naturelle &#8211; 4 grands tubes. Cet impressionnant carillon \u00e9olien est compos\u00e9 de quatre grands tubes en bambou, con\u00e7us pour cr\u00e9er des sons plus graves, plus sonores et profond\u00e9ment r\u00e9sonnants lorsque la brise passe \u00e0 travers. Sa finition en bambou naturel offre un aspect authentique et terreux, id\u00e9al pour cr\u00e9er une ambiance paisible dans votre jardin, votre v\u00e9randa ou votre espace de m\u00e9ditation. Une pi\u00e8ce importante pour ceux qui appr\u00e9cient les harmonies riches et naturelles et le design rustique.<\/p>\n","protected":false},"excerpt":{"rendered":"<p>Appr\u00e9ciez des sons profonds et r\u00e9sonnants avec ce carillon \u00e9olien en bambou &#8211; finition naturelle &#8211; 4 grands tubes. Cet impressionnant carillon \u00e9olien est compos\u00e9 de quatre grands tubes en bambou, con\u00e7us pour cr\u00e9er des sons plus graves, plus sonores et profond\u00e9ment r\u00e9sonnants lorsque la brise passe \u00e0 travers. Sa finition en bambou naturel offre [&hellip;]<\/p>\n","protected":false},"featured_media":642560,"comment_status":"closed","ping_status":"open","template":"","meta":{"_angie_page":false},"product_brand":[],"product_cat":[17978,14446],"product_tag":[],"class_list":{"0":"post-230296","1":"product","2":"type-product","3":"status-publish","4":"has-post-thumbnail","6":"product_cat-carillons-eoliens-carillon-a-vent","7":"product_cat-maison-et-jardin","8":"pa_collection-bamboo-mountain-wind-chimes-fr","9":"pa_made-in-indonesie","11":"first","12":"instock","13":"purchasable","14":"product-type-simple"},"supplier_id":null,"supplier_sku":"BBamC-08","barcode":null,"atum_controlled":true,"out_stock_date":null,"out_stock_threshold":null,"inheritable":false,"inbound_stock":null,"stock_on_hold":0,"sold_today":0,"sales_last_days":0,"reserved_stock":null,"customer_returns":null,"warehouse_damage":null,"lost_in_post":null,"other_logs":null,"out_stock_days":0,"lost_sales":0,"has_location":null,"update_date":"2026-04-27T06:54:15","atum_locations":[],"atum_stock_status":"instock","restock_status":false,"low_stock_amount":"","sales_update_date":"2026-02-06T00:01:27","calc_backorders":null,"_links":{"self":[{"href":"https:\/\/aromasentia.com\/fr\/wp-json\/wp\/v2\/product\/230296","targetHints":{"allow":["GET"]}}],"collection":[{"href":"https:\/\/aromasentia.com\/fr\/wp-json\/wp\/v2\/product"}],"about":[{"href":"https:\/\/aromasentia.com\/fr\/wp-json\/wp\/v2\/types\/product"}],"replies":[{"embeddable":true,"href":"https:\/\/aromasentia.com\/fr\/wp-json\/wp\/v2\/comments?post=230296"}],"version-history":[{"count":0,"href":"https:\/\/aromasentia.com\/fr\/wp-json\/wp\/v2\/product\/230296\/revisions"}],"wp:featuredmedia":[{"embeddable":true,"href":"https:\/\/aromasentia.com\/fr\/wp-json\/wp\/v2\/media\/642560"}],"wp:attachment":[{"href":"https:\/\/aromasentia.com\/fr\/wp-json\/wp\/v2\/media?parent=230296"}],"wp:term":[{"taxonomy":"product_brand","embeddable":true,"href":"https:\/\/aromasentia.com\/fr\/wp-json\/wp\/v2\/product_brand?post=230296"},{"taxonomy":"product_cat","embeddable":true,"href":"https:\/\/aromasentia.com\/fr\/wp-json\/wp\/v2\/product_cat?post=230296"},{"taxonomy":"product_tag","embeddable":true,"href":"https:\/\/aromasentia.com\/fr\/wp-json\/wp\/v2\/product_tag?post=230296"}],"curies":[{"name":"wp","href":"https:\/\/api.w.org\/{rel}","templated":true}]}}