{"id":230292,"date":"2025-03-22T16:04:38","date_gmt":"2025-03-22T16:04:38","guid":{"rendered":"https:\/\/aromasentia.com\/product\/bamboo-windchime-natural-finish-6-medium-tubes\/"},"modified":"2025-06-23T18:47:55","modified_gmt":"2025-06-23T18:47:55","slug":"carillon-bambou-finition-naturelle-6-tubes-moyens","status":"publish","type":"product","link":"https:\/\/aromasentia.com\/fr\/carillon-bambou-finition-naturelle-6-tubes-moyens\/","title":{"rendered":"Carillon Bambou &#8211; Finition Naturelle &#8211; 6 Tubes Moyens"},"content":{"rendered":"<p>Cr\u00e9ez une atmosph\u00e8re paisible avec ce carillon \u00e9olien en bambou &#8211; finition naturelle &#8211; 6 tubes moyens. Ce carillon classique comporte six tubes en bambou de longueur moyenne qui produisent des sons harmonieux et doux lorsqu&rsquo;ils sont agit\u00e9s par le vent. La finition naturelle du bambou conf\u00e8re une esth\u00e9tique organique et terreuse, parfaite pour les jardins, les patios ou tout espace o\u00f9 vous souhaitez inviter au calme et \u00e0 la s\u00e9r\u00e9nit\u00e9. Une fa\u00e7on simple et \u00e9l\u00e9gante d&rsquo;ajouter un son apaisant et naturel et une touche de beaut\u00e9 rustique \u00e0 votre environnement.<\/p>\n","protected":false},"excerpt":{"rendered":"<p>Cr\u00e9ez une atmosph\u00e8re paisible avec ce carillon \u00e9olien en bambou &#8211; finition naturelle &#8211; 6 tubes moyens. Ce carillon classique comporte six tubes en bambou de longueur moyenne qui produisent des sons harmonieux et doux lorsqu&rsquo;ils sont agit\u00e9s par le vent. La finition naturelle du bambou conf\u00e8re une esth\u00e9tique organique et terreuse, parfaite pour les [&hellip;]<\/p>\n","protected":false},"featured_media":358420,"comment_status":"closed","ping_status":"open","template":"","meta":{"_angie_page":false},"product_brand":[],"product_cat":[17978,14446],"product_tag":[],"class_list":{"0":"post-230292","1":"product","2":"type-product","3":"status-publish","4":"has-post-thumbnail","6":"product_cat-carillons-eoliens-carillon-a-vent","7":"product_cat-maison-et-jardin","8":"pa_collection-bamboo-mountain-wind-chimes-fr","9":"pa_made-in-indonesie","11":"first","12":"outofstock","13":"purchasable","14":"product-type-simple"},"supplier_id":null,"supplier_sku":"BBamC-10","barcode":null,"atum_controlled":true,"out_stock_date":"2026-04-25 15:20:09","out_stock_threshold":null,"inheritable":false,"inbound_stock":null,"stock_on_hold":0,"sold_today":0,"sales_last_days":0,"reserved_stock":null,"customer_returns":null,"warehouse_damage":null,"lost_in_post":null,"other_logs":null,"out_stock_days":0,"lost_sales":0,"has_location":null,"update_date":"2026-04-27T06:54:19","atum_locations":[],"atum_stock_status":"outofstock","restock_status":false,"low_stock_amount":"","sales_update_date":"2026-02-06T00:02:46","calc_backorders":null,"_links":{"self":[{"href":"https:\/\/aromasentia.com\/fr\/wp-json\/wp\/v2\/product\/230292","targetHints":{"allow":["GET"]}}],"collection":[{"href":"https:\/\/aromasentia.com\/fr\/wp-json\/wp\/v2\/product"}],"about":[{"href":"https:\/\/aromasentia.com\/fr\/wp-json\/wp\/v2\/types\/product"}],"replies":[{"embeddable":true,"href":"https:\/\/aromasentia.com\/fr\/wp-json\/wp\/v2\/comments?post=230292"}],"version-history":[{"count":0,"href":"https:\/\/aromasentia.com\/fr\/wp-json\/wp\/v2\/product\/230292\/revisions"}],"wp:featuredmedia":[{"embeddable":true,"href":"https:\/\/aromasentia.com\/fr\/wp-json\/wp\/v2\/media\/358420"}],"wp:attachment":[{"href":"https:\/\/aromasentia.com\/fr\/wp-json\/wp\/v2\/media?parent=230292"}],"wp:term":[{"taxonomy":"product_brand","embeddable":true,"href":"https:\/\/aromasentia.com\/fr\/wp-json\/wp\/v2\/product_brand?post=230292"},{"taxonomy":"product_cat","embeddable":true,"href":"https:\/\/aromasentia.com\/fr\/wp-json\/wp\/v2\/product_cat?post=230292"},{"taxonomy":"product_tag","embeddable":true,"href":"https:\/\/aromasentia.com\/fr\/wp-json\/wp\/v2\/product_tag?post=230292"}],"curies":[{"name":"wp","href":"https:\/\/api.w.org\/{rel}","templated":true}]}}