{"id":230280,"date":"2025-03-22T16:04:38","date_gmt":"2025-03-22T16:04:38","guid":{"rendered":"https:\/\/aromasentia.com\/product\/set-of-4-mandala-brocade-detail-30x30cm\/"},"modified":"2025-06-23T18:47:54","modified_gmt":"2025-06-23T18:47:54","slug":"lot-de-4-mandalas-detail-brocart-30x30cm","status":"publish","type":"product","link":"https:\/\/aromasentia.com\/fr\/lot-de-4-mandalas-detail-brocart-30x30cm\/","title":{"rendered":"Lot de 4 Mandalas D\u00e9tail Brocart &#8211; 30x30cm"},"content":{"rendered":"<p><font color=\"#4b5058\"><b>Vente en gros de peinture 4 Mandalas.&nbsp;<\/b><\/font><\/p>\n<p>Chaque tableau est con&ccedil;u avec passion et amour par des artisans et artisans balinais, utilisant les meilleures toiles et cadres en bois naturel pour ajouter \u00e9l\u00e9gance et culture \u00e0 n&rsquo;importe quel espace.&nbsp;<\/p>\n<p>Vos clients appr\u00e9cieront l&rsquo;attention port\u00e9e aux d\u00e9tails dans chaque peinture de Bouddha, leur donnant un look r\u00e9aliste et magnifique qui cr\u00e9e une touche relaxante et apaisante dans n&rsquo;importe quel environnement. De plus, ils peuvent \u00eatre int\u00e9ress\u00e9s par nos<a href=\"https:\/\/aromasentia.com\/bcv\">&nbsp;vases en c\u00e9ramique de Lombok<\/a>, qui compl\u00e8tent parfaitement les peintures de Bouddha.&nbsp;<\/p>\n<p>Ces peintures de Bouddha sont une excellente id\u00e9e cadeau pour les parents et amis, et chacune est pr\u00eate \u00e0 \u00eatre accroch\u00e9e d\u00e8s la sortie de la bo\u00eete.&nbsp;<\/p>\n<p>Avec un stock limit\u00e9 disponible, assurez-vous de passer votre commande maintenant pour ne pas manquer ce produit magnifique et unique.&nbsp;<\/p>\n<p><strong><span style=\"color: rgb(141, 186, 216);\">Commandez votre peinture Bouddha aujourd&rsquo;hui !<\/span><\/strong><\/p>\n","protected":false},"excerpt":{"rendered":"<p>Vente en gros de peinture 4 Mandalas.&nbsp; Chaque tableau est con&ccedil;u avec passion et amour par des artisans et artisans balinais, utilisant les meilleures toiles et cadres en bois naturel pour ajouter \u00e9l\u00e9gance et culture \u00e0 n&rsquo;importe quel espace.&nbsp; Vos clients appr\u00e9cieront l&rsquo;attention port\u00e9e aux d\u00e9tails dans chaque peinture de Bouddha, leur donnant un look [&hellip;]<\/p>\n","protected":false},"featured_media":358385,"comment_status":"closed","ping_status":"open","template":"","meta":{"_angie_page":false},"product_brand":[],"product_cat":[16892,14446],"product_tag":[],"class_list":{"0":"post-230280","1":"product","2":"type-product","3":"status-publish","4":"has-post-thumbnail","6":"product_cat-decoration","7":"product_cat-maison-et-jardin","8":"pa_collection-buddha-painting-fr","9":"pa_made-in-indonesie","11":"first","12":"instock","13":"purchasable","14":"product-type-simple"},"supplier_id":null,"supplier_sku":"BAP-17","barcode":null,"atum_controlled":true,"out_stock_date":null,"out_stock_threshold":null,"inheritable":false,"inbound_stock":null,"stock_on_hold":0,"sold_today":0,"sales_last_days":0,"reserved_stock":null,"customer_returns":null,"warehouse_damage":null,"lost_in_post":null,"other_logs":null,"out_stock_days":0,"lost_sales":0,"has_location":null,"update_date":"2026-04-27T06:53:52","atum_locations":[],"atum_stock_status":"instock","restock_status":false,"low_stock_amount":"","sales_update_date":"2026-01-30T01:26:13","calc_backorders":null,"_links":{"self":[{"href":"https:\/\/aromasentia.com\/fr\/wp-json\/wp\/v2\/product\/230280","targetHints":{"allow":["GET"]}}],"collection":[{"href":"https:\/\/aromasentia.com\/fr\/wp-json\/wp\/v2\/product"}],"about":[{"href":"https:\/\/aromasentia.com\/fr\/wp-json\/wp\/v2\/types\/product"}],"replies":[{"embeddable":true,"href":"https:\/\/aromasentia.com\/fr\/wp-json\/wp\/v2\/comments?post=230280"}],"version-history":[{"count":0,"href":"https:\/\/aromasentia.com\/fr\/wp-json\/wp\/v2\/product\/230280\/revisions"}],"wp:featuredmedia":[{"embeddable":true,"href":"https:\/\/aromasentia.com\/fr\/wp-json\/wp\/v2\/media\/358385"}],"wp:attachment":[{"href":"https:\/\/aromasentia.com\/fr\/wp-json\/wp\/v2\/media?parent=230280"}],"wp:term":[{"taxonomy":"product_brand","embeddable":true,"href":"https:\/\/aromasentia.com\/fr\/wp-json\/wp\/v2\/product_brand?post=230280"},{"taxonomy":"product_cat","embeddable":true,"href":"https:\/\/aromasentia.com\/fr\/wp-json\/wp\/v2\/product_cat?post=230280"},{"taxonomy":"product_tag","embeddable":true,"href":"https:\/\/aromasentia.com\/fr\/wp-json\/wp\/v2\/product_tag?post=230280"}],"curies":[{"name":"wp","href":"https:\/\/api.w.org\/{rel}","templated":true}]}}