{"id":230276,"date":"2025-03-22T16:04:38","date_gmt":"2025-03-22T16:04:38","guid":{"rendered":"https:\/\/aromasentia.com\/product\/buddah-painting-blue-face-abstract\/"},"modified":"2025-06-23T18:47:53","modified_gmt":"2025-06-23T18:47:53","slug":"tableau-bouddha-visage-abstrait-bleu","status":"publish","type":"product","link":"https:\/\/aromasentia.com\/fr\/tableau-bouddha-visage-abstrait-bleu\/","title":{"rendered":"Tableau Bouddha &#8211; Visage Abstrait Bleu"},"content":{"rendered":"<p><strong><span style=\"color: rgb(75, 80, 88);\">Tableau Bouddha &#8211; Visage Bleu Abstrait&nbsp;<\/span><\/strong><\/p>\n<p>Ajoutez un peu d&rsquo;\u00e9l\u00e9gance et de culture \u00e0 votre magasin avec notre gamme de peintures de Bouddha.&nbsp;<\/p>\n<p>Fabriqu\u00e9 \u00e0 la main avec passion et amour avec les meilleures toiles et cadres en bois naturel par des artisans et artisans balinais, chacun est donc unique.&nbsp;<\/p>\n<p>Vos peintures de Bouddha arriveront pr\u00eates \u00e0 \u00eatre accroch\u00e9es au mur et \u00e0 \u00e9gayer les murs de la maison de votre client, des studios de yoga, des boutiques de cadeaux. L&rsquo;attention spectaculaire aux d\u00e9tails donne \u00e0 la peinture le r\u00e9alisme et la beaut\u00e9.&nbsp;<\/p>\n<p>Cette peinture de Bouddha aidera \u00e0 cr\u00e9er une touche relaxante et apaisante dans n&rsquo;importe quel espace. Ils sont disponibles en 14 mod\u00e8les et tailles diff\u00e9rents. C&rsquo;est une excellente id\u00e9e de cadeau pour les parents et les amis.&nbsp;<\/p>\n<p>Chaque panneau a un crochet arri\u00e8re d\u00e9j\u00e0 mont\u00e9 sur le cadre en bois pr\u00eat \u00e0 \u00eatre suspendu hors de la bo\u00eete.&nbsp;<\/p>\n<p><strong><span style=\"color: rgb(141, 186, 216);\">Commandez votre Tableau Bouddha maintenant, stock limit\u00e9.&nbsp;<\/span><\/strong><\/p>\n<p><strong><span style=\"color: rgb(75, 80, 88);\">Tailles:H:80 W:60 D:3cm<\/span><\/strong><\/p>\n","protected":false},"excerpt":{"rendered":"<p>Tableau Bouddha &#8211; Visage Bleu Abstrait&nbsp; Ajoutez un peu d&rsquo;\u00e9l\u00e9gance et de culture \u00e0 votre magasin avec notre gamme de peintures de Bouddha.&nbsp; Fabriqu\u00e9 \u00e0 la main avec passion et amour avec les meilleures toiles et cadres en bois naturel par des artisans et artisans balinais, chacun est donc unique.&nbsp; Vos peintures de Bouddha arriveront [&hellip;]<\/p>\n","protected":false},"featured_media":358344,"comment_status":"closed","ping_status":"open","template":"","meta":{"_angie_page":false},"product_brand":[],"product_cat":[16892,14446],"product_tag":[],"class_list":{"0":"post-230276","1":"product","2":"type-product","3":"status-publish","4":"has-post-thumbnail","6":"product_cat-decoration","7":"product_cat-maison-et-jardin","8":"pa_collection-buddha-painting-fr","9":"pa_made-in-indonesie","11":"first","12":"instock","13":"purchasable","14":"product-type-simple"},"supplier_id":null,"supplier_sku":"BAP-11","barcode":null,"atum_controlled":true,"out_stock_date":null,"out_stock_threshold":null,"inheritable":false,"inbound_stock":null,"stock_on_hold":0,"sold_today":0,"sales_last_days":0,"reserved_stock":null,"customer_returns":null,"warehouse_damage":null,"lost_in_post":null,"other_logs":null,"out_stock_days":0,"lost_sales":0,"has_location":null,"update_date":"2026-05-04T00:02:50","atum_locations":[],"atum_stock_status":"instock","restock_status":false,"low_stock_amount":"","sales_update_date":"2026-02-06T00:02:28","calc_backorders":null,"_links":{"self":[{"href":"https:\/\/aromasentia.com\/fr\/wp-json\/wp\/v2\/product\/230276","targetHints":{"allow":["GET"]}}],"collection":[{"href":"https:\/\/aromasentia.com\/fr\/wp-json\/wp\/v2\/product"}],"about":[{"href":"https:\/\/aromasentia.com\/fr\/wp-json\/wp\/v2\/types\/product"}],"replies":[{"embeddable":true,"href":"https:\/\/aromasentia.com\/fr\/wp-json\/wp\/v2\/comments?post=230276"}],"version-history":[{"count":0,"href":"https:\/\/aromasentia.com\/fr\/wp-json\/wp\/v2\/product\/230276\/revisions"}],"wp:featuredmedia":[{"embeddable":true,"href":"https:\/\/aromasentia.com\/fr\/wp-json\/wp\/v2\/media\/358344"}],"wp:attachment":[{"href":"https:\/\/aromasentia.com\/fr\/wp-json\/wp\/v2\/media?parent=230276"}],"wp:term":[{"taxonomy":"product_brand","embeddable":true,"href":"https:\/\/aromasentia.com\/fr\/wp-json\/wp\/v2\/product_brand?post=230276"},{"taxonomy":"product_cat","embeddable":true,"href":"https:\/\/aromasentia.com\/fr\/wp-json\/wp\/v2\/product_cat?post=230276"},{"taxonomy":"product_tag","embeddable":true,"href":"https:\/\/aromasentia.com\/fr\/wp-json\/wp\/v2\/product_tag?post=230276"}],"curies":[{"name":"wp","href":"https:\/\/api.w.org\/{rel}","templated":true}]}}