{"id":230252,"date":"2025-03-22T16:04:38","date_gmt":"2025-03-22T16:04:38","guid":{"rendered":"https:\/\/aromasentia.com\/product\/buddah-painting-gold-brocade-detail\/"},"modified":"2025-06-23T18:47:51","modified_gmt":"2025-06-23T18:47:51","slug":"tableau-bouddha-details-brocart-dore","status":"publish","type":"product","link":"https:\/\/aromasentia.com\/fr\/tableau-bouddha-details-brocart-dore\/","title":{"rendered":"Tableau Bouddha &#8211; D\u00e9tails Brocart Dor\u00e9"},"content":{"rendered":"<p>Ajoutez un peu d&rsquo;\u00e9l\u00e9gance et de culture \u00e0 vos magasins avec notre nouvelle gamme de peintures de Bouddha en gros &#8211; D\u00e9tail de brocart dor\u00e9.<\/p>\n<p>Peint \u00e0 la main par des artisans de Bali sur toile de la plus haute qualit\u00e9 sur une barre de tension.<\/p>\n<p>Chaque tableau est sign\u00e9 par un peintre. Ces images animeront les maisons de vos clients. L&rsquo;attention remarquable port\u00e9e aux d\u00e9tails ajoute du r\u00e9alisme et de la beaut\u00e9 \u00e0 la peinture.<br \/>Ils sont disponibles en 8 mod\u00e8les.<\/p>\n<p>Chaque cadre a un crochet pour accrocher sur le dos.<\/p>\n<p><\/p>\n<p><strong>Taille du tableau : 60x80cm<\/strong><\/p>\n","protected":false},"excerpt":{"rendered":"<p>Ajoutez un peu d&rsquo;\u00e9l\u00e9gance et de culture \u00e0 vos magasins avec notre nouvelle gamme de peintures de Bouddha en gros &#8211; D\u00e9tail de brocart dor\u00e9. Peint \u00e0 la main par des artisans de Bali sur toile de la plus haute qualit\u00e9 sur une barre de tension. Chaque tableau est sign\u00e9 par un peintre. Ces images [&hellip;]<\/p>\n","protected":false},"featured_media":358074,"comment_status":"closed","ping_status":"open","template":"","meta":{"_angie_page":false},"product_brand":[],"product_cat":[16892,14446],"product_tag":[],"class_list":{"0":"post-230252","1":"product","2":"type-product","3":"status-publish","4":"has-post-thumbnail","6":"product_cat-decoration","7":"product_cat-maison-et-jardin","8":"pa_collection-buddha-painting-fr","9":"pa_made-in-indonesie","11":"first","12":"instock","13":"purchasable","14":"product-type-simple"},"supplier_id":null,"supplier_sku":"BAP-05","barcode":null,"atum_controlled":true,"out_stock_date":null,"out_stock_threshold":null,"inheritable":false,"inbound_stock":null,"stock_on_hold":0,"sold_today":0,"sales_last_days":0,"reserved_stock":null,"customer_returns":null,"warehouse_damage":null,"lost_in_post":null,"other_logs":null,"out_stock_days":0,"lost_sales":0,"has_location":null,"update_date":"2026-04-27T06:53:52","atum_locations":[],"atum_stock_status":"instock","restock_status":false,"low_stock_amount":"","sales_update_date":"2026-01-30T01:24:34","calc_backorders":null,"_links":{"self":[{"href":"https:\/\/aromasentia.com\/fr\/wp-json\/wp\/v2\/product\/230252","targetHints":{"allow":["GET"]}}],"collection":[{"href":"https:\/\/aromasentia.com\/fr\/wp-json\/wp\/v2\/product"}],"about":[{"href":"https:\/\/aromasentia.com\/fr\/wp-json\/wp\/v2\/types\/product"}],"replies":[{"embeddable":true,"href":"https:\/\/aromasentia.com\/fr\/wp-json\/wp\/v2\/comments?post=230252"}],"version-history":[{"count":0,"href":"https:\/\/aromasentia.com\/fr\/wp-json\/wp\/v2\/product\/230252\/revisions"}],"wp:featuredmedia":[{"embeddable":true,"href":"https:\/\/aromasentia.com\/fr\/wp-json\/wp\/v2\/media\/358074"}],"wp:attachment":[{"href":"https:\/\/aromasentia.com\/fr\/wp-json\/wp\/v2\/media?parent=230252"}],"wp:term":[{"taxonomy":"product_brand","embeddable":true,"href":"https:\/\/aromasentia.com\/fr\/wp-json\/wp\/v2\/product_brand?post=230252"},{"taxonomy":"product_cat","embeddable":true,"href":"https:\/\/aromasentia.com\/fr\/wp-json\/wp\/v2\/product_cat?post=230252"},{"taxonomy":"product_tag","embeddable":true,"href":"https:\/\/aromasentia.com\/fr\/wp-json\/wp\/v2\/product_tag?post=230252"}],"curies":[{"name":"wp","href":"https:\/\/api.w.org\/{rel}","templated":true}]}}