{"id":230228,"date":"2025-03-22T16:04:38","date_gmt":"2025-03-22T16:04:38","guid":{"rendered":"https:\/\/aromasentia.com\/product\/aluminium-mobile-pineapples\/"},"modified":"2025-06-23T18:47:46","modified_gmt":"2025-06-23T18:47:46","slug":"mobiles-decoratifs-aluminium-ananas","status":"publish","type":"product","link":"https:\/\/aromasentia.com\/fr\/mobiles-decoratifs-aluminium-ananas\/","title":{"rendered":"Mobiles D\u00e9coratifs Aluminium &#8211; Ananas"},"content":{"rendered":"<p>Ces charmants <strong><span style=\"color: rgb(75, 80, 88);\">Mobiles en aluminium aux couleurs pastel<\/span><\/strong> \u00e0 la mode et aux formes tendance ajoutent une touche de magie balinaise \u00e0 n&rsquo;importe quelle maison.&nbsp;<\/p>\n<p>L&rsquo;aluminium martel\u00e9 et peint \u00e0 la main est utilis\u00e9 depuis des g\u00e9n\u00e9rations pour fabriquer des bo\u00eetes \u00e0 offrandes destin\u00e9es aux temples. Maintenant, cette m\u00eame technique est utilis\u00e9e pour fabriquer ces mobiles enchanteurs.&nbsp;<\/p>\n<p>Fabriqu\u00e9s \u00e0 la main par une entreprise m\u00e8re et fille, les motifs avec des d\u00e9tails de perles font une belle d\u00e9coration pour la maison.&nbsp;<\/p>\n<p>Emball\u00e9 dans des enveloppes de 3 couleurs m\u00e9lang\u00e9es. Vous aimerez peut-\u00eatre aussi les attrape-r\u00eaves en macram\u00e9 pastel.&nbsp;<\/p>\n<p><strong><span style=\"color: rgb(141, 186, 216);\">Commandez d\u00e8s aujourd&rsquo;hui pour ajouter de la couleur \u00e0 vos ventes.&nbsp;<\/span><\/strong><\/p>\n<p><strong><span style=\"color: rgb(75, 80, 88);\">Dimensions :&nbsp;<\/span><\/strong><\/p>\n<p><span style=\"color: rgb(75, 80, 88);\"><strong>Mobile en aluminium H:80x1x21cm&nbsp;<\/strong><\/span><\/p>\n<p><span style=\"color: rgb(75, 80, 88);\"><strong>Taille Ananas Grand : 40x21cm&nbsp;<\/strong><\/span><\/p>\n<p><strong><span style=\"color: rgb(75, 80, 88);\">Petit Taille Ananas Petit : 10x7cm<\/span><\/strong><\/p>\n","protected":false},"excerpt":{"rendered":"<p>Ces charmants Mobiles en aluminium aux couleurs pastel \u00e0 la mode et aux formes tendance ajoutent une touche de magie balinaise \u00e0 n&rsquo;importe quelle maison.&nbsp; L&rsquo;aluminium martel\u00e9 et peint \u00e0 la main est utilis\u00e9 depuis des g\u00e9n\u00e9rations pour fabriquer des bo\u00eetes \u00e0 offrandes destin\u00e9es aux temples. Maintenant, cette m\u00eame technique est utilis\u00e9e pour fabriquer ces [&hellip;]<\/p>\n","protected":false},"featured_media":357796,"comment_status":"closed","ping_status":"open","template":"","meta":{"_angie_page":false},"product_brand":[],"product_cat":[14054,14447,14446],"product_tag":[],"class_list":{"0":"post-230228","1":"product","2":"type-product","3":"status-publish","4":"has-post-thumbnail","6":"product_cat-cadeaux-vintage-et-souvenirs","7":"product_cat-macrames-et-capteur-de-reves","8":"product_cat-maison-et-jardin","9":"pa_collection-bali-style-wall-decor-fr","10":"pa_made-in-indonesie","12":"first","13":"instock","14":"purchasable","15":"product-type-simple"},"supplier_id":null,"supplier_sku":"BAM-03","barcode":null,"atum_controlled":true,"out_stock_date":null,"out_stock_threshold":null,"inheritable":false,"inbound_stock":null,"stock_on_hold":0,"sold_today":0,"sales_last_days":0,"reserved_stock":null,"customer_returns":null,"warehouse_damage":null,"lost_in_post":null,"other_logs":null,"out_stock_days":0,"lost_sales":0,"has_location":null,"update_date":"2026-04-27T06:53:08","atum_locations":[],"atum_stock_status":"instock","restock_status":false,"low_stock_amount":"","sales_update_date":"2025-10-09T03:25:01","calc_backorders":null,"_links":{"self":[{"href":"https:\/\/aromasentia.com\/fr\/wp-json\/wp\/v2\/product\/230228","targetHints":{"allow":["GET"]}}],"collection":[{"href":"https:\/\/aromasentia.com\/fr\/wp-json\/wp\/v2\/product"}],"about":[{"href":"https:\/\/aromasentia.com\/fr\/wp-json\/wp\/v2\/types\/product"}],"replies":[{"embeddable":true,"href":"https:\/\/aromasentia.com\/fr\/wp-json\/wp\/v2\/comments?post=230228"}],"version-history":[{"count":0,"href":"https:\/\/aromasentia.com\/fr\/wp-json\/wp\/v2\/product\/230228\/revisions"}],"wp:featuredmedia":[{"embeddable":true,"href":"https:\/\/aromasentia.com\/fr\/wp-json\/wp\/v2\/media\/357796"}],"wp:attachment":[{"href":"https:\/\/aromasentia.com\/fr\/wp-json\/wp\/v2\/media?parent=230228"}],"wp:term":[{"taxonomy":"product_brand","embeddable":true,"href":"https:\/\/aromasentia.com\/fr\/wp-json\/wp\/v2\/product_brand?post=230228"},{"taxonomy":"product_cat","embeddable":true,"href":"https:\/\/aromasentia.com\/fr\/wp-json\/wp\/v2\/product_cat?post=230228"},{"taxonomy":"product_tag","embeddable":true,"href":"https:\/\/aromasentia.com\/fr\/wp-json\/wp\/v2\/product_tag?post=230228"}],"curies":[{"name":"wp","href":"https:\/\/api.w.org\/{rel}","templated":true}]}}