{"id":230216,"date":"2025-03-22T16:04:38","date_gmt":"2025-03-22T16:04:38","guid":{"rendered":"https:\/\/aromasentia.com\/product\/hand-carved-doorstop-gecko\/"},"modified":"2025-06-23T18:47:45","modified_gmt":"2025-06-23T18:47:45","slug":"arret-de-porte-sculpte-a-la-main-lezard","status":"publish","type":"product","link":"https:\/\/aromasentia.com\/fr\/arret-de-porte-sculpte-a-la-main-lezard\/","title":{"rendered":"Arr\u00eat de porte sculpt\u00e9 \u00e0 la main &#8211; L\u00e9zard"},"content":{"rendered":"<p>Cet incroyable arr\u00eat de porte sculpt\u00e9 \u00e0 la main en gros &#8211; Gecko est fabriqu\u00e9 \u00e0 partir de bois Jemipinis de qualit\u00e9, de bois dur indon\u00e9sien strictement contr\u00f4l\u00e9 et durable. L&rsquo;arr\u00eat de porte en bois authentique est suffisamment solide pour garder la porte ouverte. Cette pi\u00e8ce d\u00e9corative s&rsquo;int\u00e9grera parfaitement dans n&rsquo;importe quelle pi\u00e8ce de votre magasin, bureau ou chez vos clients. Individuellement sculpt\u00e9 \u00e0 la main par des artisans qualifi\u00e9s \u00e0 Bali et commercialis\u00e9 \u00e9quitablement. Cela peut \u00eatre un cadeau incroyable pour les clients qui aiment les animaux. Parfait pour toute boutique de cadeaux, mais surtout pour les magasins \u00e0 l&rsquo;atmosph\u00e8re champ\u00eatre et rustique.&nbsp;<\/p>\n<p><strong>Taille : 16x4x4,5cm <\/strong><\/p>\n<p>Commandez maintenant pour garder la porte ouverte \u00e0 vos clients.<\/p>\n","protected":false},"excerpt":{"rendered":"<p>Cet incroyable arr\u00eat de porte sculpt\u00e9 \u00e0 la main en gros &#8211; Gecko est fabriqu\u00e9 \u00e0 partir de bois Jemipinis de qualit\u00e9, de bois dur indon\u00e9sien strictement contr\u00f4l\u00e9 et durable. L&rsquo;arr\u00eat de porte en bois authentique est suffisamment solide pour garder la porte ouverte. Cette pi\u00e8ce d\u00e9corative s&rsquo;int\u00e9grera parfaitement dans n&rsquo;importe quelle pi\u00e8ce de votre [&hellip;]<\/p>\n","protected":false},"featured_media":357625,"comment_status":"closed","ping_status":"open","template":"","meta":{"_angie_page":false},"product_brand":[],"product_cat":[16948,14446],"product_tag":[],"class_list":{"0":"post-230216","1":"product","2":"type-product","3":"status-publish","4":"has-post-thumbnail","6":"product_cat-decorations-en-bois","7":"product_cat-maison-et-jardin","8":"pa_collection-hand-carved-doorstop-fr","9":"pa_made-in-indonesie","11":"first","12":"instock","13":"purchasable","14":"product-type-simple"},"supplier_id":null,"supplier_sku":"ADS-06","barcode":null,"atum_controlled":true,"out_stock_date":null,"out_stock_threshold":null,"inheritable":false,"inbound_stock":null,"stock_on_hold":0,"sold_today":0,"sales_last_days":0,"reserved_stock":null,"customer_returns":null,"warehouse_damage":null,"lost_in_post":null,"other_logs":null,"out_stock_days":0,"lost_sales":0,"has_location":null,"update_date":"2026-04-27T06:49:55","atum_locations":[],"atum_stock_status":"instock","restock_status":false,"low_stock_amount":"","sales_update_date":"2025-10-09T03:22:55","calc_backorders":null,"_links":{"self":[{"href":"https:\/\/aromasentia.com\/fr\/wp-json\/wp\/v2\/product\/230216","targetHints":{"allow":["GET"]}}],"collection":[{"href":"https:\/\/aromasentia.com\/fr\/wp-json\/wp\/v2\/product"}],"about":[{"href":"https:\/\/aromasentia.com\/fr\/wp-json\/wp\/v2\/types\/product"}],"replies":[{"embeddable":true,"href":"https:\/\/aromasentia.com\/fr\/wp-json\/wp\/v2\/comments?post=230216"}],"version-history":[{"count":0,"href":"https:\/\/aromasentia.com\/fr\/wp-json\/wp\/v2\/product\/230216\/revisions"}],"wp:featuredmedia":[{"embeddable":true,"href":"https:\/\/aromasentia.com\/fr\/wp-json\/wp\/v2\/media\/357625"}],"wp:attachment":[{"href":"https:\/\/aromasentia.com\/fr\/wp-json\/wp\/v2\/media?parent=230216"}],"wp:term":[{"taxonomy":"product_brand","embeddable":true,"href":"https:\/\/aromasentia.com\/fr\/wp-json\/wp\/v2\/product_brand?post=230216"},{"taxonomy":"product_cat","embeddable":true,"href":"https:\/\/aromasentia.com\/fr\/wp-json\/wp\/v2\/product_cat?post=230216"},{"taxonomy":"product_tag","embeddable":true,"href":"https:\/\/aromasentia.com\/fr\/wp-json\/wp\/v2\/product_tag?post=230216"}],"curies":[{"name":"wp","href":"https:\/\/api.w.org\/{rel}","templated":true}]}}