{"id":230180,"date":"2025-03-22T16:04:38","date_gmt":"2025-03-22T16:04:38","guid":{"rendered":"https:\/\/aromasentia.com\/product\/salt-lamp-fittings-uk\/"},"modified":"2025-06-23T18:47:41","modified_gmt":"2025-06-23T18:47:41","slug":"salt-lamp-fittings-uk","status":"publish","type":"product","link":"https:\/\/aromasentia.com\/fr\/salt-lamp-fittings-uk\/","title":{"rendered":"Salt Lamp Fittings &#8211; UK"},"content":{"rendered":"<\/p>\n<p>C\u00e2bleUK pour lampe \u00e0 sel. Pour plus d&rsquo;informations sur les lampes Salt, veuillez t\u00e9l\u00e9charger le fichier en cliquant sur le lien ci-dessous.<\/p>\n<p><strong>Notez que vous aurez besoin du mot de passe<\/strong> awuser pour t\u00e9l\u00e9charger l&rsquo;info.<\/p>\n<p><strong>Notez SVP<\/strong> En raison de la nature de ces lampes, la taille et les formes peuvent varier. Les images sont fournies \u00e0 titre d&rsquo;illustration uniquement.<\/p>\n<p><strong><span style=\"color : rgb(184, 49, 47) ;\">Ces c\u00e2bles ne conviennent pas aux lampes Selenite Tower&nbsp;<\/span><\/strong><\/p>\n<p><strong>Longueur du c\u00e2ble : 1.5M&nbsp;<\/strong><\/p>\n<p><strong>Longueur du c\u00e2ble : 1.<\/p>\n","protected":false},"excerpt":{"rendered":"<p>C\u00e2bleUK pour lampe \u00e0 sel. Pour plus d&rsquo;informations sur les lampes Salt, veuillez t\u00e9l\u00e9charger le fichier en cliquant sur le lien ci-dessous. Notez que vous aurez besoin du mot de passe awuser pour t\u00e9l\u00e9charger l&rsquo;info. Notez SVP En raison de la nature de ces lampes, la taille et les formes peuvent varier. Les images sont [&hellip;]<\/p>\n","protected":false},"featured_media":357376,"comment_status":"closed","ping_status":"open","template":"","meta":{"_angie_page":false},"product_brand":[],"product_cat":[14446],"product_tag":[],"class_list":{"0":"post-230180","1":"product","2":"type-product","3":"status-publish","4":"has-post-thumbnail","6":"product_cat-maison-et-jardin","7":"pa_collection-plug-adaptors-usb-stations-fr","8":"pa_made-in-chine","10":"first","11":"instock","12":"purchasable","13":"product-type-simple"},"supplier_id":null,"supplier_sku":"Salt-54","barcode":null,"atum_controlled":true,"out_stock_date":null,"out_stock_threshold":null,"inheritable":false,"inbound_stock":null,"stock_on_hold":0,"sold_today":0,"sales_last_days":0,"reserved_stock":null,"customer_returns":null,"warehouse_damage":null,"lost_in_post":null,"other_logs":null,"out_stock_days":0,"lost_sales":0,"has_location":null,"update_date":"2026-05-08T05:18:01","atum_locations":[],"atum_stock_status":"instock","restock_status":false,"low_stock_amount":"","sales_update_date":"2025-09-05T00:28:05","calc_backorders":null,"_links":{"self":[{"href":"https:\/\/aromasentia.com\/fr\/wp-json\/wp\/v2\/product\/230180","targetHints":{"allow":["GET"]}}],"collection":[{"href":"https:\/\/aromasentia.com\/fr\/wp-json\/wp\/v2\/product"}],"about":[{"href":"https:\/\/aromasentia.com\/fr\/wp-json\/wp\/v2\/types\/product"}],"replies":[{"embeddable":true,"href":"https:\/\/aromasentia.com\/fr\/wp-json\/wp\/v2\/comments?post=230180"}],"version-history":[{"count":0,"href":"https:\/\/aromasentia.com\/fr\/wp-json\/wp\/v2\/product\/230180\/revisions"}],"wp:featuredmedia":[{"embeddable":true,"href":"https:\/\/aromasentia.com\/fr\/wp-json\/wp\/v2\/media\/357376"}],"wp:attachment":[{"href":"https:\/\/aromasentia.com\/fr\/wp-json\/wp\/v2\/media?parent=230180"}],"wp:term":[{"taxonomy":"product_brand","embeddable":true,"href":"https:\/\/aromasentia.com\/fr\/wp-json\/wp\/v2\/product_brand?post=230180"},{"taxonomy":"product_cat","embeddable":true,"href":"https:\/\/aromasentia.com\/fr\/wp-json\/wp\/v2\/product_cat?post=230180"},{"taxonomy":"product_tag","embeddable":true,"href":"https:\/\/aromasentia.com\/fr\/wp-json\/wp\/v2\/product_tag?post=230180"}],"curies":[{"name":"wp","href":"https:\/\/api.w.org\/{rel}","templated":true}]}}