{"id":230160,"date":"2025-03-22T16:04:38","date_gmt":"2025-03-22T16:04:38","guid":{"rendered":"https:\/\/aromasentia.com\/product\/mr-triangle-decoration-storage-3-draws\/"},"modified":"2025-06-23T18:47:37","modified_gmt":"2025-06-23T18:47:37","slug":"mr-triangle-decoration-rangement-3-tirages","status":"publish","type":"product","link":"https:\/\/aromasentia.com\/fr\/mr-triangle-decoration-rangement-3-tirages\/","title":{"rendered":"Mr Triangle D\u00e9coration Rangement 3 Tirages"},"content":{"rendered":"<p>Ce beau meuble a \u00e9t\u00e9 fabriqu\u00e9 \u00e0 la main \u00e0 Bali en utilisant principalement du bois de teck recycl\u00e9 provenant de bateaux de p\u00eache \u00e0 la retraite.&nbsp;<\/p>\n<p>Le bois conserve certaines des couleurs d&rsquo;origine et la finition rustique et sera un compl\u00e9ment parfait \u00e0 tout d\u00e9cor de maison. La finition naturelle met en valeur les riches d\u00e9tails et la coloration du bois.&nbsp;<\/p>\n<p>Veuillez noter que puisque les meubles sont fabriqu\u00e9s \u00e0 la main, chaque pi\u00e8ce est unique et peut \u00eatre l\u00e9g\u00e8rement diff\u00e9rente de celle pr\u00e9sent\u00e9e sur la photo.&nbsp;<\/p>\n<p>VEUILLEZ NOTER : Des frais de port suppl\u00e9mentaires s&rsquo;appliqueront<\/p>\n<p><strong><span style=\"color: rgb(75, 80, 88);\">Taille : Longueur 45cm, Largeur 46cm, Hauteur 72cm<\/span><\/strong><\/p>\n","protected":false},"excerpt":{"rendered":"<p>Ce beau meuble a \u00e9t\u00e9 fabriqu\u00e9 \u00e0 la main \u00e0 Bali en utilisant principalement du bois de teck recycl\u00e9 provenant de bateaux de p\u00eache \u00e0 la retraite.&nbsp; Le bois conserve certaines des couleurs d&rsquo;origine et la finition rustique et sera un compl\u00e9ment parfait \u00e0 tout d\u00e9cor de maison. La finition naturelle met en valeur les [&hellip;]<\/p>\n","protected":false},"featured_media":357331,"comment_status":"closed","ping_status":"open","template":"","meta":{"_angie_page":false},"product_brand":[27089],"product_cat":[14446,16880],"product_tag":[],"class_list":{"0":"post-230160","1":"product","2":"type-product","3":"status-publish","4":"has-post-thumbnail","6":"product_brand-agnes-and-cat","7":"product_cat-maison-et-jardin","8":"product_cat-meubles","9":"pa_collection-recycled-home-furniture-from-bali-fr","10":"pa_made-in-indonesie","12":"first","13":"instock","14":"purchasable","15":"product-type-simple"},"supplier_id":null,"supplier_sku":"ACShop-15","barcode":null,"atum_controlled":true,"out_stock_date":null,"out_stock_threshold":null,"inheritable":false,"inbound_stock":null,"stock_on_hold":0,"sold_today":0,"sales_last_days":0,"reserved_stock":null,"customer_returns":null,"warehouse_damage":null,"lost_in_post":null,"other_logs":null,"out_stock_days":0,"lost_sales":0,"has_location":null,"update_date":"2026-04-29T18:50:32","atum_locations":[],"atum_stock_status":"instock","restock_status":false,"low_stock_amount":"","sales_update_date":"2025-10-09T03:23:09","calc_backorders":null,"_links":{"self":[{"href":"https:\/\/aromasentia.com\/fr\/wp-json\/wp\/v2\/product\/230160","targetHints":{"allow":["GET"]}}],"collection":[{"href":"https:\/\/aromasentia.com\/fr\/wp-json\/wp\/v2\/product"}],"about":[{"href":"https:\/\/aromasentia.com\/fr\/wp-json\/wp\/v2\/types\/product"}],"replies":[{"embeddable":true,"href":"https:\/\/aromasentia.com\/fr\/wp-json\/wp\/v2\/comments?post=230160"}],"version-history":[{"count":0,"href":"https:\/\/aromasentia.com\/fr\/wp-json\/wp\/v2\/product\/230160\/revisions"}],"wp:featuredmedia":[{"embeddable":true,"href":"https:\/\/aromasentia.com\/fr\/wp-json\/wp\/v2\/media\/357331"}],"wp:attachment":[{"href":"https:\/\/aromasentia.com\/fr\/wp-json\/wp\/v2\/media?parent=230160"}],"wp:term":[{"taxonomy":"product_brand","embeddable":true,"href":"https:\/\/aromasentia.com\/fr\/wp-json\/wp\/v2\/product_brand?post=230160"},{"taxonomy":"product_cat","embeddable":true,"href":"https:\/\/aromasentia.com\/fr\/wp-json\/wp\/v2\/product_cat?post=230160"},{"taxonomy":"product_tag","embeddable":true,"href":"https:\/\/aromasentia.com\/fr\/wp-json\/wp\/v2\/product_tag?post=230160"}],"curies":[{"name":"wp","href":"https:\/\/api.w.org\/{rel}","templated":true}]}}