{"id":230132,"date":"2025-03-22T16:04:38","date_gmt":"2025-03-22T16:04:38","guid":{"rendered":"https:\/\/aromasentia.com\/product\/spare-oil-burner-dish-classic-11-5cm\/"},"modified":"2025-06-23T18:47:33","modified_gmt":"2025-06-23T18:47:33","slug":"coupelle-de-rechange-pour-bruleur-a-huile-classique-115-cm","status":"publish","type":"product","link":"https:\/\/aromasentia.com\/fr\/coupelle-de-rechange-pour-bruleur-a-huile-classique-115-cm\/","title":{"rendered":"Coupelle de Rechange pour Br\u00fbleur \u00e0 Huile &#8211; Classique 11,5 cm"},"content":{"rendered":"<p>Gardez votre br\u00fbleur \u00e0 huile fonctionnel avec ce plat de rechange pour br\u00fbleur \u00e0 huile &#8211; classique 11,5 cm. Cette coupelle de rechange en verre ou en c\u00e9ramique, au design classique et d&rsquo;un diam\u00e8tre de 11,5 cm, est con\u00e7ue pour s&rsquo;adapter \u00e0 la plupart des br\u00fbleurs \u00e0 huile standard. Parfaite lorsque votre coupelle d&rsquo;origine se casse ou devient trop tach\u00e9e, elle vous permet de continuer \u00e0 profiter de vos huiles essentielles ou de vos cires fondues pr\u00e9f\u00e9r\u00e9es. Un accessoire pratique et essentiel pour garantir que vos s\u00e9ances d&rsquo;aromath\u00e9rapie se d\u00e9roulent sans interruption, en maintenant une combustion propre et efficace.<\/p>\n","protected":false},"excerpt":{"rendered":"<p>Gardez votre br\u00fbleur \u00e0 huile fonctionnel avec ce plat de rechange pour br\u00fbleur \u00e0 huile &#8211; classique 11,5 cm. Cette coupelle de rechange en verre ou en c\u00e9ramique, au design classique et d&rsquo;un diam\u00e8tre de 11,5 cm, est con\u00e7ue pour s&rsquo;adapter \u00e0 la plupart des br\u00fbleurs \u00e0 huile standard. Parfaite lorsque votre coupelle d&rsquo;origine se [&hellip;]<\/p>\n","protected":false},"featured_media":357164,"comment_status":"closed","ping_status":"open","template":"","meta":{"_angie_page":false},"product_brand":[],"product_cat":[14054,14189,14446,16976],"product_tag":[],"class_list":{"0":"post-230132","1":"product","2":"type-product","3":"status-publish","4":"has-post-thumbnail","6":"product_cat-cadeaux-vintage-et-souvenirs","7":"product_cat-figurines","8":"product_cat-maison-et-jardin","9":"product_cat-statues-et-figurines","10":"pa_collection-antique-buddha-collectables-fr","11":"pa_made-in-chine","13":"first","14":"instock","15":"purchasable","16":"product-type-simple"},"supplier_id":null,"supplier_sku":"OBDish-04","barcode":null,"atum_controlled":true,"out_stock_date":null,"out_stock_threshold":null,"inheritable":false,"inbound_stock":null,"stock_on_hold":0,"sold_today":0,"sales_last_days":0,"reserved_stock":null,"customer_returns":null,"warehouse_damage":null,"lost_in_post":null,"other_logs":null,"out_stock_days":0,"lost_sales":0,"has_location":null,"update_date":"2026-05-08T05:15:40","atum_locations":[],"atum_stock_status":"instock","restock_status":false,"low_stock_amount":"","sales_update_date":"2026-01-30T01:25:31","calc_backorders":null,"_links":{"self":[{"href":"https:\/\/aromasentia.com\/fr\/wp-json\/wp\/v2\/product\/230132","targetHints":{"allow":["GET"]}}],"collection":[{"href":"https:\/\/aromasentia.com\/fr\/wp-json\/wp\/v2\/product"}],"about":[{"href":"https:\/\/aromasentia.com\/fr\/wp-json\/wp\/v2\/types\/product"}],"replies":[{"embeddable":true,"href":"https:\/\/aromasentia.com\/fr\/wp-json\/wp\/v2\/comments?post=230132"}],"version-history":[{"count":0,"href":"https:\/\/aromasentia.com\/fr\/wp-json\/wp\/v2\/product\/230132\/revisions"}],"wp:featuredmedia":[{"embeddable":true,"href":"https:\/\/aromasentia.com\/fr\/wp-json\/wp\/v2\/media\/357164"}],"wp:attachment":[{"href":"https:\/\/aromasentia.com\/fr\/wp-json\/wp\/v2\/media?parent=230132"}],"wp:term":[{"taxonomy":"product_brand","embeddable":true,"href":"https:\/\/aromasentia.com\/fr\/wp-json\/wp\/v2\/product_brand?post=230132"},{"taxonomy":"product_cat","embeddable":true,"href":"https:\/\/aromasentia.com\/fr\/wp-json\/wp\/v2\/product_cat?post=230132"},{"taxonomy":"product_tag","embeddable":true,"href":"https:\/\/aromasentia.com\/fr\/wp-json\/wp\/v2\/product_tag?post=230132"}],"curies":[{"name":"wp","href":"https:\/\/api.w.org\/{rel}","templated":true}]}}