{"id":230124,"date":"2025-03-22T16:04:38","date_gmt":"2025-03-22T16:04:38","guid":{"rendered":"https:\/\/aromasentia.com\/product\/antique-buddha-om-hands-oil-burner\/"},"modified":"2025-06-23T18:47:33","modified_gmt":"2025-06-23T18:47:33","slug":"bouddha-antique-bruleur-a-huile-om-hands","status":"publish","type":"product","link":"https:\/\/aromasentia.com\/fr\/bouddha-antique-bruleur-a-huile-om-hands\/","title":{"rendered":"Bouddha Antique &#8211; Br\u00fbleur \u00e0 Huile Om Hands"},"content":{"rendered":"<p>Jetez un coup d&rsquo;\u0153il \u00e0 ce magnifique <strong><span style=\"color: rgb(75, 80, 88);\">Bouddha Antique &#8211; Br\u00fbleur \u00e0 Huile Om Hands<\/span><\/strong> en gros \u00e0 collectionner &#8211;&nbsp;<\/p>\n<p>Br\u00fbleur d&rsquo;encens \u00e0 la main. Les objets de collection Antique Buddha sont parfaits pour n&rsquo;importe quelle maison, boutique de cadeaux, restaurant ou espace de m\u00e9ditation.&nbsp;<\/p>\n<p>Rendez la maison de vos clients plus zen avec ces objets de collection judicieux. Et ils se d\u00e9marqueront certainement dans votre magasin ou votre site Web.&nbsp;<\/p>\n<p>Apportez de la joie et du bonheur \u00e0 la maison\/au spa de votre client ou \u00e0 un lieu sacr\u00e9. Commandez maintenant pour un affichage accrocheur et exotique.&nbsp;<\/p>\n<p><strong><span style=\"color: rgb(141, 186, 216);\">Classique facile \u00e0 vendre, vos clients adoreront les collectionner !<\/span><\/strong><\/p>\n","protected":false},"excerpt":{"rendered":"<p>Jetez un coup d&rsquo;\u0153il \u00e0 ce magnifique Bouddha Antique &#8211; Br\u00fbleur \u00e0 Huile Om Hands en gros \u00e0 collectionner &#8211;&nbsp; Br\u00fbleur d&rsquo;encens \u00e0 la main. Les objets de collection Antique Buddha sont parfaits pour n&rsquo;importe quelle maison, boutique de cadeaux, restaurant ou espace de m\u00e9ditation.&nbsp; Rendez la maison de vos clients plus zen avec ces [&hellip;]<\/p>\n","protected":false},"featured_media":357090,"comment_status":"closed","ping_status":"open","template":"","meta":[],"product_brand":[],"product_cat":[18405,16514],"product_tag":[],"class_list":{"0":"post-230124","1":"product","2":"type-product","3":"status-publish","4":"has-post-thumbnail","6":"product_cat-bruleurs-d-huiles","7":"product_cat-diffuseurs-ultrason-et-dambiance","8":"pa_collection-antique-buddha-collectables-fr","9":"pa_made-in-chine","11":"first","12":"instock","13":"purchasable","14":"product-type-simple"},"supplier_id":null,"supplier_sku":"ABC-02","barcode":null,"atum_controlled":true,"out_stock_date":null,"out_stock_threshold":null,"inheritable":false,"inbound_stock":null,"stock_on_hold":0,"sold_today":0,"sales_last_days":0,"reserved_stock":null,"customer_returns":null,"warehouse_damage":null,"lost_in_post":null,"other_logs":null,"out_stock_days":0,"lost_sales":0,"has_location":null,"update_date":"2026-01-30T01:24:38","atum_locations":[],"atum_stock_status":"instock","restock_status":false,"low_stock_amount":"","sales_update_date":"2026-01-30T01:24:38","calc_backorders":null,"_links":{"self":[{"href":"https:\/\/aromasentia.com\/fr\/wp-json\/wp\/v2\/product\/230124","targetHints":{"allow":["GET"]}}],"collection":[{"href":"https:\/\/aromasentia.com\/fr\/wp-json\/wp\/v2\/product"}],"about":[{"href":"https:\/\/aromasentia.com\/fr\/wp-json\/wp\/v2\/types\/product"}],"replies":[{"embeddable":true,"href":"https:\/\/aromasentia.com\/fr\/wp-json\/wp\/v2\/comments?post=230124"}],"version-history":[{"count":0,"href":"https:\/\/aromasentia.com\/fr\/wp-json\/wp\/v2\/product\/230124\/revisions"}],"wp:featuredmedia":[{"embeddable":true,"href":"https:\/\/aromasentia.com\/fr\/wp-json\/wp\/v2\/media\/357090"}],"wp:attachment":[{"href":"https:\/\/aromasentia.com\/fr\/wp-json\/wp\/v2\/media?parent=230124"}],"wp:term":[{"taxonomy":"product_brand","embeddable":true,"href":"https:\/\/aromasentia.com\/fr\/wp-json\/wp\/v2\/product_brand?post=230124"},{"taxonomy":"product_cat","embeddable":true,"href":"https:\/\/aromasentia.com\/fr\/wp-json\/wp\/v2\/product_cat?post=230124"},{"taxonomy":"product_tag","embeddable":true,"href":"https:\/\/aromasentia.com\/fr\/wp-json\/wp\/v2\/product_tag?post=230124"}],"curies":[{"name":"wp","href":"https:\/\/api.w.org\/{rel}","templated":true}]}}