{"id":230092,"date":"2025-03-22T16:04:38","date_gmt":"2025-03-22T16:04:38","guid":{"rendered":"https:\/\/aromasentia.com\/product\/albasia-bathroom-cabinet-greywash\/"},"modified":"2025-06-23T18:47:29","modified_gmt":"2025-06-23T18:47:29","slug":"meuble-de-salle-de-bain-albasia-gris-delave","status":"publish","type":"product","link":"https:\/\/aromasentia.com\/fr\/meuble-de-salle-de-bain-albasia-gris-delave\/","title":{"rendered":"Meuble de Salle de Bain Albasia &#8211; Gris D\u00e9lav\u00e9"},"content":{"rendered":"<p>Dimensions : Hauteur &#8211; 120 cm ; Largeur &#8211; 66,7 cm; Profondeur &#8211; 40 cm.<\/p>\n<p>&nbsp;Dimensions du tiroir : Hauteur &#8211; 9,5 cm ; Largeur &#8211; 24cm; Profondeur &#8211; 24,6 cm.<\/p>\n<p>VEUILLEZ NOTER : Les articles de cette gamme de produits sont class\u00e9s comme surdimensionn\u00e9s, des frais d&rsquo;exp\u00e9dition suppl\u00e9mentaires peuvent \u00eatre factur\u00e9s.<\/p>\n","protected":false},"excerpt":{"rendered":"<p>Dimensions : Hauteur &#8211; 120 cm ; Largeur &#8211; 66,7 cm; Profondeur &#8211; 40 cm. &nbsp;Dimensions du tiroir : Hauteur &#8211; 9,5 cm ; Largeur &#8211; 24cm; Profondeur &#8211; 24,6 cm. VEUILLEZ NOTER : Les articles de cette gamme de produits sont class\u00e9s comme surdimensionn\u00e9s, des frais d&rsquo;exp\u00e9dition suppl\u00e9mentaires peuvent \u00eatre factur\u00e9s.<\/p>\n","protected":false},"featured_media":359186,"comment_status":"closed","ping_status":"open","template":"","meta":{"_angie_page":false},"product_brand":[],"product_cat":[14446,16880],"product_tag":[],"class_list":{"0":"post-230092","1":"product","2":"type-product","3":"status-publish","4":"has-post-thumbnail","6":"product_cat-maison-et-jardin","7":"product_cat-meubles","8":"pa_collection-albasia-bathroom-cabinets-fr","9":"pa_made-in-indonesie","11":"first","12":"instock","13":"purchasable","14":"product-type-simple"},"supplier_id":null,"supplier_sku":"BCab-02","barcode":null,"atum_controlled":true,"out_stock_date":null,"out_stock_threshold":null,"inheritable":false,"inbound_stock":null,"stock_on_hold":0,"sold_today":0,"sales_last_days":0,"reserved_stock":null,"customer_returns":null,"warehouse_damage":null,"lost_in_post":null,"other_logs":null,"out_stock_days":0,"lost_sales":0,"has_location":null,"update_date":"2026-04-27T06:54:29","atum_locations":[],"atum_stock_status":"instock","restock_status":false,"low_stock_amount":"","sales_update_date":"2026-01-30T01:26:11","calc_backorders":null,"_links":{"self":[{"href":"https:\/\/aromasentia.com\/fr\/wp-json\/wp\/v2\/product\/230092","targetHints":{"allow":["GET"]}}],"collection":[{"href":"https:\/\/aromasentia.com\/fr\/wp-json\/wp\/v2\/product"}],"about":[{"href":"https:\/\/aromasentia.com\/fr\/wp-json\/wp\/v2\/types\/product"}],"replies":[{"embeddable":true,"href":"https:\/\/aromasentia.com\/fr\/wp-json\/wp\/v2\/comments?post=230092"}],"version-history":[{"count":0,"href":"https:\/\/aromasentia.com\/fr\/wp-json\/wp\/v2\/product\/230092\/revisions"}],"wp:featuredmedia":[{"embeddable":true,"href":"https:\/\/aromasentia.com\/fr\/wp-json\/wp\/v2\/media\/359186"}],"wp:attachment":[{"href":"https:\/\/aromasentia.com\/fr\/wp-json\/wp\/v2\/media?parent=230092"}],"wp:term":[{"taxonomy":"product_brand","embeddable":true,"href":"https:\/\/aromasentia.com\/fr\/wp-json\/wp\/v2\/product_brand?post=230092"},{"taxonomy":"product_cat","embeddable":true,"href":"https:\/\/aromasentia.com\/fr\/wp-json\/wp\/v2\/product_cat?post=230092"},{"taxonomy":"product_tag","embeddable":true,"href":"https:\/\/aromasentia.com\/fr\/wp-json\/wp\/v2\/product_tag?post=230092"}],"curies":[{"name":"wp","href":"https:\/\/api.w.org\/{rel}","templated":true}]}}