{"id":230080,"date":"2025-03-22T16:04:38","date_gmt":"2025-03-22T16:04:38","guid":{"rendered":"https:\/\/aromasentia.com\/product\/boho-sea-shell-lamp-chocolate-twist-oval-20cm\/"},"modified":"2025-06-23T18:47:26","modified_gmt":"2025-06-23T18:47:26","slug":"lampe-coquillage-boho-ovale-torsade-chocolat-20cm","status":"publish","type":"product","link":"https:\/\/aromasentia.com\/fr\/lampe-coquillage-boho-ovale-torsade-chocolat-20cm\/","title":{"rendered":"Lampe Coquillage Boho &#8211; Ovale Torsad\u00e9 Chocolat &#8211; 20cm"},"content":{"rendered":"<p>Nous vous pr\u00e9sentons nos superbes <strong><span style=\"color: rgb(75, 80, 88);\">Lampes Boho en Coquillages<\/span><\/strong>, fabriqu\u00e9es \u00e0 la main dans le paradis tropical de Bali, en Indon\u00e9sie.&nbsp;<\/p>\n<p>Ces lampes sont l&rsquo;incarnation de l&rsquo;art, cr\u00e9\u00e9es par des artisans talentueux qui transforment de vrais coquillages en pi\u00e8ces captivantes qui rayonnent d&rsquo;une ambiance boh\u00e8me romantique.&nbsp;<\/p>\n<p>Illuminez votre espace avec le charme de l&rsquo;oc\u00e9an.&nbsp;<\/p>\n<p>Cette <strong><span style=\"color: rgb(75, 80, 88);\">Lampe Coquillage Boho &#8211; Ovale Torsad\u00e9 Chocolat &#8211; 20cm<\/span><\/strong> est un t\u00e9moignage de l&rsquo;art, fabriqu\u00e9e \u00e0 partir de v\u00e9ritables coquillages par des artisans qualifi\u00e9s. Sa forme ovale enchanteresse et son design chocolat\u00e9 insufflent \u00e0 votre espace une ambiance boh\u00e8me romantique.<\/p>\n<p><strong><span style=\"color: rgb(75, 80, 88);\">Remarque :<\/span><\/strong> ces lampes sont fabriqu\u00e9es \u00e0 la main par des artisans avec de vrais coquillages, ce qui explique les petits d\u00e9fauts ou irr\u00e9gularit\u00e9s.&nbsp;<\/p>\n<p><strong><span style=\"color: rgb(141, 186, 216);\">Chaque lampe est livr\u00e9e avec un luminaire, une ampoule et une prise de courant de type europ\u00e9en.<\/span><\/strong><\/p>\n","protected":false},"excerpt":{"rendered":"<p>Nous vous pr\u00e9sentons nos superbes Lampes Boho en Coquillages, fabriqu\u00e9es \u00e0 la main dans le paradis tropical de Bali, en Indon\u00e9sie.&nbsp; Ces lampes sont l&rsquo;incarnation de l&rsquo;art, cr\u00e9\u00e9es par des artisans talentueux qui transforment de vrais coquillages en pi\u00e8ces captivantes qui rayonnent d&rsquo;une ambiance boh\u00e8me romantique.&nbsp; Illuminez votre espace avec le charme de l&rsquo;oc\u00e9an.&nbsp; Cette [&hellip;]<\/p>\n","protected":false},"featured_media":359031,"comment_status":"closed","ping_status":"open","template":"","meta":{"_angie_page":false},"product_brand":[],"product_cat":[17242,14446],"product_tag":[],"class_list":{"0":"post-230080","1":"product","2":"type-product","3":"status-publish","4":"has-post-thumbnail","6":"product_cat-lampes-et-lanternes","7":"product_cat-maison-et-jardin","8":"pa_collection-boho-seashell-lamps-fr","9":"pa_made-in-indonesie","11":"first","12":"instock","13":"purchasable","14":"product-type-simple"},"supplier_id":null,"supplier_sku":"BBSL-07","barcode":null,"atum_controlled":true,"out_stock_date":null,"out_stock_threshold":null,"inheritable":false,"inbound_stock":null,"stock_on_hold":0,"sold_today":0,"sales_last_days":0,"reserved_stock":null,"customer_returns":null,"warehouse_damage":null,"lost_in_post":null,"other_logs":null,"out_stock_days":0,"lost_sales":0,"has_location":null,"update_date":"2026-04-28T18:50:49","atum_locations":[],"atum_stock_status":"instock","restock_status":false,"low_stock_amount":"","sales_update_date":"2026-01-30T01:26:19","calc_backorders":null,"_links":{"self":[{"href":"https:\/\/aromasentia.com\/fr\/wp-json\/wp\/v2\/product\/230080","targetHints":{"allow":["GET"]}}],"collection":[{"href":"https:\/\/aromasentia.com\/fr\/wp-json\/wp\/v2\/product"}],"about":[{"href":"https:\/\/aromasentia.com\/fr\/wp-json\/wp\/v2\/types\/product"}],"replies":[{"embeddable":true,"href":"https:\/\/aromasentia.com\/fr\/wp-json\/wp\/v2\/comments?post=230080"}],"version-history":[{"count":0,"href":"https:\/\/aromasentia.com\/fr\/wp-json\/wp\/v2\/product\/230080\/revisions"}],"wp:featuredmedia":[{"embeddable":true,"href":"https:\/\/aromasentia.com\/fr\/wp-json\/wp\/v2\/media\/359031"}],"wp:attachment":[{"href":"https:\/\/aromasentia.com\/fr\/wp-json\/wp\/v2\/media?parent=230080"}],"wp:term":[{"taxonomy":"product_brand","embeddable":true,"href":"https:\/\/aromasentia.com\/fr\/wp-json\/wp\/v2\/product_brand?post=230080"},{"taxonomy":"product_cat","embeddable":true,"href":"https:\/\/aromasentia.com\/fr\/wp-json\/wp\/v2\/product_cat?post=230080"},{"taxonomy":"product_tag","embeddable":true,"href":"https:\/\/aromasentia.com\/fr\/wp-json\/wp\/v2\/product_tag?post=230080"}],"curies":[{"name":"wp","href":"https:\/\/api.w.org\/{rel}","templated":true}]}}