{"id":230052,"date":"2025-03-22T16:04:38","date_gmt":"2025-03-22T16:04:38","guid":{"rendered":"https:\/\/aromasentia.com\/product\/driftwood-bee-insect-wide-house-box\/"},"modified":"2025-06-23T18:47:22","modified_gmt":"2025-06-23T18:47:22","slug":"boite-a-insectes-et-abeilles-en-bois-flotte-grande-maison","status":"publish","type":"product","link":"https:\/\/aromasentia.com\/fr\/boite-a-insectes-et-abeilles-en-bois-flotte-grande-maison\/","title":{"rendered":"Bo\u00eete \u00e0 insectes et abeilles en bois flott\u00e9 &#8211; grande maison"},"content":{"rendered":"<p>Offrez un refuge grandiose avec cette bo\u00eete \u00e0 abeilles et \u00e0 insectes en bois flott\u00e9. Cette \u00ab\u00a0maison large\u00a0\u00bb de taille g\u00e9n\u00e9reuse est fabriqu\u00e9e en bois flott\u00e9 naturel et offre un habitat \u00e9tendu et vari\u00e9 aux insectes b\u00e9n\u00e9fiques du jardin. Sa structure plus large et ses multiples compartiments sont con\u00e7us pour attirer et abriter une population vari\u00e9e de pollinisateurs et d&rsquo;insectes nuisibles. Il s&rsquo;agit d&rsquo;un ajout important et magnifique \u00e0 tout jardin soucieux de l&rsquo;environnement, qui am\u00e9liore la biodiversit\u00e9 tout en ajoutant un \u00e9l\u00e9ment saisissant d&rsquo;art rustique et naturel.<\/p>\n","protected":false},"excerpt":{"rendered":"<p>Offrez un refuge grandiose avec cette bo\u00eete \u00e0 abeilles et \u00e0 insectes en bois flott\u00e9. Cette \u00ab\u00a0maison large\u00a0\u00bb de taille g\u00e9n\u00e9reuse est fabriqu\u00e9e en bois flott\u00e9 naturel et offre un habitat \u00e9tendu et vari\u00e9 aux insectes b\u00e9n\u00e9fiques du jardin. Sa structure plus large et ses multiples compartiments sont con\u00e7us pour attirer et abriter une population [&hellip;]<\/p>\n","protected":false},"featured_media":358648,"comment_status":"closed","ping_status":"open","template":"","meta":{"_angie_page":false},"product_brand":[],"product_cat":[16892,14446],"product_tag":[],"class_list":{"0":"post-230052","1":"product","2":"type-product","3":"status-publish","4":"has-post-thumbnail","6":"product_cat-decoration","7":"product_cat-maison-et-jardin","8":"pa_made-in-indonesie","10":"first","11":"instock","12":"purchasable","13":"product-type-simple"},"supplier_id":null,"supplier_sku":"BBBox-09DS","barcode":null,"atum_controlled":true,"out_stock_date":null,"out_stock_threshold":null,"inheritable":false,"inbound_stock":null,"stock_on_hold":0,"sold_today":0,"sales_last_days":0,"reserved_stock":null,"customer_returns":null,"warehouse_damage":null,"lost_in_post":null,"other_logs":null,"out_stock_days":0,"lost_sales":0,"has_location":null,"update_date":"2026-04-27T06:54:19","atum_locations":[],"atum_stock_status":"instock","restock_status":false,"low_stock_amount":"","sales_update_date":"2026-01-30T01:25:50","calc_backorders":null,"_links":{"self":[{"href":"https:\/\/aromasentia.com\/fr\/wp-json\/wp\/v2\/product\/230052","targetHints":{"allow":["GET"]}}],"collection":[{"href":"https:\/\/aromasentia.com\/fr\/wp-json\/wp\/v2\/product"}],"about":[{"href":"https:\/\/aromasentia.com\/fr\/wp-json\/wp\/v2\/types\/product"}],"replies":[{"embeddable":true,"href":"https:\/\/aromasentia.com\/fr\/wp-json\/wp\/v2\/comments?post=230052"}],"version-history":[{"count":0,"href":"https:\/\/aromasentia.com\/fr\/wp-json\/wp\/v2\/product\/230052\/revisions"}],"wp:featuredmedia":[{"embeddable":true,"href":"https:\/\/aromasentia.com\/fr\/wp-json\/wp\/v2\/media\/358648"}],"wp:attachment":[{"href":"https:\/\/aromasentia.com\/fr\/wp-json\/wp\/v2\/media?parent=230052"}],"wp:term":[{"taxonomy":"product_brand","embeddable":true,"href":"https:\/\/aromasentia.com\/fr\/wp-json\/wp\/v2\/product_brand?post=230052"},{"taxonomy":"product_cat","embeddable":true,"href":"https:\/\/aromasentia.com\/fr\/wp-json\/wp\/v2\/product_cat?post=230052"},{"taxonomy":"product_tag","embeddable":true,"href":"https:\/\/aromasentia.com\/fr\/wp-json\/wp\/v2\/product_tag?post=230052"}],"curies":[{"name":"wp","href":"https:\/\/api.w.org\/{rel}","templated":true}]}}