{"id":230048,"date":"2025-03-22T16:04:38","date_gmt":"2025-03-22T16:04:38","guid":{"rendered":"https:\/\/aromasentia.com\/product\/driftwood-bee-insect-double-box\/"},"modified":"2025-06-23T18:47:22","modified_gmt":"2025-06-23T18:47:22","slug":"boite-a-oiseaux-double-en-bois-flotte-pour-abeilles-et-insectes","status":"publish","type":"product","link":"https:\/\/aromasentia.com\/fr\/boite-a-oiseaux-double-en-bois-flotte-pour-abeilles-et-insectes\/","title":{"rendered":"Bo\u00eete \u00e0 oiseaux double en bois flott\u00e9 pour abeilles et insectes"},"content":{"rendered":"<p>Cr\u00e9ez un sanctuaire plus grand avec cette double bo\u00eete pour abeilles et insectes en bois flott\u00e9. Cet habitat \u00e9largi, construit en bois flott\u00e9 naturel, offre encore plus de coins et de recoins aux insectes utiles comme les abeilles solitaires et les chrysopes. Sa conception en \u00ab\u00a0double bo\u00eete\u00a0\u00bb permet de varier la taille des compartiments et les mat\u00e9riaux afin d&rsquo;attirer un plus grand nombre d&rsquo;insectes utiles dans le jardin. Un moyen magnifique, rustique et \u00e9cologique de stimuler l&rsquo;\u00e9cosyst\u00e8me de votre jardin et de profiter de l&rsquo;observation de la nature de pr\u00e8s, en ajoutant un charme organique.<\/p>\n","protected":false},"excerpt":{"rendered":"<p>Cr\u00e9ez un sanctuaire plus grand avec cette double bo\u00eete pour abeilles et insectes en bois flott\u00e9. Cet habitat \u00e9largi, construit en bois flott\u00e9 naturel, offre encore plus de coins et de recoins aux insectes utiles comme les abeilles solitaires et les chrysopes. Sa conception en \u00ab\u00a0double bo\u00eete\u00a0\u00bb permet de varier la taille des compartiments et [&hellip;]<\/p>\n","protected":false},"featured_media":358623,"comment_status":"closed","ping_status":"open","template":"","meta":{"_angie_page":false},"product_brand":[],"product_cat":[16892,14446],"product_tag":[],"class_list":{"0":"post-230048","1":"product","2":"type-product","3":"status-publish","4":"has-post-thumbnail","6":"product_cat-decoration","7":"product_cat-maison-et-jardin","8":"pa_made-in-indonesie","10":"first","11":"instock","12":"purchasable","13":"product-type-simple"},"supplier_id":null,"supplier_sku":"BBBox-08DS","barcode":null,"atum_controlled":true,"out_stock_date":null,"out_stock_threshold":null,"inheritable":false,"inbound_stock":null,"stock_on_hold":0,"sold_today":0,"sales_last_days":0,"reserved_stock":null,"customer_returns":null,"warehouse_damage":null,"lost_in_post":null,"other_logs":null,"out_stock_days":0,"lost_sales":0,"has_location":null,"update_date":"2026-04-27T06:54:19","atum_locations":[],"atum_stock_status":"instock","restock_status":false,"low_stock_amount":"","sales_update_date":"2026-01-30T01:25:22","calc_backorders":null,"_links":{"self":[{"href":"https:\/\/aromasentia.com\/fr\/wp-json\/wp\/v2\/product\/230048","targetHints":{"allow":["GET"]}}],"collection":[{"href":"https:\/\/aromasentia.com\/fr\/wp-json\/wp\/v2\/product"}],"about":[{"href":"https:\/\/aromasentia.com\/fr\/wp-json\/wp\/v2\/types\/product"}],"replies":[{"embeddable":true,"href":"https:\/\/aromasentia.com\/fr\/wp-json\/wp\/v2\/comments?post=230048"}],"version-history":[{"count":0,"href":"https:\/\/aromasentia.com\/fr\/wp-json\/wp\/v2\/product\/230048\/revisions"}],"wp:featuredmedia":[{"embeddable":true,"href":"https:\/\/aromasentia.com\/fr\/wp-json\/wp\/v2\/media\/358623"}],"wp:attachment":[{"href":"https:\/\/aromasentia.com\/fr\/wp-json\/wp\/v2\/media?parent=230048"}],"wp:term":[{"taxonomy":"product_brand","embeddable":true,"href":"https:\/\/aromasentia.com\/fr\/wp-json\/wp\/v2\/product_brand?post=230048"},{"taxonomy":"product_cat","embeddable":true,"href":"https:\/\/aromasentia.com\/fr\/wp-json\/wp\/v2\/product_cat?post=230048"},{"taxonomy":"product_tag","embeddable":true,"href":"https:\/\/aromasentia.com\/fr\/wp-json\/wp\/v2\/product_tag?post=230048"}],"curies":[{"name":"wp","href":"https:\/\/api.w.org\/{rel}","templated":true}]}}