{"id":230044,"date":"2025-03-22T16:04:38","date_gmt":"2025-03-22T16:04:38","guid":{"rendered":"https:\/\/aromasentia.com\/product\/driftwood-birdbox-on-stand\/"},"modified":"2025-06-23T18:47:21","modified_gmt":"2025-06-23T18:47:21","slug":"boite-a-oiseaux-en-bois-flotte-sur-pied","status":"publish","type":"product","link":"https:\/\/aromasentia.com\/fr\/boite-a-oiseaux-en-bois-flotte-sur-pied\/","title":{"rendered":"Bo\u00eete \u00e0 oiseaux en bois flott\u00e9 &#8211; sur pied"},"content":{"rendered":"<p>Rehaussez le charme de votre jardin avec ce nichoir en bois flott\u00e9 &#8211; sur pied. Ce ravissant nichoir, fabriqu\u00e9 en bois flott\u00e9 naturel, est livr\u00e9 avec son propre support, ce qui permet de le placer de mani\u00e8re polyvalente dans votre jardin, sur votre patio ou sur votre balcon. Il offre un site de nidification unique et rustique pour les petits oiseaux, chaque pi\u00e8ce mettant en valeur la beaut\u00e9 organique du bois us\u00e9 par les intemp\u00e9ries. Ce joli \u00e9l\u00e9ment d\u00e9coratif autoportant favorise la vie sauvage et apporte une touche d&rsquo;art artisanal et naturel \u00e0 votre ext\u00e9rieur.<\/p>\n","protected":false},"excerpt":{"rendered":"<p>Rehaussez le charme de votre jardin avec ce nichoir en bois flott\u00e9 &#8211; sur pied. Ce ravissant nichoir, fabriqu\u00e9 en bois flott\u00e9 naturel, est livr\u00e9 avec son propre support, ce qui permet de le placer de mani\u00e8re polyvalente dans votre jardin, sur votre patio ou sur votre balcon. Il offre un site de nidification unique [&hellip;]<\/p>\n","protected":false},"featured_media":358606,"comment_status":"closed","ping_status":"open","template":"","meta":{"_angie_page":false},"product_brand":[],"product_cat":[16892,14446],"product_tag":[],"class_list":{"0":"post-230044","1":"product","2":"type-product","3":"status-publish","4":"has-post-thumbnail","6":"product_cat-decoration","7":"product_cat-maison-et-jardin","8":"pa_made-in-indonesie","10":"first","11":"instock","12":"purchasable","13":"product-type-simple"},"supplier_id":null,"supplier_sku":"BBBox-07DS","barcode":null,"atum_controlled":true,"out_stock_date":null,"out_stock_threshold":null,"inheritable":false,"inbound_stock":null,"stock_on_hold":0,"sold_today":0,"sales_last_days":0,"reserved_stock":null,"customer_returns":null,"warehouse_damage":null,"lost_in_post":null,"other_logs":null,"out_stock_days":0,"lost_sales":0,"has_location":null,"update_date":"2026-04-27T06:54:19","atum_locations":[],"atum_stock_status":"instock","restock_status":false,"low_stock_amount":"","sales_update_date":"2026-01-30T01:25:22","calc_backorders":null,"_links":{"self":[{"href":"https:\/\/aromasentia.com\/fr\/wp-json\/wp\/v2\/product\/230044","targetHints":{"allow":["GET"]}}],"collection":[{"href":"https:\/\/aromasentia.com\/fr\/wp-json\/wp\/v2\/product"}],"about":[{"href":"https:\/\/aromasentia.com\/fr\/wp-json\/wp\/v2\/types\/product"}],"replies":[{"embeddable":true,"href":"https:\/\/aromasentia.com\/fr\/wp-json\/wp\/v2\/comments?post=230044"}],"version-history":[{"count":0,"href":"https:\/\/aromasentia.com\/fr\/wp-json\/wp\/v2\/product\/230044\/revisions"}],"wp:featuredmedia":[{"embeddable":true,"href":"https:\/\/aromasentia.com\/fr\/wp-json\/wp\/v2\/media\/358606"}],"wp:attachment":[{"href":"https:\/\/aromasentia.com\/fr\/wp-json\/wp\/v2\/media?parent=230044"}],"wp:term":[{"taxonomy":"product_brand","embeddable":true,"href":"https:\/\/aromasentia.com\/fr\/wp-json\/wp\/v2\/product_brand?post=230044"},{"taxonomy":"product_cat","embeddable":true,"href":"https:\/\/aromasentia.com\/fr\/wp-json\/wp\/v2\/product_cat?post=230044"},{"taxonomy":"product_tag","embeddable":true,"href":"https:\/\/aromasentia.com\/fr\/wp-json\/wp\/v2\/product_tag?post=230044"}],"curies":[{"name":"wp","href":"https:\/\/api.w.org\/{rel}","templated":true}]}}