{"id":230040,"date":"2025-03-22T16:04:38","date_gmt":"2025-03-22T16:04:38","guid":{"rendered":"https:\/\/aromasentia.com\/product\/driftwood-birdbox-wallhanging\/"},"modified":"2025-06-23T18:47:21","modified_gmt":"2025-06-23T18:47:21","slug":"boite-a-oiseaux-en-bois-flotte-suspension-murale","status":"publish","type":"product","link":"https:\/\/aromasentia.com\/fr\/boite-a-oiseaux-en-bois-flotte-suspension-murale\/","title":{"rendered":"Bo\u00eete \u00e0 oiseaux en bois flott\u00e9 &#8211; suspension murale"},"content":{"rendered":"<p>Cr\u00e9ez un havre de paix naturel avec ce nichoir mural en bois flott\u00e9. Con\u00e7u pour \u00eatre facilement install\u00e9 sur un mur, une cl\u00f4ture ou un arbre, ce charmant nichoir est fabriqu\u00e9 \u00e0 partir de morceaux uniques de bois flott\u00e9, offrant un abri rustique et accueillant pour les oiseaux. Son esth\u00e9tique naturelle distinctive rehausse n&rsquo;importe quel jardin ou mur ext\u00e9rieur, offrant un lieu de nidification douillet tout en ajoutant une touche d&rsquo;art c\u00f4tier ou forestier. Une fa\u00e7on \u00e9cologique de soutenir les populations locales d&rsquo;oiseaux et d&#8217;embellir vos espaces verticaux.<\/p>\n","protected":false},"excerpt":{"rendered":"<p>Cr\u00e9ez un havre de paix naturel avec ce nichoir mural en bois flott\u00e9. Con\u00e7u pour \u00eatre facilement install\u00e9 sur un mur, une cl\u00f4ture ou un arbre, ce charmant nichoir est fabriqu\u00e9 \u00e0 partir de morceaux uniques de bois flott\u00e9, offrant un abri rustique et accueillant pour les oiseaux. Son esth\u00e9tique naturelle distinctive rehausse n&rsquo;importe quel [&hellip;]<\/p>\n","protected":false},"featured_media":358581,"comment_status":"closed","ping_status":"open","template":"","meta":{"_angie_page":false},"product_brand":[],"product_cat":[16892,14446],"product_tag":[],"class_list":{"0":"post-230040","1":"product","2":"type-product","3":"status-publish","4":"has-post-thumbnail","6":"product_cat-decoration","7":"product_cat-maison-et-jardin","8":"pa_made-in-indonesie","10":"first","11":"instock","12":"purchasable","13":"product-type-simple"},"supplier_id":null,"supplier_sku":"BBBox-06DS","barcode":null,"atum_controlled":true,"out_stock_date":null,"out_stock_threshold":null,"inheritable":false,"inbound_stock":null,"stock_on_hold":0,"sold_today":0,"sales_last_days":0,"reserved_stock":null,"customer_returns":null,"warehouse_damage":null,"lost_in_post":null,"other_logs":null,"out_stock_days":0,"lost_sales":0,"has_location":null,"update_date":"2026-05-04T00:02:50","atum_locations":[],"atum_stock_status":"instock","restock_status":false,"low_stock_amount":"","sales_update_date":"2026-01-30T01:24:56","calc_backorders":null,"_links":{"self":[{"href":"https:\/\/aromasentia.com\/fr\/wp-json\/wp\/v2\/product\/230040","targetHints":{"allow":["GET"]}}],"collection":[{"href":"https:\/\/aromasentia.com\/fr\/wp-json\/wp\/v2\/product"}],"about":[{"href":"https:\/\/aromasentia.com\/fr\/wp-json\/wp\/v2\/types\/product"}],"replies":[{"embeddable":true,"href":"https:\/\/aromasentia.com\/fr\/wp-json\/wp\/v2\/comments?post=230040"}],"version-history":[{"count":0,"href":"https:\/\/aromasentia.com\/fr\/wp-json\/wp\/v2\/product\/230040\/revisions"}],"wp:featuredmedia":[{"embeddable":true,"href":"https:\/\/aromasentia.com\/fr\/wp-json\/wp\/v2\/media\/358581"}],"wp:attachment":[{"href":"https:\/\/aromasentia.com\/fr\/wp-json\/wp\/v2\/media?parent=230040"}],"wp:term":[{"taxonomy":"product_brand","embeddable":true,"href":"https:\/\/aromasentia.com\/fr\/wp-json\/wp\/v2\/product_brand?post=230040"},{"taxonomy":"product_cat","embeddable":true,"href":"https:\/\/aromasentia.com\/fr\/wp-json\/wp\/v2\/product_cat?post=230040"},{"taxonomy":"product_tag","embeddable":true,"href":"https:\/\/aromasentia.com\/fr\/wp-json\/wp\/v2\/product_tag?post=230040"}],"curies":[{"name":"wp","href":"https:\/\/api.w.org\/{rel}","templated":true}]}}