{"id":230036,"date":"2025-03-22T16:04:38","date_gmt":"2025-03-22T16:04:38","guid":{"rendered":"https:\/\/aromasentia.com\/product\/driftwood-bee-insect-box\/"},"modified":"2025-06-23T18:47:20","modified_gmt":"2025-06-23T18:47:20","slug":"boite-a-abeilles-et-a-insectes-en-bois-flotte","status":"publish","type":"product","link":"https:\/\/aromasentia.com\/fr\/boite-a-abeilles-et-a-insectes-en-bois-flotte\/","title":{"rendered":"Bo\u00eete \u00e0 abeilles et \u00e0 insectes en bois flott\u00e9"},"content":{"rendered":"<p>Attirez les insectes utiles dans votre jardin avec cette bo\u00eete \u00e0 abeilles et \u00e0 insectes en bois flott\u00e9. Fabriqu\u00e9e en bois flott\u00e9 naturel, cette bo\u00eete constitue un habitat essentiel pour les abeilles solitaires, les coccinelles et d&rsquo;autres insectes utiles. Ses diff\u00e9rents compartiments et ses mat\u00e9riaux naturels cr\u00e9ent des espaces de nidification et d&rsquo;hibernation s\u00fbrs. Cet ajout magnifique et \u00e9cologique \u00e0 tout jardin favorise la biodiversit\u00e9 locale tout en ajoutant une touche de charme rustique et organique et une activit\u00e9 naturelle fascinante \u00e0 observer.<\/p>\n","protected":false},"excerpt":{"rendered":"<p>Attirez les insectes utiles dans votre jardin avec cette bo\u00eete \u00e0 abeilles et \u00e0 insectes en bois flott\u00e9. Fabriqu\u00e9e en bois flott\u00e9 naturel, cette bo\u00eete constitue un habitat essentiel pour les abeilles solitaires, les coccinelles et d&rsquo;autres insectes utiles. Ses diff\u00e9rents compartiments et ses mat\u00e9riaux naturels cr\u00e9ent des espaces de nidification et d&rsquo;hibernation s\u00fbrs. Cet [&hellip;]<\/p>\n","protected":false},"featured_media":358556,"comment_status":"closed","ping_status":"open","template":"","meta":{"_angie_page":false},"product_brand":[],"product_cat":[16892,14446],"product_tag":[],"class_list":{"0":"post-230036","1":"product","2":"type-product","3":"status-publish","4":"has-post-thumbnail","6":"product_cat-decoration","7":"product_cat-maison-et-jardin","8":"pa_made-in-indonesie","10":"first","11":"instock","12":"purchasable","13":"product-type-simple"},"supplier_id":null,"supplier_sku":"BBBox-05DS","barcode":null,"atum_controlled":true,"out_stock_date":null,"out_stock_threshold":null,"inheritable":false,"inbound_stock":null,"stock_on_hold":0,"sold_today":0,"sales_last_days":0,"reserved_stock":null,"customer_returns":null,"warehouse_damage":null,"lost_in_post":null,"other_logs":null,"out_stock_days":0,"lost_sales":0,"has_location":null,"update_date":"2026-04-27T06:54:19","atum_locations":[],"atum_stock_status":"instock","restock_status":false,"low_stock_amount":"","sales_update_date":"2026-01-30T01:25:37","calc_backorders":null,"_links":{"self":[{"href":"https:\/\/aromasentia.com\/fr\/wp-json\/wp\/v2\/product\/230036","targetHints":{"allow":["GET"]}}],"collection":[{"href":"https:\/\/aromasentia.com\/fr\/wp-json\/wp\/v2\/product"}],"about":[{"href":"https:\/\/aromasentia.com\/fr\/wp-json\/wp\/v2\/types\/product"}],"replies":[{"embeddable":true,"href":"https:\/\/aromasentia.com\/fr\/wp-json\/wp\/v2\/comments?post=230036"}],"version-history":[{"count":0,"href":"https:\/\/aromasentia.com\/fr\/wp-json\/wp\/v2\/product\/230036\/revisions"}],"wp:featuredmedia":[{"embeddable":true,"href":"https:\/\/aromasentia.com\/fr\/wp-json\/wp\/v2\/media\/358556"}],"wp:attachment":[{"href":"https:\/\/aromasentia.com\/fr\/wp-json\/wp\/v2\/media?parent=230036"}],"wp:term":[{"taxonomy":"product_brand","embeddable":true,"href":"https:\/\/aromasentia.com\/fr\/wp-json\/wp\/v2\/product_brand?post=230036"},{"taxonomy":"product_cat","embeddable":true,"href":"https:\/\/aromasentia.com\/fr\/wp-json\/wp\/v2\/product_cat?post=230036"},{"taxonomy":"product_tag","embeddable":true,"href":"https:\/\/aromasentia.com\/fr\/wp-json\/wp\/v2\/product_tag?post=230036"}],"curies":[{"name":"wp","href":"https:\/\/api.w.org\/{rel}","templated":true}]}}