{"id":230028,"date":"2025-03-22T16:04:38","date_gmt":"2025-03-22T16:04:38","guid":{"rendered":"https:\/\/aromasentia.com\/product\/driftwood-birdbox-double\/"},"modified":"2025-06-23T18:47:19","modified_gmt":"2025-06-23T18:47:19","slug":"boite-a-oiseaux-en-bois-flotte-double","status":"publish","type":"product","link":"https:\/\/aromasentia.com\/fr\/boite-a-oiseaux-en-bois-flotte-double\/","title":{"rendered":"Bo\u00eete \u00e0 oiseaux en bois flott\u00e9 &#8211; Double"},"content":{"rendered":"<p>Offrez un abri \u00e0 plus d&rsquo;amis \u00e0 plumes avec ce nichoir en bois flott\u00e9 &#8211; double. Ce nichoir distinctif est construit en bois flott\u00e9 naturel et pr\u00e9sente un design \u00ab\u00a0double\u00a0\u00bb, avec peut-\u00eatre deux compartiments de nidification ou une structure globale plus grande. Il constitue un sanctuaire rustique unique pour les oiseaux du jardin, chaque pi\u00e8ce ayant son propre charme organique. C&rsquo;est une merveilleuse fa\u00e7on d&rsquo;am\u00e9liorer l&rsquo;attrait de votre jardin pour la faune et la flore tout en ajoutant un bel \u00e9l\u00e9ment artisanal de l&rsquo;art c\u00f4tier ou sylvestre.<\/p>\n","protected":false},"excerpt":{"rendered":"<p>Offrez un abri \u00e0 plus d&rsquo;amis \u00e0 plumes avec ce nichoir en bois flott\u00e9 &#8211; double. Ce nichoir distinctif est construit en bois flott\u00e9 naturel et pr\u00e9sente un design \u00ab\u00a0double\u00a0\u00bb, avec peut-\u00eatre deux compartiments de nidification ou une structure globale plus grande. Il constitue un sanctuaire rustique unique pour les oiseaux du jardin, chaque pi\u00e8ce [&hellip;]<\/p>\n","protected":false},"featured_media":358506,"comment_status":"closed","ping_status":"open","template":"","meta":{"_angie_page":false},"product_brand":[],"product_cat":[16892,14446],"product_tag":[],"class_list":{"0":"post-230028","1":"product","2":"type-product","3":"status-publish","4":"has-post-thumbnail","6":"product_cat-decoration","7":"product_cat-maison-et-jardin","8":"pa_made-in-indonesie","10":"first","11":"instock","12":"purchasable","13":"product-type-simple"},"supplier_id":null,"supplier_sku":"BBBox-03DS","barcode":null,"atum_controlled":true,"out_stock_date":null,"out_stock_threshold":null,"inheritable":false,"inbound_stock":null,"stock_on_hold":0,"sold_today":0,"sales_last_days":0,"reserved_stock":null,"customer_returns":null,"warehouse_damage":null,"lost_in_post":null,"other_logs":null,"out_stock_days":0,"lost_sales":0,"has_location":null,"update_date":"2026-04-27T06:54:19","atum_locations":[],"atum_stock_status":"instock","restock_status":false,"low_stock_amount":"","sales_update_date":"2026-01-30T01:26:34","calc_backorders":null,"_links":{"self":[{"href":"https:\/\/aromasentia.com\/fr\/wp-json\/wp\/v2\/product\/230028","targetHints":{"allow":["GET"]}}],"collection":[{"href":"https:\/\/aromasentia.com\/fr\/wp-json\/wp\/v2\/product"}],"about":[{"href":"https:\/\/aromasentia.com\/fr\/wp-json\/wp\/v2\/types\/product"}],"replies":[{"embeddable":true,"href":"https:\/\/aromasentia.com\/fr\/wp-json\/wp\/v2\/comments?post=230028"}],"version-history":[{"count":0,"href":"https:\/\/aromasentia.com\/fr\/wp-json\/wp\/v2\/product\/230028\/revisions"}],"wp:featuredmedia":[{"embeddable":true,"href":"https:\/\/aromasentia.com\/fr\/wp-json\/wp\/v2\/media\/358506"}],"wp:attachment":[{"href":"https:\/\/aromasentia.com\/fr\/wp-json\/wp\/v2\/media?parent=230028"}],"wp:term":[{"taxonomy":"product_brand","embeddable":true,"href":"https:\/\/aromasentia.com\/fr\/wp-json\/wp\/v2\/product_brand?post=230028"},{"taxonomy":"product_cat","embeddable":true,"href":"https:\/\/aromasentia.com\/fr\/wp-json\/wp\/v2\/product_cat?post=230028"},{"taxonomy":"product_tag","embeddable":true,"href":"https:\/\/aromasentia.com\/fr\/wp-json\/wp\/v2\/product_tag?post=230028"}],"curies":[{"name":"wp","href":"https:\/\/api.w.org\/{rel}","templated":true}]}}