{"id":230024,"date":"2025-03-22T16:04:38","date_gmt":"2025-03-22T16:04:38","guid":{"rendered":"https:\/\/aromasentia.com\/product\/driftwood-birdbox-small\/"},"modified":"2025-06-23T18:47:19","modified_gmt":"2025-06-23T18:47:19","slug":"boite-a-oiseaux-en-bois-flotte-petite","status":"publish","type":"product","link":"https:\/\/aromasentia.com\/fr\/boite-a-oiseaux-en-bois-flotte-petite\/","title":{"rendered":"Bo\u00eete \u00e0 oiseaux en bois flott\u00e9 &#8211; petite"},"content":{"rendered":"<p>Offrez un refuge douillet avec ce petit nichoir en bois flott\u00e9. Fabriqu\u00e9 \u00e0 partir de morceaux uniques de bois flott\u00e9 naturel, ce charmant petit nichoir offre un abri rustique et accueillant aux oiseaux du jardin. Chaque nichoir poss\u00e8de son propre caract\u00e8re gr\u00e2ce aux formes organiques du bois flott\u00e9. Il s&rsquo;agit d&rsquo;un ajout magnifique et \u00e9cologique \u00e0 votre jardin, qui permet non seulement de soutenir la faune locale, mais aussi d&rsquo;ajouter une touche de fantaisie, d&rsquo;inspiration c\u00f4ti\u00e8re et de charme naturel \u00e0 votre espace ext\u00e9rieur.<\/p>\n","protected":false},"excerpt":{"rendered":"<p>Offrez un refuge douillet avec ce petit nichoir en bois flott\u00e9. Fabriqu\u00e9 \u00e0 partir de morceaux uniques de bois flott\u00e9 naturel, ce charmant petit nichoir offre un abri rustique et accueillant aux oiseaux du jardin. Chaque nichoir poss\u00e8de son propre caract\u00e8re gr\u00e2ce aux formes organiques du bois flott\u00e9. Il s&rsquo;agit d&rsquo;un ajout magnifique et \u00e9cologique [&hellip;]<\/p>\n","protected":false},"featured_media":358481,"comment_status":"closed","ping_status":"open","template":"","meta":{"_angie_page":false},"product_brand":[],"product_cat":[16892,14446],"product_tag":[],"class_list":{"0":"post-230024","1":"product","2":"type-product","3":"status-publish","4":"has-post-thumbnail","6":"product_cat-decoration","7":"product_cat-maison-et-jardin","8":"pa_made-in-indonesie","10":"first","11":"instock","12":"purchasable","13":"product-type-simple"},"supplier_id":null,"supplier_sku":"BBBox-02DS","barcode":null,"atum_controlled":true,"out_stock_date":null,"out_stock_threshold":null,"inheritable":false,"inbound_stock":null,"stock_on_hold":0,"sold_today":0,"sales_last_days":0,"reserved_stock":null,"customer_returns":null,"warehouse_damage":null,"lost_in_post":null,"other_logs":null,"out_stock_days":0,"lost_sales":0,"has_location":null,"update_date":"2026-04-30T13:08:37","atum_locations":[],"atum_stock_status":"instock","restock_status":false,"low_stock_amount":"","sales_update_date":"2025-10-09T03:25:53","calc_backorders":null,"_links":{"self":[{"href":"https:\/\/aromasentia.com\/fr\/wp-json\/wp\/v2\/product\/230024","targetHints":{"allow":["GET"]}}],"collection":[{"href":"https:\/\/aromasentia.com\/fr\/wp-json\/wp\/v2\/product"}],"about":[{"href":"https:\/\/aromasentia.com\/fr\/wp-json\/wp\/v2\/types\/product"}],"replies":[{"embeddable":true,"href":"https:\/\/aromasentia.com\/fr\/wp-json\/wp\/v2\/comments?post=230024"}],"version-history":[{"count":0,"href":"https:\/\/aromasentia.com\/fr\/wp-json\/wp\/v2\/product\/230024\/revisions"}],"wp:featuredmedia":[{"embeddable":true,"href":"https:\/\/aromasentia.com\/fr\/wp-json\/wp\/v2\/media\/358481"}],"wp:attachment":[{"href":"https:\/\/aromasentia.com\/fr\/wp-json\/wp\/v2\/media?parent=230024"}],"wp:term":[{"taxonomy":"product_brand","embeddable":true,"href":"https:\/\/aromasentia.com\/fr\/wp-json\/wp\/v2\/product_brand?post=230024"},{"taxonomy":"product_cat","embeddable":true,"href":"https:\/\/aromasentia.com\/fr\/wp-json\/wp\/v2\/product_cat?post=230024"},{"taxonomy":"product_tag","embeddable":true,"href":"https:\/\/aromasentia.com\/fr\/wp-json\/wp\/v2\/product_tag?post=230024"}],"curies":[{"name":"wp","href":"https:\/\/api.w.org\/{rel}","templated":true}]}}