{"id":230012,"date":"2025-03-22T16:04:38","date_gmt":"2025-03-22T16:04:38","guid":{"rendered":"https:\/\/aromasentia.com\/product\/bamboo-windchime-natural-finish-6-large-tubes\/"},"modified":"2025-06-23T18:47:18","modified_gmt":"2025-06-23T18:47:18","slug":"carillon-bambou-finition-naturelle-6-grands-tubes","status":"publish","type":"product","link":"https:\/\/aromasentia.com\/fr\/carillon-bambou-finition-naturelle-6-grands-tubes\/","title":{"rendered":"Carillon Bambou &#8211; Finition Naturelle &#8211; 6 Grands Tubes"},"content":{"rendered":"<p>Remplissez votre jardin de riches m\u00e9lodies gr\u00e2ce \u00e0 ce carillon \u00e9olien en bambou &#8211; finition naturelle &#8211; 6 grands tubes. Dot\u00e9 de six tubes en bambou, ce carillon \u00e9olien produit une gamme de sons harmonieux plus compl\u00e8te, plus profonde et plus complexe. La finition naturelle pr\u00e9serve la beaut\u00e9 organique du bambou, ce qui en fait un ajout saisissant et apaisant \u00e0 tout environnement ext\u00e9rieur. Parfait pour cr\u00e9er un paysage sonore serein et immersif, il apporte les sons apaisants de la nature jusqu&rsquo;\u00e0 votre porte avec une r\u00e9sonance impressionnante.<\/p>\n","protected":false},"excerpt":{"rendered":"<p>Remplissez votre jardin de riches m\u00e9lodies gr\u00e2ce \u00e0 ce carillon \u00e9olien en bambou &#8211; finition naturelle &#8211; 6 grands tubes. Dot\u00e9 de six tubes en bambou, ce carillon \u00e9olien produit une gamme de sons harmonieux plus compl\u00e8te, plus profonde et plus complexe. La finition naturelle pr\u00e9serve la beaut\u00e9 organique du bambou, ce qui en fait [&hellip;]<\/p>\n","protected":false},"featured_media":358438,"comment_status":"closed","ping_status":"open","template":"","meta":{"_angie_page":false},"product_brand":[],"product_cat":[17978,14446],"product_tag":[],"class_list":{"0":"post-230012","1":"product","2":"type-product","3":"status-publish","4":"has-post-thumbnail","6":"product_cat-carillons-eoliens-carillon-a-vent","7":"product_cat-maison-et-jardin","8":"pa_collection-bamboo-mountain-wind-chimes-fr","9":"pa_made-in-indonesie","11":"first","12":"instock","13":"purchasable","14":"product-type-simple"},"supplier_id":null,"supplier_sku":"BBamC-09","barcode":null,"atum_controlled":true,"out_stock_date":null,"out_stock_threshold":null,"inheritable":false,"inbound_stock":null,"stock_on_hold":0,"sold_today":0,"sales_last_days":0,"reserved_stock":null,"customer_returns":null,"warehouse_damage":null,"lost_in_post":null,"other_logs":null,"out_stock_days":0,"lost_sales":0,"has_location":null,"update_date":"2026-04-27T19:08:26","atum_locations":[],"atum_stock_status":"instock","restock_status":false,"low_stock_amount":"","sales_update_date":"2026-02-06T00:02:45","calc_backorders":null,"_links":{"self":[{"href":"https:\/\/aromasentia.com\/fr\/wp-json\/wp\/v2\/product\/230012","targetHints":{"allow":["GET"]}}],"collection":[{"href":"https:\/\/aromasentia.com\/fr\/wp-json\/wp\/v2\/product"}],"about":[{"href":"https:\/\/aromasentia.com\/fr\/wp-json\/wp\/v2\/types\/product"}],"replies":[{"embeddable":true,"href":"https:\/\/aromasentia.com\/fr\/wp-json\/wp\/v2\/comments?post=230012"}],"version-history":[{"count":0,"href":"https:\/\/aromasentia.com\/fr\/wp-json\/wp\/v2\/product\/230012\/revisions"}],"wp:featuredmedia":[{"embeddable":true,"href":"https:\/\/aromasentia.com\/fr\/wp-json\/wp\/v2\/media\/358438"}],"wp:attachment":[{"href":"https:\/\/aromasentia.com\/fr\/wp-json\/wp\/v2\/media?parent=230012"}],"wp:term":[{"taxonomy":"product_brand","embeddable":true,"href":"https:\/\/aromasentia.com\/fr\/wp-json\/wp\/v2\/product_brand?post=230012"},{"taxonomy":"product_cat","embeddable":true,"href":"https:\/\/aromasentia.com\/fr\/wp-json\/wp\/v2\/product_cat?post=230012"},{"taxonomy":"product_tag","embeddable":true,"href":"https:\/\/aromasentia.com\/fr\/wp-json\/wp\/v2\/product_tag?post=230012"}],"curies":[{"name":"wp","href":"https:\/\/api.w.org\/{rel}","templated":true}]}}